{"id":1955,"date":"2026-03-20T12:20:43","date_gmt":"2026-03-20T12:20:43","guid":{"rendered":"https:\/\/idealpesca.com\/loja\/produto\/cana-barros-forca-4-boat-3-60-mtr\/"},"modified":"2026-03-20T23:45:54","modified_gmt":"2026-03-20T23:45:54","slug":"cana-barros-forca-4-boat-3-60-mtr","status":"publish","type":"product","link":"https:\/\/idealpesca.com\/loja\/produto\/cana-barros-forca-4-boat-3-60-mtr\/","title":{"rendered":"Cana BARROS FOR\u00c7A 4 BOAT 3.60 MTR"},"content":{"rendered":"<p>Como que um tributo ao nome FOR\u00c7A 4, famoso nas canas de boia da BARROS, e h\u00e1 v\u00e1rios anos prestando provas diariamente na costa atl\u00e2ntica, surge agora uma vers\u00e3o para a pesca embarcada. A robustez e capacidade de levantamento presente no ADN desta gama dota esta vers\u00e3o para a pesca fundeada, de capacidades \u00edmpares. Muito fina, r\u00e1pida na ferragem e com a\u00e7\u00e3o de ponta, a FOR\u00c7A 4 BOAT est\u00e1 totalmente equipada com componentes Fuji e tem capacidade para i\u00e7ar 4Kg, algo invulgar em canas para este tipo de pesca.<\/p>\n<p>FOR\u00c7A 4 BOAT 360<\/p>\n<ul>\n<li>Comprimento: 3.60m<\/li>\n<li>Comprimento fechada: 1.26m<\/li>\n<li>Sec\u00e7\u00f5es: 3+3<\/li>\n<li>Peso: 325g<\/li>\n<li>A\u00e7\u00e3o: M\u00e1ximo 280g (melhor desempenho: 100-200g)<\/li>\n<li>Teste de curva: 4kg<\/li>\n<\/ul>\n<p>\u00a0<\/p>\n<p>\u00a0<\/p>\n<p><span style=\"font-size: large;color: #000000\"><strong>\u00a0<\/strong><\/span><\/p>\n","protected":false},"excerpt":{"rendered":"<p>NOVO MODELO DA BARROS COM GRANDE QUALIDADE<\/p>\n","protected":false},"featured_media":5198,"comment_status":"open","ping_status":"closed","template":"","meta":[],"product_brand":[],"product_cat":[518,88],"product_tag":[],"class_list":{"0":"post-1955","1":"product","2":"type-product","3":"status-publish","4":"has-post-thumbnail","6":"product_cat-010300-pesca-embarcada","7":"product_cat-010301-barros","9":"first","10":"instock","11":"taxable","12":"shipping-taxable","13":"purchasable","14":"product-type-variable"},"_links":{"self":[{"href":"https:\/\/idealpesca.com\/loja\/wp-json\/wp\/v2\/product\/1955","targetHints":{"allow":["GET"]}}],"collection":[{"href":"https:\/\/idealpesca.com\/loja\/wp-json\/wp\/v2\/product"}],"about":[{"href":"https:\/\/idealpesca.com\/loja\/wp-json\/wp\/v2\/types\/product"}],"replies":[{"embeddable":true,"href":"https:\/\/idealpesca.com\/loja\/wp-json\/wp\/v2\/comments?post=1955"}],"wp:featuredmedia":[{"embeddable":true,"href":"https:\/\/idealpesca.com\/loja\/wp-json\/wp\/v2\/media\/5198"}],"wp:attachment":[{"href":"https:\/\/idealpesca.com\/loja\/wp-json\/wp\/v2\/media?parent=1955"}],"wp:term":[{"taxonomy":"product_brand","embeddable":true,"href":"https:\/\/idealpesca.com\/loja\/wp-json\/wp\/v2\/product_brand?post=1955"},{"taxonomy":"product_cat","embeddable":true,"href":"https:\/\/idealpesca.com\/loja\/wp-json\/wp\/v2\/product_cat?post=1955"},{"taxonomy":"product_tag","embeddable":true,"href":"https:\/\/idealpesca.com\/loja\/wp-json\/wp\/v2\/product_tag?post=1955"}],"curies":[{"name":"wp","href":"https:\/\/api.w.org\/{rel}","templated":true}]}}