{"id":1953,"date":"2026-03-20T12:20:42","date_gmt":"2026-03-20T12:20:42","guid":{"rendered":"https:\/\/idealpesca.com\/loja\/produto\/mag-bite-snatch-bite-shrimp-2-5\/"},"modified":"2026-03-20T23:54:57","modified_gmt":"2026-03-20T23:54:57","slug":"mag-bite-snatch-bite-shrimp-2-5","status":"publish","type":"product","link":"https:\/\/idealpesca.com\/loja\/produto\/mag-bite-snatch-bite-shrimp-2-5\/","title":{"rendered":"MAG BITE SNATCH BITE SHRIMP 2.5"},"content":{"rendered":"<p>COMPRIMENTO: 6,35CM.;<\/p>\n<p>QUANTIDADE POR EMBALAGEM: 6 UNIDADES\u00a0<\/p>\n","protected":false},"excerpt":{"rendered":"<p>CAMAR\u00c3O EM VINIL DE ALTA QUALIDADE JAPONESA<\/p>\n<p>PRE\u00c7O S\u00d3 DA EMBALAGEM DOS VINIS<br \/>\nCOMBINA COM CABE\u00c7OTES DAIWA JIG HEAD VENDIDOS \u00c0 PARTE NA CATEGORIA DE CABE\u00c7OTES<\/p>\n","protected":false},"featured_media":5194,"comment_status":"open","ping_status":"closed","template":"","meta":[],"product_brand":[],"product_cat":[53,530],"product_tag":[],"class_list":{"0":"post-1953","1":"product","2":"type-product","3":"status-publish","4":"has-post-thumbnail","6":"product_cat-030400-amostras-vinil","7":"product_cat-030419-mag-bite","9":"first","10":"instock","11":"taxable","12":"shipping-taxable","13":"purchasable","14":"product-type-variable"},"_links":{"self":[{"href":"https:\/\/idealpesca.com\/loja\/wp-json\/wp\/v2\/product\/1953","targetHints":{"allow":["GET"]}}],"collection":[{"href":"https:\/\/idealpesca.com\/loja\/wp-json\/wp\/v2\/product"}],"about":[{"href":"https:\/\/idealpesca.com\/loja\/wp-json\/wp\/v2\/types\/product"}],"replies":[{"embeddable":true,"href":"https:\/\/idealpesca.com\/loja\/wp-json\/wp\/v2\/comments?post=1953"}],"wp:featuredmedia":[{"embeddable":true,"href":"https:\/\/idealpesca.com\/loja\/wp-json\/wp\/v2\/media\/5194"}],"wp:attachment":[{"href":"https:\/\/idealpesca.com\/loja\/wp-json\/wp\/v2\/media?parent=1953"}],"wp:term":[{"taxonomy":"product_brand","embeddable":true,"href":"https:\/\/idealpesca.com\/loja\/wp-json\/wp\/v2\/product_brand?post=1953"},{"taxonomy":"product_cat","embeddable":true,"href":"https:\/\/idealpesca.com\/loja\/wp-json\/wp\/v2\/product_cat?post=1953"},{"taxonomy":"product_tag","embeddable":true,"href":"https:\/\/idealpesca.com\/loja\/wp-json\/wp\/v2\/product_tag?post=1953"}],"curies":[{"name":"wp","href":"https:\/\/api.w.org\/{rel}","templated":true}]}}