{"id":1941,"date":"2026-03-20T12:20:38","date_gmt":"2026-03-20T12:20:38","guid":{"rendered":"https:\/\/idealpesca.com\/loja\/produto\/cana-barros-zero-inchiku-2-00-mtrs\/"},"modified":"2026-03-20T23:45:55","modified_gmt":"2026-03-20T23:45:55","slug":"cana-barros-zero-inchiku-2-00-mtrs","status":"publish","type":"product","link":"https:\/\/idealpesca.com\/loja\/produto\/cana-barros-zero-inchiku-2-00-mtrs\/","title":{"rendered":"Cana BARROS Zero Inchiku 2.00 mtrs"},"content":{"rendered":"<p>\u00a0<\/p>\n<p>Mais uma inova\u00e7\u00e3o ZERO! Mais uma inova\u00e7\u00e3o fruto das experi\u00eancias na pesca! A pesca com inchiku deve ser praticada com carretos de bobine fixa, ou com carretos de bobine m\u00f3vel? Pois! Depende das condi\u00e7\u00f5es climat\u00e9ricas, profundidade, tipo de embarca\u00e7\u00e3o, entre outras. A ZERO INCHIKU, especialmente concebida para pesca com inchikus e slow jigging, tem dois cabos, para que possa ser utilizada com carreto normal, ou com carreto de tambor m\u00f3vel. Imagine-se um dia de pesca, numa pequena embarca\u00e7\u00e3o, onde habitualmente n\u00e3o h\u00e1 espa\u00e7o para os pescadores levarem mais do que uma cana. Imagine-se ainda que se come\u00e7a a pescar com o carreto de tambor, mas, com o aumento do vento, \u00e9 necess\u00e1rio lan\u00e7ar longe para sotavento, o que habitualmente obriga a mudar de cana e de carreto. Ora, com este novo conceito, basta trocar o cabo e rapidamente come\u00e7ar a pescar com o carreto de bobine fixa. Todos os componentes da ZERO INCHIKU s\u00e3o Fuji, como \u00e9 habitual em toda a gama ZERO.<\/p>\n<p><strong>\u00a0<\/strong><\/p>\n<p>ZERO INCHIKU<\/p>\n<ul>\n<li>Comprimento: 2.00m<\/li>\n<li>Comprimento fechada: 1.83m<\/li>\n<li>Sec\u00e7\u00f5es: 1+1<\/li>\n<li>Peso: 210g<\/li>\n<li>A\u00e7\u00e3o: 50-300g<\/li>\n<li>Teste de curva: 15kg<\/li>\n<\/ul>\n<p>\u00a0<\/p>\n<p>\u00a0<\/p>\n<p>\u00a0<\/p>\n<p>\u00a0<\/p>\n<p>\u00a0<\/p>\n<p>\u00a0\u00a0\u00a0<\/p>\n<h3>\u00a0<\/h3>\n<p>\u00a0<\/p>\n<p>\u00a0<\/p>\n<p>\u00a0<\/p>\n<p>\u00a0<\/p>\n<p>\u00a0<\/p>\n<p>\u00a0<\/p>\n<p>\u00a0<\/p>\n<p>\u00a0<\/p>\n<div class=\"youtube_resize\">\u00a0<\/div>\n","protected":false},"excerpt":{"rendered":"<p>ZERO Inchiku 2.00MTR<br \/>\nVERS\u00c3O COM 2 CABOS (COM E SEM GATILHO) PARA PESCAR COM 2 ESTILOS DE CARRETO<\/p>\n<p>    Comprimento: 2.00mt<br \/>\n    Comprimento fechada: 1.45m<br \/>\n    Sec\u00e7\u00f5es: 1+1 (+ 1 cabo)<br \/>\n    Peso: 215-230g<br \/>\n    A\u00e7\u00e3o: M\u00e1ximo 150g (melhor desempenho: 15-65g)<br \/>\n    Teste de curva: 13kg<\/p>\n","protected":false},"featured_media":5181,"comment_status":"open","ping_status":"closed","template":"","meta":[],"product_brand":[],"product_cat":[88,561,558],"product_tag":[],"class_list":{"0":"post-1941","1":"product","2":"type-product","3":"status-publish","4":"has-post-thumbnail","6":"product_cat-010301-barros","7":"product_cat-010600-jigging-e-trolling","8":"product_cat-010601-barros","10":"first","11":"instock","12":"taxable","13":"shipping-taxable","14":"purchasable","15":"product-type-variable"},"_links":{"self":[{"href":"https:\/\/idealpesca.com\/loja\/wp-json\/wp\/v2\/product\/1941","targetHints":{"allow":["GET"]}}],"collection":[{"href":"https:\/\/idealpesca.com\/loja\/wp-json\/wp\/v2\/product"}],"about":[{"href":"https:\/\/idealpesca.com\/loja\/wp-json\/wp\/v2\/types\/product"}],"replies":[{"embeddable":true,"href":"https:\/\/idealpesca.com\/loja\/wp-json\/wp\/v2\/comments?post=1941"}],"wp:featuredmedia":[{"embeddable":true,"href":"https:\/\/idealpesca.com\/loja\/wp-json\/wp\/v2\/media\/5181"}],"wp:attachment":[{"href":"https:\/\/idealpesca.com\/loja\/wp-json\/wp\/v2\/media?parent=1941"}],"wp:term":[{"taxonomy":"product_brand","embeddable":true,"href":"https:\/\/idealpesca.com\/loja\/wp-json\/wp\/v2\/product_brand?post=1941"},{"taxonomy":"product_cat","embeddable":true,"href":"https:\/\/idealpesca.com\/loja\/wp-json\/wp\/v2\/product_cat?post=1941"},{"taxonomy":"product_tag","embeddable":true,"href":"https:\/\/idealpesca.com\/loja\/wp-json\/wp\/v2\/product_tag?post=1941"}],"curies":[{"name":"wp","href":"https:\/\/api.w.org\/{rel}","templated":true}]}}