{"id":19406,"date":"2017-01-04T09:27:04","date_gmt":"2017-01-04T09:27:04","guid":{"rendered":"https:\/\/idealpesca.com\/loja\/produto\/palhaco-harimitsu-ve-22-japao-3-5\/"},"modified":"2026-05-14T17:17:10","modified_gmt":"2026-05-14T16:17:10","slug":"palhaco-harimitsu-ve-22-japao-3-5","status":"publish","type":"product","link":"https:\/\/idealpesca.com\/loja\/produto\/palhaco-harimitsu-ve-22-japao-3-5\/","title":{"rendered":"PALHA\u00c7O HARIMITSU VE-22 JAP\u00c3O 3.5"},"content":{"rendered":"<p><strong>&#8211; PALHA\u00c7O COM 3.5<\/strong><\/p>\n<p><strong>&#8211; 21 GR.<\/strong><\/p>\n<p><strong>&#8211; PALHA\u00c7O JAPON\u00caS MUITO REALISTA, FABRICADO COM OS MELHORES MATERIAIS DISPON\u00cdVEIS<\/strong><\/p>\n","protected":false},"excerpt":{"rendered":"<p>&#8211; PALHA\u00c7O COM 3.5 &#8211; 21 GR. &#8211; PALHA\u00c7O JAPON\u00caS MUITO REALISTA, FABRICADO COM OS MELHORES MATERIAIS DISPON\u00cdVEIS<\/p>\n","protected":false},"featured_media":26685,"comment_status":"open","ping_status":"closed","template":"","meta":[],"product_brand":[],"product_cat":[52,401],"product_tag":[],"class_list":{"0":"post-19406","1":"product","2":"type-product","3":"status-publish","4":"has-post-thumbnail","6":"product_cat-030800-palhacos-toneiras-para-chocos-e-lulas","7":"product_cat-030807-harimitsu","9":"first","10":"instock","11":"taxable","12":"shipping-taxable","13":"purchasable","14":"product-type-variable"},"_links":{"self":[{"href":"https:\/\/idealpesca.com\/loja\/wp-json\/wp\/v2\/product\/19406","targetHints":{"allow":["GET"]}}],"collection":[{"href":"https:\/\/idealpesca.com\/loja\/wp-json\/wp\/v2\/product"}],"about":[{"href":"https:\/\/idealpesca.com\/loja\/wp-json\/wp\/v2\/types\/product"}],"replies":[{"embeddable":true,"href":"https:\/\/idealpesca.com\/loja\/wp-json\/wp\/v2\/comments?post=19406"}],"wp:featuredmedia":[{"embeddable":true,"href":"https:\/\/idealpesca.com\/loja\/wp-json\/wp\/v2\/media\/26685"}],"wp:attachment":[{"href":"https:\/\/idealpesca.com\/loja\/wp-json\/wp\/v2\/media?parent=19406"}],"wp:term":[{"taxonomy":"product_brand","embeddable":true,"href":"https:\/\/idealpesca.com\/loja\/wp-json\/wp\/v2\/product_brand?post=19406"},{"taxonomy":"product_cat","embeddable":true,"href":"https:\/\/idealpesca.com\/loja\/wp-json\/wp\/v2\/product_cat?post=19406"},{"taxonomy":"product_tag","embeddable":true,"href":"https:\/\/idealpesca.com\/loja\/wp-json\/wp\/v2\/product_tag?post=19406"}],"curies":[{"name":"wp","href":"https:\/\/api.w.org\/{rel}","templated":true}]}}