{"id":1920,"date":"2026-03-20T12:20:15","date_gmt":"2026-03-20T12:20:15","guid":{"rendered":"https:\/\/idealpesca.com\/loja\/produto\/carreto-shimano-aero-bb-4000\/"},"modified":"2026-03-20T23:50:54","modified_gmt":"2026-03-20T23:50:54","slug":"carreto-shimano-aero-bb-4000","status":"publish","type":"product","link":"https:\/\/idealpesca.com\/loja\/produto\/carreto-shimano-aero-bb-4000\/","title":{"rendered":"Carreto Shimano AERO BB 4000"},"content":{"rendered":"<p><strong><span style=\"font-size: 18pt\">&#8211; ROLAMENTOS: 3+1<\/span><\/strong><\/p>\n<p><strong><span style=\"font-size: 18pt\">&#8211; RATIO: 4.7:1<\/span><\/strong><\/p>\n<p><strong><span style=\"font-size: 18pt\">&#8211; ENROLAMENTO: 75 CM.\/VOLTA<\/span><\/strong><\/p>\n<p><strong><span style=\"font-size: 18pt\">&#8211; CAPACIDADE DE LINHA: 180 MT. DE 0.30 MM.<\/span><\/strong><\/p>\n<p><strong><span style=\"font-size: 18pt\">&#8211; DRAG: FRONTAL DE 10 KG.<\/span><\/strong><\/p>\n<p><strong><span style=\"font-size: 18pt\">&#8211; PESO: 290 GRAMAS<\/span><\/strong><\/p>\n<p><strong><span style=\"font-size: 18pt\">\u00a0O Aero \u00e9 um excelente carreto na gama m\u00e9dia. Com optimas presta\u00e7\u00f5es quer seja \u00e1 pesca de boia, spinning ou chumbadinha.<br \/>Interior com XT-7 G , completo com Silent Drive.\u00a0<\/span><\/strong><\/p>\n<p>\u00a0<\/p>\n","protected":false},"excerpt":{"rendered":"<p>Manivela com aperto directamente \u00e1 roda de coroa, resistente, feito para durar<\/p>\n","protected":false},"featured_media":5137,"comment_status":"open","ping_status":"closed","template":"","meta":[],"product_brand":[],"product_cat":[45,75],"product_tag":[],"class_list":{"0":"post-1920","1":"product","2":"type-product","3":"status-publish","4":"has-post-thumbnail","6":"product_cat-020200-boia-spinning-eging","7":"product_cat-020208-shimano","9":"first","10":"instock","11":"taxable","12":"shipping-taxable","13":"purchasable","14":"product-type-variable"},"_links":{"self":[{"href":"https:\/\/idealpesca.com\/loja\/wp-json\/wp\/v2\/product\/1920","targetHints":{"allow":["GET"]}}],"collection":[{"href":"https:\/\/idealpesca.com\/loja\/wp-json\/wp\/v2\/product"}],"about":[{"href":"https:\/\/idealpesca.com\/loja\/wp-json\/wp\/v2\/types\/product"}],"replies":[{"embeddable":true,"href":"https:\/\/idealpesca.com\/loja\/wp-json\/wp\/v2\/comments?post=1920"}],"wp:featuredmedia":[{"embeddable":true,"href":"https:\/\/idealpesca.com\/loja\/wp-json\/wp\/v2\/media\/5137"}],"wp:attachment":[{"href":"https:\/\/idealpesca.com\/loja\/wp-json\/wp\/v2\/media?parent=1920"}],"wp:term":[{"taxonomy":"product_brand","embeddable":true,"href":"https:\/\/idealpesca.com\/loja\/wp-json\/wp\/v2\/product_brand?post=1920"},{"taxonomy":"product_cat","embeddable":true,"href":"https:\/\/idealpesca.com\/loja\/wp-json\/wp\/v2\/product_cat?post=1920"},{"taxonomy":"product_tag","embeddable":true,"href":"https:\/\/idealpesca.com\/loja\/wp-json\/wp\/v2\/product_tag?post=1920"}],"curies":[{"name":"wp","href":"https:\/\/api.w.org\/{rel}","templated":true}]}}