{"id":1919,"date":"2026-03-20T12:20:15","date_gmt":"2026-03-20T12:20:15","guid":{"rendered":"https:\/\/idealpesca.com\/loja\/produto\/amostra-bassday-logs-140s\/"},"modified":"2026-03-20T23:38:20","modified_gmt":"2026-03-20T23:38:20","slug":"amostra-bassday-logs-140s","status":"publish","type":"product","link":"https:\/\/idealpesca.com\/loja\/produto\/amostra-bassday-logs-140s\/","title":{"rendered":"Amostra BASSDAY LOGS 140S"},"content":{"rendered":"<p><span style=\"font-size: large;color: #000000\"><strong>\u00a0<\/strong><\/span><\/p>\n<h2>Descri\u00e7\u00e3o Do Produto<\/h2>\n<div>A Bassday 140S \u00e9 uma excelente lan\u00e7adora. Dispon\u00edvel em afundante com TSL sistema exclusivo da Bassday permite atingir longas dist\u00e2ncias de acordo com os testes da marca cerca de 86 metros.<\/div>\n<p>\u00a0<\/p>\n<table class=\"table01\">\n<tr>\n<th>COMPRIMENTO<\/th>\n<td>140mm<\/td>\n<\/tr>\n<tr>\n<th>PESO<\/th>\n<td>31g<\/td>\n<\/tr>\n<tr>\n<th>TIPO<\/th>\n<td>Afundante<\/td>\n<\/tr>\n<tr>\n<th>OUTROS<\/th>\n<td>3XN\u00ba4 FATEIXAS<\/td>\n<\/tr>\n<\/table>\n","protected":false},"excerpt":{"rendered":"<p>Amostra BASSDAY 140 Afundante<\/p>\n","protected":false},"featured_media":5161,"comment_status":"open","ping_status":"closed","template":"","meta":[],"product_brand":[],"product_cat":[49,507],"product_tag":[],"class_list":{"0":"post-1919","1":"product","2":"type-product","3":"status-publish","4":"has-post-thumbnail","6":"product_cat-030100-jerkbait-spinning","7":"product_cat-030119-bass-day","9":"first","10":"instock","11":"taxable","12":"shipping-taxable","13":"purchasable","14":"product-type-variable"},"_links":{"self":[{"href":"https:\/\/idealpesca.com\/loja\/wp-json\/wp\/v2\/product\/1919","targetHints":{"allow":["GET"]}}],"collection":[{"href":"https:\/\/idealpesca.com\/loja\/wp-json\/wp\/v2\/product"}],"about":[{"href":"https:\/\/idealpesca.com\/loja\/wp-json\/wp\/v2\/types\/product"}],"replies":[{"embeddable":true,"href":"https:\/\/idealpesca.com\/loja\/wp-json\/wp\/v2\/comments?post=1919"}],"wp:featuredmedia":[{"embeddable":true,"href":"https:\/\/idealpesca.com\/loja\/wp-json\/wp\/v2\/media\/5161"}],"wp:attachment":[{"href":"https:\/\/idealpesca.com\/loja\/wp-json\/wp\/v2\/media?parent=1919"}],"wp:term":[{"taxonomy":"product_brand","embeddable":true,"href":"https:\/\/idealpesca.com\/loja\/wp-json\/wp\/v2\/product_brand?post=1919"},{"taxonomy":"product_cat","embeddable":true,"href":"https:\/\/idealpesca.com\/loja\/wp-json\/wp\/v2\/product_cat?post=1919"},{"taxonomy":"product_tag","embeddable":true,"href":"https:\/\/idealpesca.com\/loja\/wp-json\/wp\/v2\/product_tag?post=1919"}],"curies":[{"name":"wp","href":"https:\/\/api.w.org\/{rel}","templated":true}]}}