{"id":19147,"date":"2016-09-30T17:09:33","date_gmt":"2016-09-30T16:09:33","guid":{"rendered":"https:\/\/idealpesca.com\/loja\/produto\/linha-elastica-stonfo-magnum\/"},"modified":"2026-05-14T17:17:09","modified_gmt":"2026-05-14T16:17:09","slug":"linha-elastica-stonfo-magnum","status":"publish","type":"product","link":"https:\/\/idealpesca.com\/loja\/produto\/linha-elastica-stonfo-magnum\/","title":{"rendered":"Linha EL\u00c1STICA STONFO MAGNUM"},"content":{"rendered":"<table class=\"product__variant__table\">\n<tbody>\n<tr>\n<td class=\"product__variant__code__title\">Refer\u00eancia<\/td>\n<td class=\"product__variant__feature__title\" style=\"text-align: center\">Descri\u00e7\u00e3o<\/td>\n<td class=\"product__variant__note__title\" style=\"text-align: center\">Notas<\/td>\n<\/tr>\n<tr>\n<td class=\"product__variant__code\">370<\/td>\n<td class=\"product__variant__feature\">MAGNUM BAITS ELASTIC LINE SMALL verde<\/td>\n<td class=\"product__variant__note\">120 metros por embalagem<\/td>\n<\/tr>\n<tr>\n<td class=\"product__variant__code\">371<\/td>\n<td class=\"product__variant__feature\">MAGNUM BAITS ELASTIC LINE MEDIUM laranja<\/td>\n<td class=\"product__variant__note\">60 metros por embalagem<\/td>\n<\/tr>\n<tr>\n<td class=\"product__variant__code\">372<\/td>\n<td class=\"product__variant__feature\">MAGNUM BAITS ELASTIC LINE BIG amarela<\/td>\n<td class=\"product__variant__note\">30 metros por embalagem<\/td>\n<\/tr>\n<\/tbody>\n<\/table>\n","protected":false},"excerpt":{"rendered":"<p>Linha el\u00e1stica para isco, transparente e muito fina, excelente para prender at\u00e9 ao mais delicado isco no anzol. Fornecido numa bobine especial de prote\u00e7\u00e3o contra a luz e sujidade.<br \/>\nDispon\u00edvel em 3 tamanhos<\/p>\n","protected":false},"featured_media":26606,"comment_status":"open","ping_status":"closed","template":"","meta":[],"product_brand":[],"product_cat":[204],"product_tag":[],"class_list":{"0":"post-19147","1":"product","2":"type-product","3":"status-publish","4":"has-post-thumbnail","6":"product_cat-080107-linha-elastica-para-isco","8":"first","9":"instock","10":"taxable","11":"shipping-taxable","12":"purchasable","13":"product-type-variable"},"_links":{"self":[{"href":"https:\/\/idealpesca.com\/loja\/wp-json\/wp\/v2\/product\/19147","targetHints":{"allow":["GET"]}}],"collection":[{"href":"https:\/\/idealpesca.com\/loja\/wp-json\/wp\/v2\/product"}],"about":[{"href":"https:\/\/idealpesca.com\/loja\/wp-json\/wp\/v2\/types\/product"}],"replies":[{"embeddable":true,"href":"https:\/\/idealpesca.com\/loja\/wp-json\/wp\/v2\/comments?post=19147"}],"wp:featuredmedia":[{"embeddable":true,"href":"https:\/\/idealpesca.com\/loja\/wp-json\/wp\/v2\/media\/26606"}],"wp:attachment":[{"href":"https:\/\/idealpesca.com\/loja\/wp-json\/wp\/v2\/media?parent=19147"}],"wp:term":[{"taxonomy":"product_brand","embeddable":true,"href":"https:\/\/idealpesca.com\/loja\/wp-json\/wp\/v2\/product_brand?post=19147"},{"taxonomy":"product_cat","embeddable":true,"href":"https:\/\/idealpesca.com\/loja\/wp-json\/wp\/v2\/product_cat?post=19147"},{"taxonomy":"product_tag","embeddable":true,"href":"https:\/\/idealpesca.com\/loja\/wp-json\/wp\/v2\/product_tag?post=19147"}],"curies":[{"name":"wp","href":"https:\/\/api.w.org\/{rel}","templated":true}]}}