{"id":1913,"date":"2026-03-20T12:20:13","date_gmt":"2026-03-20T12:20:13","guid":{"rendered":"https:\/\/idealpesca.com\/loja\/produto\/vinil-storm-360gt-biscay-minnow-deep-106-gr-18cm\/"},"modified":"2026-03-20T23:58:44","modified_gmt":"2026-03-20T23:58:44","slug":"vinil-storm-360gt-biscay-minnow-deep-106-gr-18cm","status":"publish","type":"product","link":"https:\/\/idealpesca.com\/loja\/produto\/vinil-storm-360gt-biscay-minnow-deep-106-gr-18cm\/","title":{"rendered":"Vinil STORM 360GT Biscay Minnow DEEP 106 GR. 18cm."},"content":{"rendered":"<div class=\"block-title\">\n<h2>CARACTERISTICAS<\/h2>\n<p>Projetados para pesca r\u00e1pida e de longa dist\u00e2ncia, o Biscay Deep Minnow e o Biscay Coast Minnow t\u00eam um corpo fino e flex\u00edvel montado em uma cabe\u00e7a de gabarito perfilada. Um ponto de fixa\u00e7\u00e3o sob a cabe\u00e7a permite adicionar um gancho auxiliar ou uma raquete. Essas iscas macias pr\u00e9-equipadas permitem que voc\u00ea lance mais longe \u2013 mesmo em condi\u00e7\u00f5es de vento \u2013 e pesque mais r\u00e1pido em \u00e1guas agitadas, ideal quando uma apresenta\u00e7\u00e3o agressiva \u00e9 necess\u00e1ria. O caudal produz vibra\u00e7\u00f5es mais reais que a vida, mesmo em baixas velocidades. Cada Biscay Minnow \u00e9 uma obra-prima visual e a cor dos corpos combina perfeitamente com suas cabe\u00e7as.<\/p>\n<p>Gancho VMC\u00ae Coastal Black\u00ae com efeito quilha.<\/p>\n<\/div>\n<div class=\"view view-table product-specifications\">\n<p>\u00a0<\/p>\n<\/div>\n<table class=\"views-table specification-table\">\n<tr>\n<th>Modelo<\/th>\n<th>Comprimento corpo<\/th>\n<th>Peso cabe\u00e7ote<\/th>\n<th>Anzol<\/th>\n<\/tr>\n<tr>\n<td>Bdm18h<\/td>\n<td>18 cm<\/td>\n<td>106 g<\/td>\n<td>5\/0<\/td>\n<\/tr>\n<\/table>\n","protected":false},"excerpt":{"rendered":"<p>v\u00e1rias cores dispon\u00edveis<br \/>\n106 gr. de cabe\u00e7ote com anzol fixo montado e 1 vinil extra<br \/>\nEmbalagem com 2 vinis de 18 cm.  com 1 montado<\/p>\n","protected":false},"featured_media":5155,"comment_status":"open","ping_status":"closed","template":"","meta":[],"product_brand":[],"product_cat":[53,131,43,517],"product_tag":[],"class_list":{"0":"post-1913","1":"product","2":"type-product","3":"status-publish","4":"has-post-thumbnail","6":"product_cat-030400-amostras-vinil","7":"product_cat-030415-storm","8":"product_cat-310000-novidades-gerais","9":"product_cat-ideal-pesca","11":"first","12":"instock","13":"taxable","14":"shipping-taxable","15":"purchasable","16":"product-type-variable"},"_links":{"self":[{"href":"https:\/\/idealpesca.com\/loja\/wp-json\/wp\/v2\/product\/1913","targetHints":{"allow":["GET"]}}],"collection":[{"href":"https:\/\/idealpesca.com\/loja\/wp-json\/wp\/v2\/product"}],"about":[{"href":"https:\/\/idealpesca.com\/loja\/wp-json\/wp\/v2\/types\/product"}],"replies":[{"embeddable":true,"href":"https:\/\/idealpesca.com\/loja\/wp-json\/wp\/v2\/comments?post=1913"}],"wp:featuredmedia":[{"embeddable":true,"href":"https:\/\/idealpesca.com\/loja\/wp-json\/wp\/v2\/media\/5155"}],"wp:attachment":[{"href":"https:\/\/idealpesca.com\/loja\/wp-json\/wp\/v2\/media?parent=1913"}],"wp:term":[{"taxonomy":"product_brand","embeddable":true,"href":"https:\/\/idealpesca.com\/loja\/wp-json\/wp\/v2\/product_brand?post=1913"},{"taxonomy":"product_cat","embeddable":true,"href":"https:\/\/idealpesca.com\/loja\/wp-json\/wp\/v2\/product_cat?post=1913"},{"taxonomy":"product_tag","embeddable":true,"href":"https:\/\/idealpesca.com\/loja\/wp-json\/wp\/v2\/product_tag?post=1913"}],"curies":[{"name":"wp","href":"https:\/\/api.w.org\/{rel}","templated":true}]}}