{"id":19000,"date":"2016-07-27T10:53:08","date_gmt":"2016-07-27T09:53:08","guid":{"rendered":"https:\/\/idealpesca.com\/loja\/produto\/linha-cinnetic-sky-line-150-mt-tranparente\/"},"modified":"2026-05-14T17:17:09","modified_gmt":"2026-05-14T16:17:09","slug":"linha-cinnetic-sky-line-150-mt-tranparente","status":"publish","type":"product","link":"https:\/\/idealpesca.com\/loja\/produto\/linha-cinnetic-sky-line-150-mt-tranparente\/","title":{"rendered":"Linha CINNETIC SKY LINE 150 MT. tranparente"},"content":{"rendered":"<p><span style=\"font-size: large;color: #000000\"><strong>&#8211; BOBINES DE 150 METROS<\/strong><\/span><\/p>\n<p><span style=\"font-size: large;color: #000000\"><strong>&#8211; ELEVADA RESIST\u00caNCIA AO N\u00d3 E ABRAS\u00c3O<\/strong><\/span><\/p>\n<p><span style=\"font-size: large;color: #000000\"><strong>&#8211; IDEAL PARA MONTAGENS E ESTRALHOS<\/strong><\/span><\/p>\n","protected":false},"excerpt":{"rendered":"<p>&#8211; BOBINES DE 150 METROS &#8211; ELEVADA RESIST\u00caNCIA AO N\u00d3 E ABRAS\u00c3O &#8211; IDEAL PARA MONTAGENS E ESTRALHOS<\/p>\n","protected":false},"featured_media":26555,"comment_status":"open","ping_status":"closed","template":"","meta":[],"product_brand":[],"product_cat":[298,308],"product_tag":[],"class_list":{"0":"post-19000","1":"product","2":"type-product","3":"status-publish","4":"has-post-thumbnail","6":"product_cat-060100-monofilamento-nylon-50-a-150-metros","7":"product_cat-060103-cinnetic","9":"first","10":"instock","11":"taxable","12":"shipping-taxable","13":"purchasable","14":"product-type-variable"},"_links":{"self":[{"href":"https:\/\/idealpesca.com\/loja\/wp-json\/wp\/v2\/product\/19000","targetHints":{"allow":["GET"]}}],"collection":[{"href":"https:\/\/idealpesca.com\/loja\/wp-json\/wp\/v2\/product"}],"about":[{"href":"https:\/\/idealpesca.com\/loja\/wp-json\/wp\/v2\/types\/product"}],"replies":[{"embeddable":true,"href":"https:\/\/idealpesca.com\/loja\/wp-json\/wp\/v2\/comments?post=19000"}],"wp:featuredmedia":[{"embeddable":true,"href":"https:\/\/idealpesca.com\/loja\/wp-json\/wp\/v2\/media\/26555"}],"wp:attachment":[{"href":"https:\/\/idealpesca.com\/loja\/wp-json\/wp\/v2\/media?parent=19000"}],"wp:term":[{"taxonomy":"product_brand","embeddable":true,"href":"https:\/\/idealpesca.com\/loja\/wp-json\/wp\/v2\/product_brand?post=19000"},{"taxonomy":"product_cat","embeddable":true,"href":"https:\/\/idealpesca.com\/loja\/wp-json\/wp\/v2\/product_cat?post=19000"},{"taxonomy":"product_tag","embeddable":true,"href":"https:\/\/idealpesca.com\/loja\/wp-json\/wp\/v2\/product_tag?post=19000"}],"curies":[{"name":"wp","href":"https:\/\/api.w.org\/{rel}","templated":true}]}}