{"id":1900,"date":"2026-03-20T12:20:08","date_gmt":"2026-03-20T12:20:08","guid":{"rendered":"https:\/\/idealpesca.com\/loja\/produto\/carreto-shimano-aero-bb-c3000\/"},"modified":"2026-03-20T23:50:54","modified_gmt":"2026-03-20T23:50:54","slug":"carreto-shimano-aero-bb-c3000","status":"publish","type":"product","link":"https:\/\/idealpesca.com\/loja\/produto\/carreto-shimano-aero-bb-c3000\/","title":{"rendered":"Carreto Shimano AERO BB c3000"},"content":{"rendered":"<p><strong><span style=\"font-size: 18pt\">&#8211; ROLAMENTOS: 3+1<\/span><\/strong><\/p>\n<p><strong><span style=\"font-size: 18pt\">&#8211; RATIO: 5.0:1<\/span><\/strong><\/p>\n<p><strong><span style=\"font-size: 18pt\">&#8211; ENROLAMENTO: 73 CM.\/VOLTA<\/span><\/strong><\/p>\n<p><strong><span style=\"font-size: 18pt\">&#8211; CAPACIDADE DE LINHA: 130 MT. DE 0.30 MM.<\/span><\/strong><\/p>\n<p><strong><span style=\"font-size: 18pt\">&#8211; DRAG: FRONTAL DE 8.5 KG.<\/span><\/strong><\/p>\n<p><strong><span style=\"font-size: 18pt\">&#8211; PESO: 240 GRAMAS<\/span><\/strong><\/p>\n<p><strong><span style=\"font-size: 18pt\">\u00a0O Aero \u00e9 um excelente carreto na gama m\u00e9dia. Com optimas presta\u00e7\u00f5es quer seja \u00e1 pesca de boia, spinning ou chumbadinha.<br \/>Interior com XT-7 G , completo com Silent Drive.\u00a0<\/span><\/strong><\/p>\n<p>\u00a0<\/p>\n","protected":false},"excerpt":{"rendered":"<p>Com 2 bobines em aluminio e manivela com aperto directamente \u00e1 roda de coroa<\/p>\n","protected":false},"featured_media":5137,"comment_status":"open","ping_status":"closed","template":"","meta":[],"product_brand":[],"product_cat":[45,75],"product_tag":[],"class_list":{"0":"post-1900","1":"product","2":"type-product","3":"status-publish","4":"has-post-thumbnail","6":"product_cat-020200-boia-spinning-eging","7":"product_cat-020208-shimano","9":"first","10":"instock","11":"taxable","12":"shipping-taxable","13":"purchasable","14":"product-type-variable"},"_links":{"self":[{"href":"https:\/\/idealpesca.com\/loja\/wp-json\/wp\/v2\/product\/1900","targetHints":{"allow":["GET"]}}],"collection":[{"href":"https:\/\/idealpesca.com\/loja\/wp-json\/wp\/v2\/product"}],"about":[{"href":"https:\/\/idealpesca.com\/loja\/wp-json\/wp\/v2\/types\/product"}],"replies":[{"embeddable":true,"href":"https:\/\/idealpesca.com\/loja\/wp-json\/wp\/v2\/comments?post=1900"}],"wp:featuredmedia":[{"embeddable":true,"href":"https:\/\/idealpesca.com\/loja\/wp-json\/wp\/v2\/media\/5137"}],"wp:attachment":[{"href":"https:\/\/idealpesca.com\/loja\/wp-json\/wp\/v2\/media?parent=1900"}],"wp:term":[{"taxonomy":"product_brand","embeddable":true,"href":"https:\/\/idealpesca.com\/loja\/wp-json\/wp\/v2\/product_brand?post=1900"},{"taxonomy":"product_cat","embeddable":true,"href":"https:\/\/idealpesca.com\/loja\/wp-json\/wp\/v2\/product_cat?post=1900"},{"taxonomy":"product_tag","embeddable":true,"href":"https:\/\/idealpesca.com\/loja\/wp-json\/wp\/v2\/product_tag?post=1900"}],"curies":[{"name":"wp","href":"https:\/\/api.w.org\/{rel}","templated":true}]}}