{"id":18819,"date":"2015-12-11T10:48:42","date_gmt":"2015-12-11T10:48:42","guid":{"rendered":"https:\/\/idealpesca.com\/loja\/produto\/cinnetic-explorer-inshore-jigging-1-80-mt\/"},"modified":"2026-05-13T21:19:36","modified_gmt":"2026-05-13T20:19:36","slug":"cinnetic-explorer-inshore-jigging-1-80-mt","status":"publish","type":"product","link":"https:\/\/idealpesca.com\/loja\/produto\/cinnetic-explorer-inshore-jigging-1-80-mt\/","title":{"rendered":"CINNETIC EXPLORER INSHORE JIGGING 1.80 MT."},"content":{"rendered":"<p><span style=\"font-size: large;color: #000000\"><strong>TAMANHO: 1.80 MT.<\/strong><\/span><\/p>\n<p><span style=\"font-size: large;color: #000000\"><strong>AC\u00c7\u00c3O: 30-100 GRAMAS ( PESO M\u00c1X. VERTICAL 65 GRAMAS, PESO M\u00c1X. DE LAN\u00c7AMENTO 23 GRAMAS)<\/strong><\/span><\/p>\n<p><span style=\"font-size: large;color: #000000\"><strong>PASSADORES: SIC<\/strong><\/span><\/p>\n<p><span style=\"font-size: large;color: #000000\"><strong>PORTA-CARRETOS: TUBULAR DPS<\/strong><\/span><\/p>\n<p><span style=\"font-size: large;color: #000000\"><strong>MATERIAL: CARBONO DE 24 TONS<\/strong><\/span><\/p>\n<p><span style=\"font-size: large;color: #000000\"><strong>PESO: 170 GRAMAS<\/strong><\/span><\/p>\n<p>\u00a0<\/p>\n<p><span style=\"font-size: large;color: #000000\"><strong>OBSERVA\u00c7\u00d5ES: A PENSAR NO PESCADOR QUE QUER M\u00c1XIMA SENSIBILIDADE A BAIXO PRE\u00c7O A INSHORE JIGGING FOI CRIADA PARA PERMITIR A QUE QUALQUER PESCADOR SE POSSA INICIAR NA PESCA COM AMOSTRAS DEVIDO AO SEU REDUZIDO PRE\u00c7O.<\/strong><\/span><\/p>\n","protected":false},"excerpt":{"rendered":"<p>TAMANHO: 1.80 MT. AC\u00c7\u00c3O: 30-100 GRAMAS ( PESO M\u00c1X. VERTICAL 65 GRAMAS, PESO M\u00c1X. DE LAN\u00c7AMENTO 23 GRAMAS) PASSADORES: SIC PORTA-CARRETOS: TUBULAR DPS MATERIAL: CARBONO DE 24 TONS PESO: 170 GRAMAS \u00a0 OBSERVA\u00c7\u00d5ES: A PENSAR NO PESCADOR QUE QUER M\u00c1XIMA SENSIBILIDADE A BAIXO PRE\u00c7O A INSHORE JIGGING FOI CRIADA PARA PERMITIR A QUE QUALQUER PESCADOR [&hellip;]<\/p>\n","protected":false},"featured_media":26497,"comment_status":"open","ping_status":"closed","template":"","meta":[],"product_brand":[],"product_cat":[561,563],"product_tag":[],"class_list":{"0":"post-18819","1":"product","2":"type-product","3":"status-publish","4":"has-post-thumbnail","6":"product_cat-010600-jigging-e-trolling","7":"product_cat-010602-cinnetic","9":"first","10":"instock","11":"taxable","12":"shipping-taxable","13":"purchasable","14":"product-type-simple"},"_links":{"self":[{"href":"https:\/\/idealpesca.com\/loja\/wp-json\/wp\/v2\/product\/18819","targetHints":{"allow":["GET"]}}],"collection":[{"href":"https:\/\/idealpesca.com\/loja\/wp-json\/wp\/v2\/product"}],"about":[{"href":"https:\/\/idealpesca.com\/loja\/wp-json\/wp\/v2\/types\/product"}],"replies":[{"embeddable":true,"href":"https:\/\/idealpesca.com\/loja\/wp-json\/wp\/v2\/comments?post=18819"}],"wp:featuredmedia":[{"embeddable":true,"href":"https:\/\/idealpesca.com\/loja\/wp-json\/wp\/v2\/media\/26497"}],"wp:attachment":[{"href":"https:\/\/idealpesca.com\/loja\/wp-json\/wp\/v2\/media?parent=18819"}],"wp:term":[{"taxonomy":"product_brand","embeddable":true,"href":"https:\/\/idealpesca.com\/loja\/wp-json\/wp\/v2\/product_brand?post=18819"},{"taxonomy":"product_cat","embeddable":true,"href":"https:\/\/idealpesca.com\/loja\/wp-json\/wp\/v2\/product_cat?post=18819"},{"taxonomy":"product_tag","embeddable":true,"href":"https:\/\/idealpesca.com\/loja\/wp-json\/wp\/v2\/product_tag?post=18819"}],"curies":[{"name":"wp","href":"https:\/\/api.w.org\/{rel}","templated":true}]}}