{"id":18781,"date":"2015-11-03T10:25:19","date_gmt":"2015-11-03T10:25:19","guid":{"rendered":"https:\/\/idealpesca.com\/loja\/produto\/linha-daiwa-j-braid-x8-dark-green-150-metros\/"},"modified":"2026-05-14T17:17:08","modified_gmt":"2026-05-14T16:17:08","slug":"linha-daiwa-j-braid-x8-dark-green-150-metros","status":"publish","type":"product","link":"https:\/\/idealpesca.com\/loja\/produto\/linha-daiwa-j-braid-x8-dark-green-150-metros\/","title":{"rendered":"Linha Daiwa J-BRAID x8 DARK GREEN 150 METROS"},"content":{"rendered":"<div class=\"product-desc\">\n<p>Concebido e fabricado no Jap\u00e3o, o multifilamento entran\u00e7ado J-Braid x8 possui uma suavidade e um deslizar assinal\u00e1veis. Gra\u00e7as \u00e0 sua constru\u00e7\u00e3o refor\u00e7ada e \u00e0 sua estrutura de 8 fios, o J-BRAID tem uma excelente resist\u00eancia aos n\u00f3s e \u00e0 abras\u00e3o. Mais, o seu perfil redondo assegura uma fraca resist\u00eancia ao vento para melhores lan\u00e7amentos e fraca resist\u00eancia \u00e0 corrente para mais sensibilidade em a\u00e7\u00e3o de pesca. A sua rela\u00e7\u00e3o qualidade\/pre\u00e7o \u00e9 incr\u00edvel!<\/p>\n<p>A cor chartreuse \u00e9 perfeita para \u00e1guas escuras ou pescas delicadas que requerem um controlo visual da linha: vertical, iscos, rockfishing.<\/p>\n<p>A cor verde \u00e9 a &#8220;passe-partout&#8221; \u00bb com uma vasta gama de di\u00e2metros o que torna este produto incontorn\u00e1vel.<\/p>\n<p>O entran\u00e7ado multicor \u00e9 ideal para a pesca com amostras no mar e, especialmente, para o jig e o &#8220;bay jigging&#8221;. Mudan\u00e7a de cor todos os 10 m.<\/p>\n<p>Dispon\u00edvel do 0,06 ao 0,56mm em bobinas de 150 a 3000 m.<\/p>\n<table class=\"table bordered js-pswp-gallery\">\n<thead>\n<tr>\n<th>Di\u00e2metro (mm)<\/th>\n<th>PE<\/th>\n<th>Resist\u00eancia<\/th>\n<th>Resist\u00eancia<\/th>\n<th>150 m<br \/>Verde<\/th>\n<\/tr>\n<\/thead>\n<tbody>\n<tr>\n<td>16\/100<\/td>\n<td>#1,2<\/td>\n<td>9 kg<\/td>\n<td>20 lb<\/td>\n<td>12751016<\/td>\n<\/tr>\n<tr>\n<td>18\/100<\/td>\n<td>#1,5<\/td>\n<td>12 kg<\/td>\n<td>26,5 lb<\/td>\n<td>12751018<\/td>\n<\/tr>\n<tr>\n<td>20\/100<\/td>\n<td>#2<\/td>\n<td>13 kg<\/td>\n<td>29 lb<\/td>\n<td>12751020<\/td>\n<\/tr>\n<tr>\n<td>22\/100<\/td>\n<td>#2,5<\/td>\n<td>17 kg<\/td>\n<td>37,5 lb<\/td>\n<td>12751022<\/td>\n<\/tr>\n<tr>\n<td>24\/100<\/td>\n<td>#3<\/td>\n<td>18 kg<\/td>\n<td>40 lb<\/td>\n<td>12751024<\/td>\n<\/tr>\n<tr>\n<td>28\/100<\/td>\n<td>#4<\/td>\n<td>26,5 kg<\/td>\n<td>58 lb<\/td>\n<td>12751028<\/td>\n<\/tr>\n<tr>\n<td>35\/100<\/td>\n<td>#6<\/td>\n<td>36 kg<\/td>\n<td>79 lb<\/td>\n<td>12751035<\/td>\n<\/tr>\n<tr>\n<td>42\/100<\/td>\n<td>#8<\/td>\n<td>46,5 kg<\/td>\n<td>103 lb<\/td>\n<td>\u00a0<\/td>\n<\/tr>\n<tr>\n<td>51\/100<\/td>\n<td>#10<\/td>\n<td>56 kg<\/td>\n<td>123 lb<\/td>\n<td>\u00a0<\/td>\n<\/tr>\n<\/tbody>\n<\/table>\n<p>\u00a0<\/p>\n<\/div>\n","protected":false},"excerpt":{"rendered":"<p>Concebido e fabricado no Jap\u00e3o, o multifilamento entran\u00e7ado J-Braid x8 possui uma suavidade e um deslizar assinal\u00e1veis. Gra\u00e7as \u00e0 sua constru\u00e7\u00e3o refor\u00e7ada e \u00e0 sua estrutura de 8 fios, o J-BRAID tem uma excelente resist\u00eancia aos n\u00f3s e \u00e0 abras\u00e3o. Mais, o seu perfil redondo assegura uma fraca resist\u00eancia ao vento para melhores lan\u00e7amentos e [&hellip;]<\/p>\n","protected":false},"featured_media":26482,"comment_status":"open","ping_status":"closed","template":"","meta":[],"product_brand":[],"product_cat":[300,343],"product_tag":[],"class_list":{"0":"post-18781","1":"product","2":"type-product","3":"status-publish","4":"has-post-thumbnail","6":"product_cat-061000-multifilamento-100-a-150-mt","7":"product_cat-061002-daiwa","9":"first","10":"instock","11":"taxable","12":"shipping-taxable","13":"purchasable","14":"product-type-variable"},"_links":{"self":[{"href":"https:\/\/idealpesca.com\/loja\/wp-json\/wp\/v2\/product\/18781","targetHints":{"allow":["GET"]}}],"collection":[{"href":"https:\/\/idealpesca.com\/loja\/wp-json\/wp\/v2\/product"}],"about":[{"href":"https:\/\/idealpesca.com\/loja\/wp-json\/wp\/v2\/types\/product"}],"replies":[{"embeddable":true,"href":"https:\/\/idealpesca.com\/loja\/wp-json\/wp\/v2\/comments?post=18781"}],"wp:featuredmedia":[{"embeddable":true,"href":"https:\/\/idealpesca.com\/loja\/wp-json\/wp\/v2\/media\/26482"}],"wp:attachment":[{"href":"https:\/\/idealpesca.com\/loja\/wp-json\/wp\/v2\/media?parent=18781"}],"wp:term":[{"taxonomy":"product_brand","embeddable":true,"href":"https:\/\/idealpesca.com\/loja\/wp-json\/wp\/v2\/product_brand?post=18781"},{"taxonomy":"product_cat","embeddable":true,"href":"https:\/\/idealpesca.com\/loja\/wp-json\/wp\/v2\/product_cat?post=18781"},{"taxonomy":"product_tag","embeddable":true,"href":"https:\/\/idealpesca.com\/loja\/wp-json\/wp\/v2\/product_tag?post=18781"}],"curies":[{"name":"wp","href":"https:\/\/api.w.org\/{rel}","templated":true}]}}