{"id":1873,"date":"2026-03-20T12:19:57","date_gmt":"2026-03-20T12:19:57","guid":{"rendered":"https:\/\/idealpesca.com\/loja\/produto\/cana-daiwa-emeraldas-v-b72hs-tip-run\/"},"modified":"2026-03-20T23:46:46","modified_gmt":"2026-03-20T23:46:46","slug":"cana-daiwa-emeraldas-v-b72hs-tip-run","status":"publish","type":"product","link":"https:\/\/idealpesca.com\/loja\/produto\/cana-daiwa-emeraldas-v-b72hs-tip-run\/","title":{"rendered":"Cana DAIWA EMERALDAS V B72HS TIP RUN"},"content":{"rendered":"<table class=\"table bordered js-pswp-gallery\">\n<tr>\n<th>Refer\u00eancia<\/th>\n<th>Comprimento<\/th>\n<th>Elements<\/th>\n<th>Desmontadas<\/th>\n<th>Peso<\/th>\n<th>Passadores<\/th>\n<th>Pot\u00eancia<\/th>\n<td>\u00a0<\/td>\n<\/tr>\n<tr>\n<td>EMVB72HSAF<\/td>\n<td>\u00a0\u00a0\u00a0\u00a0\u00a0\u00a0\u00a0 2,18m<\/td>\n<td>2<\/td>\n<td>114cm<\/td>\n<td>94gr<\/td>\n<td>9<\/td>\n<td>\u00a050 grs<\/td>\n<td>\u00a0<\/td>\n<\/tr>\n<\/table>\n<p>A gama Emeraldas V prop\u00f5e canas de alta tecnologia para a pesca eging (lulas e chocos). Com um leque de pot\u00eancias de 5 a 50g, encontrar\u00e1 um modelo adaptado \u00e0 sua pesca e \u00e0s suas toneiras preferidas. Beneficiando de um carbono HVF (High Volume Fiber) associado \u00e0 tecnologia Nanoplus e montado em x45, as Emeraldas V disp\u00f5em de uma grande sensibilidade enquanto preservam a pot\u00eancia no elemento base. O refor\u00e7o de carbono aplicado ao longo da cana permite n\u00e3o apenas fortalece a cana, mas tamb\u00e9m a torna mais est\u00e9tica. O porta-carreto Daiwa tamb\u00e9m foi finamente trabalhado para uma melhor ader\u00eancia \u00e0 m\u00e3o, mas tamb\u00e9m para lembrar a mudan\u00e7a de cor das lulas. A refer\u00eancia EMVB72HSAF disp\u00f5e de uma ponteira maci\u00e7a, oferecendo ainda mais flexibilidade e sensibilidade de ponta. Por fim, a cana usa as cores da gama Emeraldas: notas de azul e violeta e o logotipo Emeraldas em forma de lula. Equipar-se com um Emeraldas V, \u00e9 tirar proveito de um produto com grande desempenho!<\/p>\n","protected":false},"excerpt":{"rendered":"<p>As EMERALDAS  s\u00e3o concebidas para os pescadores de cefal\u00f3podes em zonas rochosas e portu\u00e1rias.<br \/>\nIdeal para os chocos MODELO TIP RUN<\/p>\n","protected":false},"featured_media":3363,"comment_status":"open","ping_status":"closed","template":"","meta":[],"product_brand":[],"product_cat":[575,522],"product_tag":[],"class_list":{"0":"post-1873","1":"product","2":"type-product","3":"status-publish","4":"has-post-thumbnail","6":"product_cat-010800-pesca-ao-choco-egingcefalopodes","7":"product_cat-010803-daiwa","9":"first","10":"instock","11":"taxable","12":"shipping-taxable","13":"purchasable","14":"product-type-variable"},"_links":{"self":[{"href":"https:\/\/idealpesca.com\/loja\/wp-json\/wp\/v2\/product\/1873","targetHints":{"allow":["GET"]}}],"collection":[{"href":"https:\/\/idealpesca.com\/loja\/wp-json\/wp\/v2\/product"}],"about":[{"href":"https:\/\/idealpesca.com\/loja\/wp-json\/wp\/v2\/types\/product"}],"replies":[{"embeddable":true,"href":"https:\/\/idealpesca.com\/loja\/wp-json\/wp\/v2\/comments?post=1873"}],"wp:featuredmedia":[{"embeddable":true,"href":"https:\/\/idealpesca.com\/loja\/wp-json\/wp\/v2\/media\/3363"}],"wp:attachment":[{"href":"https:\/\/idealpesca.com\/loja\/wp-json\/wp\/v2\/media?parent=1873"}],"wp:term":[{"taxonomy":"product_brand","embeddable":true,"href":"https:\/\/idealpesca.com\/loja\/wp-json\/wp\/v2\/product_brand?post=1873"},{"taxonomy":"product_cat","embeddable":true,"href":"https:\/\/idealpesca.com\/loja\/wp-json\/wp\/v2\/product_cat?post=1873"},{"taxonomy":"product_tag","embeddable":true,"href":"https:\/\/idealpesca.com\/loja\/wp-json\/wp\/v2\/product_tag?post=1873"}],"curies":[{"name":"wp","href":"https:\/\/api.w.org\/{rel}","templated":true}]}}