{"id":1869,"date":"2026-03-20T12:19:55","date_gmt":"2026-03-20T12:19:55","guid":{"rendered":"https:\/\/idealpesca.com\/loja\/produto\/linha-berkley-fireline-300-mts\/"},"modified":"2026-03-20T23:53:27","modified_gmt":"2026-03-20T23:53:27","slug":"linha-berkley-fireline-300-mts","status":"publish","type":"product","link":"https:\/\/idealpesca.com\/loja\/produto\/linha-berkley-fireline-300-mts\/","title":{"rendered":"Linha BERKLEY Fireline 300 Mts"},"content":{"rendered":"<div class=\"product-desc\">\n<p>\u00a0A sua rela\u00e7\u00e3o qualidade\/pre\u00e7o \u00e9 incr\u00edvel!<\/p>\n<p>O Fireline em 8 fibras com a nova fundi\u00e7\u00e3o confere-lhe cinco vezes mais resist\u00eancia \u00e1 abras\u00e3o bem como uma suavidade elevada.<\/p>\n<p>\u00a0<\/p>\n<table class=\"table bordered js-pswp-gallery\">\n<tr>\n<th>Di\u00e2metro (mm)<\/th>\n<th>PE<\/th>\n<th>Resist\u00eancia<\/th>\n<th>Resist\u00eancia<\/th>\n<th>300 m<\/p>\n<\/th>\n<\/tr>\n<tr>\n<td>\n<p>20\/100<\/p>\n<p>17\/100<\/p>\n<\/td>\n<td>\u00a0<\/td>\n<td>\n<p>13.90kg<\/p>\n<p>10.70kg<\/p>\n<\/td>\n<td>\n<p>31,0 lb<\/p>\n<p>24\u00a0 \u00a0lb<\/p>\n<\/td>\n<td>\u00a0<\/td>\n<\/tr>\n<\/table>\n<p>\u00a0<\/p>\n<\/div>\n","protected":false},"excerpt":{"rendered":"<p>Uma refer\u00eancia na resist\u00eancia \u00e1 abras\u00e3o<br \/>\n SMOKE(cinza escuro)<\/p>\n","protected":false},"featured_media":4934,"comment_status":"open","ping_status":"closed","template":"","meta":[],"product_brand":[],"product_cat":[301,350,517],"product_tag":[],"class_list":{"0":"post-1869","1":"product","2":"type-product","3":"status-publish","4":"has-post-thumbnail","6":"product_cat-060900-multifilamento-200-a-300-metros","7":"product_cat-060902-berkley","8":"product_cat-ideal-pesca","10":"first","11":"instock","12":"taxable","13":"shipping-taxable","14":"purchasable","15":"product-type-variable"},"_links":{"self":[{"href":"https:\/\/idealpesca.com\/loja\/wp-json\/wp\/v2\/product\/1869","targetHints":{"allow":["GET"]}}],"collection":[{"href":"https:\/\/idealpesca.com\/loja\/wp-json\/wp\/v2\/product"}],"about":[{"href":"https:\/\/idealpesca.com\/loja\/wp-json\/wp\/v2\/types\/product"}],"replies":[{"embeddable":true,"href":"https:\/\/idealpesca.com\/loja\/wp-json\/wp\/v2\/comments?post=1869"}],"wp:featuredmedia":[{"embeddable":true,"href":"https:\/\/idealpesca.com\/loja\/wp-json\/wp\/v2\/media\/4934"}],"wp:attachment":[{"href":"https:\/\/idealpesca.com\/loja\/wp-json\/wp\/v2\/media?parent=1869"}],"wp:term":[{"taxonomy":"product_brand","embeddable":true,"href":"https:\/\/idealpesca.com\/loja\/wp-json\/wp\/v2\/product_brand?post=1869"},{"taxonomy":"product_cat","embeddable":true,"href":"https:\/\/idealpesca.com\/loja\/wp-json\/wp\/v2\/product_cat?post=1869"},{"taxonomy":"product_tag","embeddable":true,"href":"https:\/\/idealpesca.com\/loja\/wp-json\/wp\/v2\/product_tag?post=1869"}],"curies":[{"name":"wp","href":"https:\/\/api.w.org\/{rel}","templated":true}]}}