{"id":18615,"date":"2014-09-17T11:03:19","date_gmt":"2014-09-17T10:03:19","guid":{"rendered":"https:\/\/idealpesca.com\/loja\/produto\/corpos-savage-15-5-cm\/"},"modified":"2026-05-15T19:43:42","modified_gmt":"2026-05-15T18:43:42","slug":"corpos-savage-15-5-cm","status":"publish","type":"product","link":"https:\/\/idealpesca.com\/loja\/produto\/corpos-savage-15-5-cm\/","title":{"rendered":"Corpos Savage 15.5 cm."},"content":{"rendered":"<p><strong><span style=\"font-size: large;color: #000000\">&#8211; Embalagem com 3 unidades<\/span><\/strong><\/p>\n<p><strong><span style=\"font-size: large;color: #000000\">&#8211; As cores que a Savage disponibiliza raramente est\u00e3o iguais as fotografias, pelo que o cliente se deve guiar pela c\u00f4r em si, pois em cada fornada costumam trazer pequenas altera\u00e7\u00f5es.<\/span><\/strong><\/p>\n","protected":false},"excerpt":{"rendered":"<p>Embalagem com 3 unidades<\/p>\n","protected":false},"featured_media":26427,"comment_status":"open","ping_status":"closed","template":"","meta":[],"product_brand":[],"product_cat":[53,130],"product_tag":[],"class_list":{"0":"post-18615","1":"product","2":"type-product","3":"status-publish","4":"has-post-thumbnail","6":"product_cat-030400-amostras-vinil","7":"product_cat-030412-savage-gear","9":"first","10":"instock","11":"taxable","12":"shipping-taxable","13":"purchasable","14":"product-type-variable"},"_links":{"self":[{"href":"https:\/\/idealpesca.com\/loja\/wp-json\/wp\/v2\/product\/18615","targetHints":{"allow":["GET"]}}],"collection":[{"href":"https:\/\/idealpesca.com\/loja\/wp-json\/wp\/v2\/product"}],"about":[{"href":"https:\/\/idealpesca.com\/loja\/wp-json\/wp\/v2\/types\/product"}],"replies":[{"embeddable":true,"href":"https:\/\/idealpesca.com\/loja\/wp-json\/wp\/v2\/comments?post=18615"}],"wp:featuredmedia":[{"embeddable":true,"href":"https:\/\/idealpesca.com\/loja\/wp-json\/wp\/v2\/media\/26427"}],"wp:attachment":[{"href":"https:\/\/idealpesca.com\/loja\/wp-json\/wp\/v2\/media?parent=18615"}],"wp:term":[{"taxonomy":"product_brand","embeddable":true,"href":"https:\/\/idealpesca.com\/loja\/wp-json\/wp\/v2\/product_brand?post=18615"},{"taxonomy":"product_cat","embeddable":true,"href":"https:\/\/idealpesca.com\/loja\/wp-json\/wp\/v2\/product_cat?post=18615"},{"taxonomy":"product_tag","embeddable":true,"href":"https:\/\/idealpesca.com\/loja\/wp-json\/wp\/v2\/product_tag?post=18615"}],"curies":[{"name":"wp","href":"https:\/\/api.w.org\/{rel}","templated":true}]}}