{"id":1856,"date":"2026-03-20T12:19:51","date_gmt":"2026-03-20T12:19:51","guid":{"rendered":"https:\/\/idealpesca.com\/loja\/produto\/linha-sufix-egi-150-mtr-chartreuse\/"},"modified":"2026-03-20T23:54:25","modified_gmt":"2026-03-20T23:54:25","slug":"linha-sufix-egi-150-mtr-chartreuse","status":"publish","type":"product","link":"https:\/\/idealpesca.com\/loja\/produto\/linha-sufix-egi-150-mtr-chartreuse\/","title":{"rendered":"LINHA SUFIX EGI 150 mtr Chartreuse"},"content":{"rendered":"<table class=\"views-table\">\n<tr>\n<th>MEDIDA (mm)<\/th>\n<th>RESIST\u00caNCIA (kg)<\/th>\n<th>C\u00d4R<\/th>\n<th>QUANTIDADE<\/th>\n<\/tr>\n<tr>\n<td>0.128<\/td>\n<td>6.9<\/td>\n<td>\u00a0neonChartreuse<\/td>\n<td>150 m<\/td>\n<\/tr>\n<tr>\n<td>0.148<\/td>\n<td>7.5<\/td>\n<td>\u00a0neonChartreuse<\/td>\n<td>150 m<\/td>\n<\/tr>\n<tr>\n<td>0.165<\/td>\n<td>10.50<\/td>\n<td>\u00a0neonChartreuse<\/td>\n<td>150 m<\/td>\n<\/tr>\n<tr>\n<td>\u00a0<\/td>\n<td>\u00a0<\/td>\n<td>\u00a0<\/td>\n<td>\u00a0<\/td>\n<\/tr>\n<tr>\n<td>\u00a0<\/td>\n<td>\u00a0<\/td>\n<td>\u00a0<\/td>\n<td>\u00a0<\/td>\n<\/tr>\n<\/table>\n<p>C\u00f4r: NEON Chartreuse\/ verde claro<\/p>\n","protected":false},"excerpt":{"rendered":"<p>Constituida por 8 fibras dyneema para garantir uma forte resist\u00eancia, sem pontos fracos durante o lan\u00e7amento, indicada para a pesca de cefal\u00f3podes.<br \/>\nC\u00f4r NEON Chartreuse<\/p>\n","protected":false},"featured_media":5090,"comment_status":"open","ping_status":"closed","template":"","meta":[],"product_brand":[],"product_cat":[300,342,517],"product_tag":[],"class_list":{"0":"post-1856","1":"product","2":"type-product","3":"status-publish","4":"has-post-thumbnail","6":"product_cat-061000-multifilamento-100-a-150-mt","7":"product_cat-061006-sufix","8":"product_cat-ideal-pesca","10":"first","11":"instock","12":"taxable","13":"shipping-taxable","14":"purchasable","15":"product-type-variable"},"_links":{"self":[{"href":"https:\/\/idealpesca.com\/loja\/wp-json\/wp\/v2\/product\/1856","targetHints":{"allow":["GET"]}}],"collection":[{"href":"https:\/\/idealpesca.com\/loja\/wp-json\/wp\/v2\/product"}],"about":[{"href":"https:\/\/idealpesca.com\/loja\/wp-json\/wp\/v2\/types\/product"}],"replies":[{"embeddable":true,"href":"https:\/\/idealpesca.com\/loja\/wp-json\/wp\/v2\/comments?post=1856"}],"wp:featuredmedia":[{"embeddable":true,"href":"https:\/\/idealpesca.com\/loja\/wp-json\/wp\/v2\/media\/5090"}],"wp:attachment":[{"href":"https:\/\/idealpesca.com\/loja\/wp-json\/wp\/v2\/media?parent=1856"}],"wp:term":[{"taxonomy":"product_brand","embeddable":true,"href":"https:\/\/idealpesca.com\/loja\/wp-json\/wp\/v2\/product_brand?post=1856"},{"taxonomy":"product_cat","embeddable":true,"href":"https:\/\/idealpesca.com\/loja\/wp-json\/wp\/v2\/product_cat?post=1856"},{"taxonomy":"product_tag","embeddable":true,"href":"https:\/\/idealpesca.com\/loja\/wp-json\/wp\/v2\/product_tag?post=1856"}],"curies":[{"name":"wp","href":"https:\/\/api.w.org\/{rel}","templated":true}]}}