{"id":1855,"date":"2026-03-20T12:19:51","date_gmt":"2026-03-20T12:19:51","guid":{"rendered":"https:\/\/idealpesca.com\/loja\/produto\/linha-daiwa-j-braid-grand-x8-270mts-verde-escuro\/"},"modified":"2026-03-20T23:53:40","modified_gmt":"2026-03-20T23:53:40","slug":"linha-daiwa-j-braid-grand-x8-270mts-verde-escuro","status":"publish","type":"product","link":"https:\/\/idealpesca.com\/loja\/produto\/linha-daiwa-j-braid-grand-x8-270mts-verde-escuro\/","title":{"rendered":"LINHA daiwa J-BRAID GRAND X8 270mts VERDE ESCURO COM TESOURA"},"content":{"rendered":"<table class=\"table bordered js-pswp-gallery\">\n<tr>\n<th>Di\u00e2metro (mm)<\/th>\n<th>PE<\/th>\n<th>Resist\u00eancia<\/th>\n<th>Resist\u00eancia<\/th>\n<\/tr>\n<tr>\n<td>06\/100<\/td>\n<td>#0,6<\/td>\n<td>5 kg<\/td>\n<td>11 lb<\/td>\n<\/tr>\n<tr>\n<td>10\/100<\/td>\n<td>#0,8<\/td>\n<td>7 kg<\/td>\n<td>15 lb<\/td>\n<\/tr>\n<tr>\n<td>13\/100<\/td>\n<td>#1<\/td>\n<td>8,5 kg<\/td>\n<td>19 lb<\/td>\n<\/tr>\n<tr>\n<td>16\/100<\/td>\n<td>#1,2<\/td>\n<td>10 kg<\/td>\n<td>22 lb<\/td>\n<\/tr>\n<tr>\n<td>18\/100<\/td>\n<td>#1,5<\/td>\n<td>12,5 kg<\/td>\n<td>28 lb<\/td>\n<\/tr>\n<tr>\n<td>20\/100<\/td>\n<td>#2<\/td>\n<td>16 kg<\/td>\n<td>35 lb<\/td>\n<\/tr>\n<tr>\n<td>22\/100<\/td>\n<td>#2,5<\/td>\n<td>19,5 kg<\/td>\n<td>43 lb<\/td>\n<\/tr>\n<tr>\n<td>24\/100<\/td>\n<td>#3<\/td>\n<td>22 kg<\/td>\n<td>49 lb<\/td>\n<\/tr>\n<tr>\n<td>28\/100<\/td>\n<td>#4<\/td>\n<td>26,5 kg<\/td>\n<td>58 lb<\/td>\n<\/tr>\n<tr>\n<td>35\/100<\/td>\n<td>#6<\/td>\n<td>36 kg<\/td>\n<td>79 lb<\/td>\n<\/tr>\n<tr>\n<td>42\/100<\/td>\n<td>#8<\/td>\n<td>46,5 kg<\/td>\n<td>103 lb<\/td>\n<\/tr>\n<tr>\n<td>51\/100<\/td>\n<td>#10<\/td>\n<td>56 kg<\/td>\n<td>123 lb<\/td>\n<\/tr>\n<\/table>\n<p>O multifilamento entran\u00e7ado J-Braid Grand X8 eleva ainda mais os pontos fortes do J-Braid x8. Fabricado no Jap\u00e3o, este multifilamento entran\u00e7ado utiliza novas fibras denominadas Izanas, conferindo o mais alto grau de resist\u00eancia: \u00e9 4 vezes mais resistente \u00e0 abras\u00e3o! Nesta vers\u00e3o, o processo de fabrica\u00e7\u00e3o do multifilamento torna poss\u00edvel apertar ainda mais os fios. Assim, o J-Braid Grand x8 apresenta uma forma perfeitamente redonda, otimizando a sua aerodin\u00e2mica e a sua hidrodin\u00e2mica. Deste modo, as dist\u00e2ncias de lan\u00e7amento s\u00e3o melhoradas e o melhor desempenho do multifilamento em a\u00e7\u00e3o de pesca assegura uma sensibilidade e uma reatividade acrescidas.<\/p>\n","protected":false},"excerpt":{"rendered":"<p>LINHA DE ALTA QUALIDADE DAIWA COM 8 FIBRAS<br \/>\nBOBINES DE 270MTRS NA COR VERDE ESCURO<br \/>\nOFERTA DE TESOURA DAIWA<\/p>\n","protected":false},"featured_media":3709,"comment_status":"open","ping_status":"closed","template":"","meta":[],"product_brand":[],"product_cat":[301,348,43],"product_tag":[],"class_list":{"0":"post-1855","1":"product","2":"type-product","3":"status-publish","4":"has-post-thumbnail","6":"product_cat-060900-multifilamento-200-a-300-metros","7":"product_cat-060903-daiwa","8":"product_cat-310000-novidades-gerais","10":"first","11":"instock","12":"taxable","13":"shipping-taxable","14":"purchasable","15":"product-type-variable"},"_links":{"self":[{"href":"https:\/\/idealpesca.com\/loja\/wp-json\/wp\/v2\/product\/1855","targetHints":{"allow":["GET"]}}],"collection":[{"href":"https:\/\/idealpesca.com\/loja\/wp-json\/wp\/v2\/product"}],"about":[{"href":"https:\/\/idealpesca.com\/loja\/wp-json\/wp\/v2\/types\/product"}],"replies":[{"embeddable":true,"href":"https:\/\/idealpesca.com\/loja\/wp-json\/wp\/v2\/comments?post=1855"}],"wp:featuredmedia":[{"embeddable":true,"href":"https:\/\/idealpesca.com\/loja\/wp-json\/wp\/v2\/media\/3709"}],"wp:attachment":[{"href":"https:\/\/idealpesca.com\/loja\/wp-json\/wp\/v2\/media?parent=1855"}],"wp:term":[{"taxonomy":"product_brand","embeddable":true,"href":"https:\/\/idealpesca.com\/loja\/wp-json\/wp\/v2\/product_brand?post=1855"},{"taxonomy":"product_cat","embeddable":true,"href":"https:\/\/idealpesca.com\/loja\/wp-json\/wp\/v2\/product_cat?post=1855"},{"taxonomy":"product_tag","embeddable":true,"href":"https:\/\/idealpesca.com\/loja\/wp-json\/wp\/v2\/product_tag?post=1855"}],"curies":[{"name":"wp","href":"https:\/\/api.w.org\/{rel}","templated":true}]}}