{"id":1854,"date":"2026-03-20T12:19:51","date_gmt":"2026-03-20T12:19:51","guid":{"rendered":"https:\/\/idealpesca.com\/loja\/produto\/cana-daiwa-labrax-sb902hfs\/"},"modified":"2026-03-20T23:47:02","modified_gmt":"2026-03-20T23:47:02","slug":"cana-daiwa-labrax-sb902hfs","status":"publish","type":"product","link":"https:\/\/idealpesca.com\/loja\/produto\/cana-daiwa-labrax-sb902hfs\/","title":{"rendered":"Cana DAIWA LABRAX SB902HFS"},"content":{"rendered":"<p>O novo blank desta se\u0301rie Labrax combina rapidez, leveza e incri\u0301vel performance ao lanc\u0327ar. O seu incri\u0301vel conforto de utilizac\u0327a\u0303o e a sua grande polivale\u0302ncia sa\u0303o tambe\u0301m ativos importantes para os entusiastas de equipamentos de excec\u0327a\u0303o.<\/p>\n<div class=\"product-content\">\n<div class=\"product-content-inner\">\n<div class=\"row\">\n<div class=\"col-1_1  product-technologies\">\n<div class=\"row xcondensed\">\n<div class=\"col-1_4 sm-1_5 md-1_4 lg-1_6 xl-1_8\">\u00a0<\/div>\n<\/div>\n<\/div>\n<\/div>\n<\/div>\n<\/div>\n<div class=\"bandeau\">\nESPECIFICA\u00c7\u00d5ES\n<\/div>\n<div class=\"table-specs\">\n<table>\n<tr>\n<th>NOVO<\/th>\n<th>REFER\u00caNCIA<\/th>\n<th>TAMANHO<\/th>\n<th>COMPRIMENTO<\/th>\n<th>NUM.ELEMENTOS<\/th>\n<th>DESMONTADA<\/th>\n<th>POT\u00caNCIA<\/th>\n<th>PRE\u00c7O<\/th>\n<\/tr>\n<tr>\n<td>NEW<\/td>\n<td>LAB SB 1002 HX HFS AF<\/td>\n<td>305<\/td>\n<td>3,05m<\/td>\n<td>2<\/td>\n<td>157cm<\/td>\n<td>14-56g<\/td>\n<td>419 \u20ac<\/td>\n<\/tr>\n<tr>\n<td>NEW<\/td>\n<td>LAB SB 702 HFS AF<\/td>\n<td>213<\/td>\n<td>2,13m<\/td>\n<td>2<\/td>\n<td>111cm<\/td>\n<td>14-42g<\/td>\n<td>359 \u20ac<\/td>\n<\/tr>\n<tr>\n<td>NEW<\/td>\n<td>LAB SB 732 MHFS OS AF<\/td>\n<td>221<\/td>\n<td>2,21m<\/td>\n<td>2<\/td>\n<td>181cm<\/td>\n<td>7-28g<\/td>\n<td>359 \u20ac<\/td>\n<\/tr>\n<tr>\n<td>NEW<\/td>\n<td>LAB SB 762 HM HFS OS AF<\/td>\n<td>229<\/td>\n<td>2,29m<\/td>\n<td>2<\/td>\n<td>187cm<\/td>\n<td>10-35g<\/td>\n<td>359 \u20ac<\/td>\n<\/tr>\n<tr>\n<td>NEW<\/td>\n<td>LAB SB 802 HFS AF<\/td>\n<td>244<\/td>\n<td>2,44m<\/td>\n<td>2<\/td>\n<td>127cm<\/td>\n<td>14-42g<\/td>\n<td>369 \u20ac<\/td>\n<\/tr>\n<tr>\n<td>NEW<\/td>\n<td>LAB SB 902 HFS AF<\/td>\n<td>274<\/td>\n<td>2,74m<\/td>\n<td>2<\/td>\n<td>142cm<\/td>\n<td>14-42g<\/td>\n<td>399 \u20ac<\/td>\n<\/tr>\n<\/table>\n<\/div>\n<h3>AIR SENSOR<\/h3>\n<p>Os porta-carretos Daiwa &#8220;Air Sensor&#8221; s\u00e3o feitos com fibras de carbono. Assim, s\u00e3o mais leves, mais s\u00f3lidos e maximizam a sensibilidade da cana. Esses porta-carretos em puro carbono n\u00e3o podem ser maquinados como os modelos standard. S\u00e3o concebidos com ferramentas espec\u00edficas, prestando a maior aten\u00e7\u00e3o ao design e \u00e0s formas. S\u00e3o componentes de \u00faltima gera\u00e7\u00e3o e de uma precis\u00e3o extrema. Uma tecnologia exclusiva Daiwa.<\/p>\n","protected":false},"excerpt":{"rendered":"<p>TOPO DE GAMA NO SPINNING<br \/>\nNOVO MODELO LABRAX 2024<\/p>\n","protected":false},"featured_media":5089,"comment_status":"open","ping_status":"closed","template":"","meta":[],"product_brand":[],"product_cat":[545,145],"product_tag":[],"class_list":{"0":"post-1854","1":"product","2":"type-product","3":"status-publish","4":"has-post-thumbnail","6":"product_cat-010200-spinning","7":"product_cat-010203-daiwa","9":"first","10":"instock","11":"taxable","12":"shipping-taxable","13":"purchasable","14":"product-type-variable"},"_links":{"self":[{"href":"https:\/\/idealpesca.com\/loja\/wp-json\/wp\/v2\/product\/1854","targetHints":{"allow":["GET"]}}],"collection":[{"href":"https:\/\/idealpesca.com\/loja\/wp-json\/wp\/v2\/product"}],"about":[{"href":"https:\/\/idealpesca.com\/loja\/wp-json\/wp\/v2\/types\/product"}],"replies":[{"embeddable":true,"href":"https:\/\/idealpesca.com\/loja\/wp-json\/wp\/v2\/comments?post=1854"}],"wp:featuredmedia":[{"embeddable":true,"href":"https:\/\/idealpesca.com\/loja\/wp-json\/wp\/v2\/media\/5089"}],"wp:attachment":[{"href":"https:\/\/idealpesca.com\/loja\/wp-json\/wp\/v2\/media?parent=1854"}],"wp:term":[{"taxonomy":"product_brand","embeddable":true,"href":"https:\/\/idealpesca.com\/loja\/wp-json\/wp\/v2\/product_brand?post=1854"},{"taxonomy":"product_cat","embeddable":true,"href":"https:\/\/idealpesca.com\/loja\/wp-json\/wp\/v2\/product_cat?post=1854"},{"taxonomy":"product_tag","embeddable":true,"href":"https:\/\/idealpesca.com\/loja\/wp-json\/wp\/v2\/product_tag?post=1854"}],"curies":[{"name":"wp","href":"https:\/\/api.w.org\/{rel}","templated":true}]}}