{"id":1841,"date":"2026-03-20T12:19:47","date_gmt":"2026-03-20T12:19:47","guid":{"rendered":"https:\/\/idealpesca.com\/loja\/produto\/bone-shimano-cap-preto\/"},"modified":"2026-03-20T23:43:31","modified_gmt":"2026-03-20T23:43:31","slug":"bone-shimano-cap-preto","status":"publish","type":"product","link":"https:\/\/idealpesca.com\/loja\/produto\/bone-shimano-cap-preto\/","title":{"rendered":"Bon\u00e9 Shimano Cap PRETO"},"content":{"rendered":"<div class=\"module module-product_specifications\">\n<div class=\"container-fluid\">\n<div class=\"row\">\n<div class=\"col-xs-12\">\n<div class=\"module-product_specifications_list_item_value\">Simples, f\u00e1cil de usar com logo Shimano e ajust\u00e1vel por cinta pl\u00e1stica furada.<\/div>\n<div class=\"module-product_specifications_list_item_value\">\u00a0<\/div>\n<h4>Descri\u00e7\u00e3o<\/h4>\n<div class=\"container module-product_specifications_list\">\n<div class=\"row module-product_specifications_list_item\">&#8211; Tamanho unico;<\/div>\n<div class=\"module-product_specifications_list_item_title\">\n<div class=\"col-xs-12 col-sm-3 col-lg-3\">\n<div class=\"module-product_specifications_list_item_title\">&#8211; Tipo: Standard<\/div>\n<\/div>\n<p>&#8211; Cores: PRETO<\/p><\/div>\n<div class=\"module-product_specifications_list_item_title\">\u00a0<\/div>\n<div class=\"module-product_specifications_list_item_title\">\n<table class=\"module-product_table_data_table \">\n<tr>\n<th>\u00a0<\/th>\n<th>C\u00f3digo<\/th>\n<th>Tamanho<\/th>\n<th>Descri\u00e7\u00e3o artigo<\/th>\n<th>C\u00f4r<\/th>\n<\/tr>\n<tr>\n<td>\n<div class=\"module-product_table_data_table_cell_value\">\u00a0<\/div>\n<\/td>\n<td>\n<div class=\"module-product_table_data_table_cell_value\">SHSCAPBL<\/div>\n<\/td>\n<td>\n<div class=\"module-product_table_data_table_cell_value\">unico<\/div>\n<\/td>\n<td>\n<div class=\"module-product_table_data_table_cell_value\">Standard Cap<\/div>\n<\/td>\n<td>PRETO<\/td>\n<\/tr>\n<\/table>\n<\/div>\n<div class=\"row module-product_specifications_list_item\">\n<div class=\"col-xs-12 col-sm-9 col-lg-9\">\n<div class=\"module-product_specifications_list_item_value\">\u00a0<\/div>\n<\/div>\n<\/div>\n<\/div>\n<\/div>\n<\/div>\n<\/div>\n<\/div>\n","protected":false},"excerpt":{"rendered":"<p>Excelente qualidade<br \/>\nTAMANHO UNICO<\/p>\n","protected":false},"featured_media":5074,"comment_status":"open","ping_status":"closed","template":"","meta":[],"product_brand":[],"product_cat":[497,60],"product_tag":[],"class_list":{"0":"post-1841","1":"product","2":"type-product","3":"status-publish","4":"has-post-thumbnail","6":"product_cat-100000-vestuario","7":"product_cat-100104-bones-buffs-e-gorros","9":"first","10":"instock","11":"taxable","12":"shipping-taxable","13":"purchasable","14":"product-type-variable"},"_links":{"self":[{"href":"https:\/\/idealpesca.com\/loja\/wp-json\/wp\/v2\/product\/1841","targetHints":{"allow":["GET"]}}],"collection":[{"href":"https:\/\/idealpesca.com\/loja\/wp-json\/wp\/v2\/product"}],"about":[{"href":"https:\/\/idealpesca.com\/loja\/wp-json\/wp\/v2\/types\/product"}],"replies":[{"embeddable":true,"href":"https:\/\/idealpesca.com\/loja\/wp-json\/wp\/v2\/comments?post=1841"}],"wp:featuredmedia":[{"embeddable":true,"href":"https:\/\/idealpesca.com\/loja\/wp-json\/wp\/v2\/media\/5074"}],"wp:attachment":[{"href":"https:\/\/idealpesca.com\/loja\/wp-json\/wp\/v2\/media?parent=1841"}],"wp:term":[{"taxonomy":"product_brand","embeddable":true,"href":"https:\/\/idealpesca.com\/loja\/wp-json\/wp\/v2\/product_brand?post=1841"},{"taxonomy":"product_cat","embeddable":true,"href":"https:\/\/idealpesca.com\/loja\/wp-json\/wp\/v2\/product_cat?post=1841"},{"taxonomy":"product_tag","embeddable":true,"href":"https:\/\/idealpesca.com\/loja\/wp-json\/wp\/v2\/product_tag?post=1841"}],"curies":[{"name":"wp","href":"https:\/\/api.w.org\/{rel}","templated":true}]}}