{"id":1832,"date":"2026-03-20T12:19:41","date_gmt":"2026-03-20T12:19:41","guid":{"rendered":"https:\/\/idealpesca.com\/loja\/produto\/vinil-yokozuna-santo-120mm-28gr\/"},"modified":"2026-03-20T23:58:56","modified_gmt":"2026-03-20T23:58:56","slug":"vinil-yokozuna-santo-120mm-28gr","status":"publish","type":"product","link":"https:\/\/idealpesca.com\/loja\/produto\/vinil-yokozuna-santo-120mm-28gr\/","title":{"rendered":"Vinil YOKOZUNA SANTO 120mm 28gr."},"content":{"rendered":"<p><span style=\"font-size: small\"><strong>\u00a0<\/strong><\/span><span style=\"font-size: small\"><strong>&#8211; Tamanho:<\/strong> 12 cm.<\/span><\/p>\n<p><span style=\"font-size: small\"><strong>&#8211; Peso:<\/strong> 28 gramas<\/span><\/p>\n<p><span style=\"font-size: small\"><strong>&#8211; Tipo:<\/strong> Afundantes<\/span><\/p>\n<p><span style=\"font-size: small\"><strong>&#8211; Apresenta\u00e7\u00e3o em box\u00a0 1 vinil com cabe\u00e7ote\u00a0<\/strong><\/span><\/p>\n<p>\u00a0<\/p>\n<p><span style=\"font-size: medium\"><strong>Observa\u00e7\u00f5es:\u00a0<\/strong>A gama santo\u00a0 foi especialmente desenhada para a captura de predadores como o robalo e a baila. Estas amostras t\u00eam um aspecto muito realista e produzem uma nata\u00e7\u00e3o real. Ideais para zonas arenosas.<\/span><\/p>\n","protected":false},"excerpt":{"rendered":"<p>Especialmente desenhada para a captura  predadores<\/p>\n","protected":false},"featured_media":5062,"comment_status":"open","ping_status":"closed","template":"","meta":[],"product_brand":[],"product_cat":[53,527,517],"product_tag":[],"class_list":{"0":"post-1832","1":"product","2":"type-product","3":"status-publish","4":"has-post-thumbnail","6":"product_cat-030400-amostras-vinil","7":"product_cat-030418-yokozuna","8":"product_cat-ideal-pesca","10":"first","11":"instock","12":"taxable","13":"shipping-taxable","14":"purchasable","15":"product-type-variable"},"_links":{"self":[{"href":"https:\/\/idealpesca.com\/loja\/wp-json\/wp\/v2\/product\/1832","targetHints":{"allow":["GET"]}}],"collection":[{"href":"https:\/\/idealpesca.com\/loja\/wp-json\/wp\/v2\/product"}],"about":[{"href":"https:\/\/idealpesca.com\/loja\/wp-json\/wp\/v2\/types\/product"}],"replies":[{"embeddable":true,"href":"https:\/\/idealpesca.com\/loja\/wp-json\/wp\/v2\/comments?post=1832"}],"wp:featuredmedia":[{"embeddable":true,"href":"https:\/\/idealpesca.com\/loja\/wp-json\/wp\/v2\/media\/5062"}],"wp:attachment":[{"href":"https:\/\/idealpesca.com\/loja\/wp-json\/wp\/v2\/media?parent=1832"}],"wp:term":[{"taxonomy":"product_brand","embeddable":true,"href":"https:\/\/idealpesca.com\/loja\/wp-json\/wp\/v2\/product_brand?post=1832"},{"taxonomy":"product_cat","embeddable":true,"href":"https:\/\/idealpesca.com\/loja\/wp-json\/wp\/v2\/product_cat?post=1832"},{"taxonomy":"product_tag","embeddable":true,"href":"https:\/\/idealpesca.com\/loja\/wp-json\/wp\/v2\/product_tag?post=1832"}],"curies":[{"name":"wp","href":"https:\/\/api.w.org\/{rel}","templated":true}]}}