{"id":1830,"date":"2026-03-20T12:19:41","date_gmt":"2026-03-20T12:19:41","guid":{"rendered":"https:\/\/idealpesca.com\/loja\/produto\/linha-conica-vercelli-taper-line-220mt-20-57\/"},"modified":"2026-03-20T23:53:27","modified_gmt":"2026-03-20T23:53:27","slug":"linha-conica-vercelli-taper-line-220mt-20-57","status":"publish","type":"product","link":"https:\/\/idealpesca.com\/loja\/produto\/linha-conica-vercelli-taper-line-220mt-20-57\/","title":{"rendered":"LINHA CONICA Vercelli &#8211; Taper LINE 220MT"},"content":{"rendered":"<p><span style=\"font-size: large;color: #000000\"><strong>&#8211; Linha c\u00f3nica de alta qualidade VERCELLI para surfcasting;<\/strong><\/span><\/p>\n<p><span style=\"font-size: large;color: #000000\"><strong>&#8211; Embalagem com 220 mtr ;<\/strong><\/span><\/p>\n<p><span style=\"font-size: large;color: #000000\"><strong>Esta baixada de linha c\u00f3nica, \u00e9 especialmente concebido para aumentar a dist\u00e2ncia de lan\u00e7amento no surf casting. A linha passa gradualmente de um di\u00e2metro maior de 0,57 mm, que resiste ao esfor\u00e7o do lan\u00e7amento, s\u00e3o 200mtr de linha fina e os \u00faltimos 20 mtrs terminam com 0.57mm.<\/strong><\/span><\/p>\n","protected":false},"excerpt":{"rendered":"<p>Embalagem com 220 metros multicor<br \/>\nDisponivel em 2 medidas 0.20mm e 0.23mm<\/p>\n","protected":false},"featured_media":5061,"comment_status":"open","ping_status":"closed","template":"","meta":[],"product_brand":[],"product_cat":[48,475],"product_tag":[],"class_list":{"0":"post-1830","1":"product","2":"type-product","3":"status-publish","4":"has-post-thumbnail","6":"product_cat-061100-chicotes-linha-conica","7":"product_cat-061108-vercelli","9":"first","10":"instock","11":"taxable","12":"shipping-taxable","13":"purchasable","14":"product-type-variable"},"_links":{"self":[{"href":"https:\/\/idealpesca.com\/loja\/wp-json\/wp\/v2\/product\/1830","targetHints":{"allow":["GET"]}}],"collection":[{"href":"https:\/\/idealpesca.com\/loja\/wp-json\/wp\/v2\/product"}],"about":[{"href":"https:\/\/idealpesca.com\/loja\/wp-json\/wp\/v2\/types\/product"}],"replies":[{"embeddable":true,"href":"https:\/\/idealpesca.com\/loja\/wp-json\/wp\/v2\/comments?post=1830"}],"wp:featuredmedia":[{"embeddable":true,"href":"https:\/\/idealpesca.com\/loja\/wp-json\/wp\/v2\/media\/5061"}],"wp:attachment":[{"href":"https:\/\/idealpesca.com\/loja\/wp-json\/wp\/v2\/media?parent=1830"}],"wp:term":[{"taxonomy":"product_brand","embeddable":true,"href":"https:\/\/idealpesca.com\/loja\/wp-json\/wp\/v2\/product_brand?post=1830"},{"taxonomy":"product_cat","embeddable":true,"href":"https:\/\/idealpesca.com\/loja\/wp-json\/wp\/v2\/product_cat?post=1830"},{"taxonomy":"product_tag","embeddable":true,"href":"https:\/\/idealpesca.com\/loja\/wp-json\/wp\/v2\/product_tag?post=1830"}],"curies":[{"name":"wp","href":"https:\/\/api.w.org\/{rel}","templated":true}]}}