{"id":1824,"date":"2026-03-20T12:19:39","date_gmt":"2026-03-20T12:19:39","guid":{"rendered":"https:\/\/idealpesca.com\/loja\/produto\/linha-daiwa-j-fluorocarbono-50-mts\/"},"modified":"2026-03-20T23:37:33","modified_gmt":"2026-03-20T23:37:33","slug":"linha-daiwa-j-fluorocarbono-50-mts","status":"publish","type":"product","link":"https:\/\/idealpesca.com\/loja\/produto\/linha-daiwa-j-fluorocarbono-50-mts\/","title":{"rendered":"Linha DAIWA J-FLUOROCARBONO 50 MTS."},"content":{"rendered":"<p>O fio \u00e9 dotado de uma grande flexibilidade, bem como baixa mem\u00f3ria.<\/p>\n<p>Cada bobina \u00e9 fornecida com um el\u00e1stico com um orif\u00edcio que permite que a linha saia suavemente e assegura prote\u00e7\u00e3o UV e ao impacto. Este fluorocarbono de fabrica\u00e7\u00e3o japonesa pode ser usado como baixada ou como linha principal para as pescas em casting com crank ou em spinning para as pescas finesse.<\/p>\n<table class=\"table bordered js-pswp-gallery\">\n<tr>\n<th>Di\u00e2metro (mm)<\/th>\n<th>Resist\u00eancia<\/th>\n<th>Comprimento<\/th>\n<th>\u00a0<\/th>\n<\/tr>\n<tr>\n<td>455\/100<\/td>\n<td>9,21 kg<\/td>\n<td>50 m<\/td>\n<td>\u00a0<\/td>\n<\/tr>\n<tr>\n<td>50\/100<\/td>\n<td>14,47 kg<\/td>\n<td>50 m<\/td>\n<td>\u00a0<\/td>\n<\/tr>\n<tr>\n<td>645\/100<\/td>\n<td>22.43 kg<\/td>\n<td>50 m<\/td>\n<td>\u00a0<\/td>\n<\/tr>\n<tr>\n<td>685\/100<\/td>\n<td>24.67 kg<\/td>\n<td>50 m<\/td>\n<td>\u00a0<\/td>\n<\/tr>\n<tr>\n<td>816\/100<\/td>\n<td>30.56 kg.<\/td>\n<td>50 m<\/td>\n<td>\u00a0<\/td>\n<\/tr>\n<\/table>\n","protected":false},"excerpt":{"rendered":"<p>Feito no Jap\u00e3o<br \/>\nBOBINES DE 50 metros<\/p>\n","protected":false},"featured_media":5054,"comment_status":"open","ping_status":"closed","template":"","meta":[],"product_brand":[],"product_cat":[304,333,517],"product_tag":[],"class_list":{"0":"post-1824","1":"product","2":"type-product","3":"status-publish","4":"has-post-thumbnail","6":"product_cat-060500-fluorocarbono-50-metros","7":"product_cat-060505-daiwa","8":"product_cat-ideal-pesca","10":"first","11":"instock","12":"taxable","13":"shipping-taxable","14":"purchasable","15":"product-type-variable"},"_links":{"self":[{"href":"https:\/\/idealpesca.com\/loja\/wp-json\/wp\/v2\/product\/1824","targetHints":{"allow":["GET"]}}],"collection":[{"href":"https:\/\/idealpesca.com\/loja\/wp-json\/wp\/v2\/product"}],"about":[{"href":"https:\/\/idealpesca.com\/loja\/wp-json\/wp\/v2\/types\/product"}],"replies":[{"embeddable":true,"href":"https:\/\/idealpesca.com\/loja\/wp-json\/wp\/v2\/comments?post=1824"}],"wp:featuredmedia":[{"embeddable":true,"href":"https:\/\/idealpesca.com\/loja\/wp-json\/wp\/v2\/media\/5054"}],"wp:attachment":[{"href":"https:\/\/idealpesca.com\/loja\/wp-json\/wp\/v2\/media?parent=1824"}],"wp:term":[{"taxonomy":"product_brand","embeddable":true,"href":"https:\/\/idealpesca.com\/loja\/wp-json\/wp\/v2\/product_brand?post=1824"},{"taxonomy":"product_cat","embeddable":true,"href":"https:\/\/idealpesca.com\/loja\/wp-json\/wp\/v2\/product_cat?post=1824"},{"taxonomy":"product_tag","embeddable":true,"href":"https:\/\/idealpesca.com\/loja\/wp-json\/wp\/v2\/product_tag?post=1824"}],"curies":[{"name":"wp","href":"https:\/\/api.w.org\/{rel}","templated":true}]}}