{"id":1823,"date":"2026-03-20T12:19:39","date_gmt":"2026-03-20T12:19:39","guid":{"rendered":"https:\/\/idealpesca.com\/loja\/produto\/linha-daiwa-j-fluorocarbono-100-mts\/"},"modified":"2026-03-20T23:37:32","modified_gmt":"2026-03-20T23:37:32","slug":"linha-daiwa-j-fluorocarbono-100-mts","status":"publish","type":"product","link":"https:\/\/idealpesca.com\/loja\/produto\/linha-daiwa-j-fluorocarbono-100-mts\/","title":{"rendered":"Linha DAIWA J-FLUOROCARBONO 100 MTS."},"content":{"rendered":"<p>O fio \u00e9 dotado de uma grande flexibilidade, bem como baixa mem\u00f3ria.<\/p>\n<p>Cada bobina \u00e9 fornecida com um el\u00e1stico com um orif\u00edcio que permite que a linha saia suavemente e assegura prote\u00e7\u00e3o UV e ao impacto. Este fluorocarbono de fabrica\u00e7\u00e3o japonesa pode ser usado como baixada ou como linha principal para as pescas em casting com crank ou em spinning para as pescas finesse.<\/p>\n<table class=\"table bordered js-pswp-gallery\">\n<tr>\n<th>Di\u00e2metro (mm)<\/th>\n<th>Resist\u00eancia<\/th>\n<th>Comprimento<\/th>\n<\/tr>\n<tr>\n<td>18\/100<\/td>\n<td>2,31 kg<\/td>\n<td>100 m<\/td>\n<\/tr>\n<tr>\n<td>20\/100<\/td>\n<td>2,86 kg<\/td>\n<td>100 m<\/td>\n<\/tr>\n<tr>\n<td>22\/100<\/td>\n<td>3,41 kg<\/td>\n<td>100 m<\/td>\n<\/tr>\n<tr>\n<td>26\/100<\/td>\n<td>4,48 kg<\/td>\n<td>100 m<\/td>\n<\/tr>\n<tr>\n<td>28\/100<\/td>\n<td>5,25 kg<\/td>\n<td>100 m<\/td>\n<\/tr>\n<tr>\n<td>30\/100<\/td>\n<td>5,83 kg<\/td>\n<td>100 m<\/td>\n<\/tr>\n<tr>\n<td>33\/100<\/td>\n<td>6,84 kg<\/td>\n<td>100 m<\/td>\n<\/tr>\n<tr>\n<td>36\/100<\/td>\n<td>7,74 kg<\/td>\n<td>100 m<\/td>\n<\/tr>\n<tr>\n<td>40\/100<\/td>\n<td>9,21 kg<\/td>\n<td>100 m<\/td>\n<\/tr>\n<\/table>\n","protected":false},"excerpt":{"rendered":"<p>Feito no Jap\u00e3o<\/p>\n","protected":false},"featured_media":5054,"comment_status":"open","ping_status":"closed","template":"","meta":[],"product_brand":[],"product_cat":[333,305,472],"product_tag":[],"class_list":{"0":"post-1823","1":"product","2":"type-product","3":"status-publish","4":"has-post-thumbnail","6":"product_cat-060505-daiwa","7":"product_cat-060600-fluorocarbono-100-a-250-metros","8":"product_cat-060603-daiwa","10":"first","11":"instock","12":"taxable","13":"shipping-taxable","14":"purchasable","15":"product-type-variable"},"_links":{"self":[{"href":"https:\/\/idealpesca.com\/loja\/wp-json\/wp\/v2\/product\/1823","targetHints":{"allow":["GET"]}}],"collection":[{"href":"https:\/\/idealpesca.com\/loja\/wp-json\/wp\/v2\/product"}],"about":[{"href":"https:\/\/idealpesca.com\/loja\/wp-json\/wp\/v2\/types\/product"}],"replies":[{"embeddable":true,"href":"https:\/\/idealpesca.com\/loja\/wp-json\/wp\/v2\/comments?post=1823"}],"wp:featuredmedia":[{"embeddable":true,"href":"https:\/\/idealpesca.com\/loja\/wp-json\/wp\/v2\/media\/5054"}],"wp:attachment":[{"href":"https:\/\/idealpesca.com\/loja\/wp-json\/wp\/v2\/media?parent=1823"}],"wp:term":[{"taxonomy":"product_brand","embeddable":true,"href":"https:\/\/idealpesca.com\/loja\/wp-json\/wp\/v2\/product_brand?post=1823"},{"taxonomy":"product_cat","embeddable":true,"href":"https:\/\/idealpesca.com\/loja\/wp-json\/wp\/v2\/product_cat?post=1823"},{"taxonomy":"product_tag","embeddable":true,"href":"https:\/\/idealpesca.com\/loja\/wp-json\/wp\/v2\/product_tag?post=1823"}],"curies":[{"name":"wp","href":"https:\/\/api.w.org\/{rel}","templated":true}]}}