{"id":1820,"date":"2026-03-20T12:19:38","date_gmt":"2026-03-20T12:19:38","guid":{"rendered":"https:\/\/idealpesca.com\/loja\/produto\/cana-daiwa-emblem-surf-type-r-33-453h-bf\/"},"modified":"2026-03-20T23:46:46","modified_gmt":"2026-03-20T23:46:46","slug":"cana-daiwa-emblem-surf-type-r-33-453h-bf","status":"publish","type":"product","link":"https:\/\/idealpesca.com\/loja\/produto\/cana-daiwa-emblem-surf-type-r-33-453h-bf\/","title":{"rendered":"CANA DAIWA EMBLEM SURF TYPE R 33 453H BF"},"content":{"rendered":"<div class=\"product-desc\">\n<p>O Emblem Surf Type R oferece um blank muito fino com elementos iguais e cujo peso reduzido permitir\u00e1 ao pescador de surfcasting ter o m\u00e1ximo prazer na pesca. Os modelos dotados de uma ponteira maci\u00e7a dita &#8220;h\u00edbrida&#8221; s\u00e3o dotados de uma fita refletora enrolada numa base de tinta fosforescente para facilitar a visibilidade quando das pescas noturnas. \u00c9 importante notar tamb\u00e9m que estas famosas ponteiras h\u00edbridas s\u00e3o equipadas com um passador mono pata na extremidade a fim de aumentar a resposta da ponteira nos pequenos toques de peixes desconfiados e ter uma a\u00e7\u00e3o muito marcada durante a perman\u00eancia da cana na estaca. O design desta cana ir\u00e1 combinar perfeitamente com os carretos Emblem Surf Type-R. Os modelos cuja refer\u00eancia termina com BF s\u00e3o dotados de porta-carreto de rosca e os BE de um porta-carreto de placa.<\/p>\n<\/div>\n<ul>\n<li>Blank carbono Alto M\u00f3dulo<\/li>\n<li>Encaixe direito acabamentos antiderrapantes<\/li>\n<li>Passadores Fuji Low Rider e K sobre a ponteira sobre o modelo H<\/li>\n<li>Porta-carreto de placa (modelos BE) ou com rosca (BF)<\/li>\n<li>Pega em rubber ergon\u00f3mica<\/li>\n<li>A\u00e7\u00e3o de ponta<\/li>\n<li>Ponteira fosforescente branca e banda refletora<\/li>\n<\/ul>\n<p>\u00a0<\/p>\n<div class=\"col-1_1  product-technologies\">\u00a0<\/div>\n<div class=\"polymorphic-table product-table overflow-right\">\n<div class=\"polymorphic-table-inner\">\n<table class=\"table bordered js-pswp-gallery\">\n<tr>\n<th>\u00a0<\/th>\n<th>Refer\u00eancia<\/th>\n<th>Nome<\/th>\n<th>Comprimento<\/th>\n<th>Elementos<\/th>\n<th>Desmontada<\/th>\n<th>Peso<\/th>\n<th>Passadores<\/th>\n<th>Pot\u00eancia<\/th>\n<\/tr>\n<tr>\n<td><span class=\"new\">N<\/span><\/td>\n<td><a href=\"https:\/\/www.daiwa.pt\/uploads\/products\/rods\/2021\/10\/emstr33423ae_1200x2400.jpg\"> <span class=\"inner\"> <img decoding=\"async\" src=\"image\/gif;base64,R0lGODlhAQACAIAAAMLCwgAAACH5BAAAAAAALAAAAAABAAIAAAICBAoAOw==\" alt=\"\" width=\"1\" height=\"2\" \/><\/span><\/a><br \/>\nEMSTR33423BE\n<\/td>\n<td>\u00a0PONTEIRA TUBULAR<\/td>\n<td>4,20m<\/td>\n<td>3<\/td>\n<td>146cm<\/td>\n<td>460g<\/td>\n<td>8<\/td>\n<td>100-225g<\/td>\n<\/tr>\n<tr>\n<td><span class=\"new\">N<\/span><\/td>\n<td><a href=\"https:\/\/www.daiwa.pt\/uploads\/products\/rods\/2021\/10\/emstr33423hae_1200x2400.jpg\"> <span class=\"inner\"> <img decoding=\"async\" src=\"image\/gif;base64,R0lGODlhAQACAIAAAMLCwgAAACH5BAAAAAAALAAAAAABAAIAAAICBAoAOw==\" alt=\"\" width=\"1\" height=\"2\" \/><\/span><\/a><br \/>\nEMSTR33423HBE\n<\/td>\n<td>Ponteira h\u00edbrida<\/td>\n<td>4,20m<\/td>\n<td>3<\/td>\n<td>146cm<\/td>\n<td>453g<\/td>\n<td>9<\/td>\n<td>100-225g<\/td>\n<\/tr>\n<tr>\n<td><span class=\"new\">N<\/span><\/td>\n<td><a href=\"https:\/\/www.daiwa.pt\/uploads\/products\/rods\/2021\/10\/emstr33423af_1200x2400.jpg\"> <span class=\"inner\"> <img decoding=\"async\" src=\"image\/gif;base64,R0lGODlhAQACAIAAAMLCwgAAACH5BAAAAAAALAAAAAABAAIAAAICBAoAOw==\" alt=\"\" width=\"1\" height=\"2\" \/><\/span><\/a><br \/>\nEMSTR33423BF\n<\/td>\n<td>\u00a0PONTEIRA TUBULAR<\/td>\n<td>4,20m<\/td>\n<td>3<\/td>\n<td>146cm<\/td>\n<td>473g<\/td>\n<td>8<\/td>\n<td>100-225g<\/td>\n<\/tr>\n<tr>\n<td><span class=\"new\">N<\/span><\/td>\n<td><a href=\"https:\/\/www.daiwa.pt\/uploads\/products\/rods\/2021\/10\/emstr33423haf_1200x2400.jpg\"> <span class=\"inner\"> <img decoding=\"async\" src=\"image\/gif;base64,R0lGODlhAQACAIAAAMLCwgAAACH5BAAAAAAALAAAAAABAAIAAAICBAoAOw==\" alt=\"\" width=\"1\" height=\"2\" \/><\/span><\/a><br \/>\nEMSTR33423HBF\n<\/td>\n<td>Ponteira h\u00edbrida<\/td>\n<td>4,20m<\/td>\n<td>3<\/td>\n<td>146cm<\/td>\n<td>470g<\/td>\n<td>9<\/td>\n<td>100-225g<\/td>\n<\/tr>\n<tr>\n<td><span class=\"new\">N<\/span><\/td>\n<td>EMSTR33453BE<\/td>\n<td>\u00a0<\/td>\n<td>4,50m<\/td>\n<td>3<\/td>\n<td>156cm<\/td>\n<td>508g<\/td>\n<td>8<\/td>\n<td>100-225g<\/td>\n<\/tr>\n<tr>\n<td><span class=\"new\">N<\/span><\/td>\n<td>EMSTR33453HBE<\/td>\n<td>Ponteira h\u00edbrida<\/td>\n<td>4,50m<\/td>\n<td>3<\/td>\n<td>156cm<\/td>\n<td>507g<\/td>\n<td>9<\/td>\n<td>100-225g<\/td>\n<\/tr>\n<tr>\n<td><span class=\"new\">N<\/span><\/td>\n<td>EMSTR33453BF<\/td>\n<td>\u00a0<\/td>\n<td>4,50m<\/td>\n<td>3<\/td>\n<td>156cm<\/td>\n<td>519g<\/td>\n<td>8<\/td>\n<td>100-225g<\/td>\n<\/tr>\n<tr>\n<td><span class=\"new\">N<\/span><\/td>\n<td>EMSTR33453HBF<\/td>\n<td>Ponteira h\u00edbrida<\/td>\n<td>4,50m<\/td>\n<td>3<\/td>\n<td>156cm<\/td>\n<td>517g<\/td>\n<td>9<\/td>\n<td>100-225g<\/td>\n<\/tr>\n<\/table>\n<\/div>\n<\/div>\n","protected":false},"excerpt":{"rendered":"<p>PONTEIRA HIBRIDA<br \/>\n4,50 MTRS PASSADORES FUJI LOW RIDER<br \/>\nPORTA CARRETOS FUJI TUBULAR<\/p>\n","protected":false},"featured_media":5052,"comment_status":"open","ping_status":"closed","template":"","meta":[],"product_brand":[],"product_cat":[551,99,517],"product_tag":[],"class_list":{"0":"post-1820","1":"product","2":"type-product","3":"status-publish","4":"has-post-thumbnail","6":"product_cat-010100-surfcasting-pesca-de-lancamento","7":"product_cat-010105-daiwa","8":"product_cat-ideal-pesca","10":"first","11":"instock","12":"taxable","13":"shipping-taxable","14":"purchasable","15":"product-type-variable"},"_links":{"self":[{"href":"https:\/\/idealpesca.com\/loja\/wp-json\/wp\/v2\/product\/1820","targetHints":{"allow":["GET"]}}],"collection":[{"href":"https:\/\/idealpesca.com\/loja\/wp-json\/wp\/v2\/product"}],"about":[{"href":"https:\/\/idealpesca.com\/loja\/wp-json\/wp\/v2\/types\/product"}],"replies":[{"embeddable":true,"href":"https:\/\/idealpesca.com\/loja\/wp-json\/wp\/v2\/comments?post=1820"}],"wp:featuredmedia":[{"embeddable":true,"href":"https:\/\/idealpesca.com\/loja\/wp-json\/wp\/v2\/media\/5052"}],"wp:attachment":[{"href":"https:\/\/idealpesca.com\/loja\/wp-json\/wp\/v2\/media?parent=1820"}],"wp:term":[{"taxonomy":"product_brand","embeddable":true,"href":"https:\/\/idealpesca.com\/loja\/wp-json\/wp\/v2\/product_brand?post=1820"},{"taxonomy":"product_cat","embeddable":true,"href":"https:\/\/idealpesca.com\/loja\/wp-json\/wp\/v2\/product_cat?post=1820"},{"taxonomy":"product_tag","embeddable":true,"href":"https:\/\/idealpesca.com\/loja\/wp-json\/wp\/v2\/product_tag?post=1820"}],"curies":[{"name":"wp","href":"https:\/\/api.w.org\/{rel}","templated":true}]}}