{"id":1812,"date":"2026-03-20T12:19:35","date_gmt":"2026-03-20T12:19:35","guid":{"rendered":"https:\/\/idealpesca.com\/loja\/produto\/amostra-exsence-strong-ass-ar-c-125sflash-boost-125mm-27g-001\/"},"modified":"2026-03-20T23:39:08","modified_gmt":"2026-03-20T23:39:08","slug":"amostra-exsence-strong-ass-ar-c-125sflash-boost-125mm-27g-001","status":"publish","type":"product","link":"https:\/\/idealpesca.com\/loja\/produto\/amostra-exsence-strong-ass-ar-c-125sflash-boost-125mm-27g-001\/","title":{"rendered":"Amostra Exsence Strong Ass AR-C S Flash Boost 125mm 27g"},"content":{"rendered":"<div>A Exsence Strong Assassin 125 tem uma ac\u00e7\u00e3o mais agressiva que a irm\u00e3 &#8216;Silent Assassin&#8217;.Dispon\u00edvel em afundante e flutuante com FLASH BOOST, JET BOOST e SCALE BOOST com grande movimento lateral (wobbling) quando puxada a uma velocidade constante ou potentes varia\u00e7\u00f5es se puxada fortemente.<\/div>\n<div>\u00a0<\/div>\n<div>Lan\u00e7amento a mais de\u00a0 65m de forma a chegar mais longe. FLASH BOOST aumenta a atratividade ao refletir a luz. A flutuante vai at\u00e9 0.70m e a afundante para outras profundidades.<\/div>\n<p>\u00a0<\/p>\n<p><span style=\"font-size: large;color: #000000\"><strong>\u00a0<\/strong><\/span><\/p>\n<p>\u00a0<\/p>\n<table class=\"table01\">\n<tr>\n<th>COMPRIMENTO<\/th>\n<td>125mm<\/td>\n<\/tr>\n<tr>\n<th>PESO<\/th>\n<td>27g<\/td>\n<\/tr>\n<tr>\n<th>TIPO<\/th>\n<td>Afundante<\/td>\n<\/tr>\n<tr>\n<th>OUTROS<\/th>\n<td>2XN\u00ba FATEIXAS<\/td>\n<\/tr>\n<\/table>\n<p>\u00a0<\/p>\n","protected":false},"excerpt":{"rendered":"<p>Amostra Exsence Strong Ass AR-C 125SFlash Boost 125mm 27g MAIWASHI<\/p>\n","protected":false},"featured_media":4358,"comment_status":"open","ping_status":"closed","template":"","meta":[],"product_brand":[],"product_cat":[49,121],"product_tag":[],"class_list":{"0":"post-1812","1":"product","2":"type-product","3":"status-publish","4":"has-post-thumbnail","6":"product_cat-030100-jerkbait-spinning","7":"product_cat-030111-shimano","9":"first","10":"instock","11":"taxable","12":"shipping-taxable","13":"purchasable","14":"product-type-variable"},"_links":{"self":[{"href":"https:\/\/idealpesca.com\/loja\/wp-json\/wp\/v2\/product\/1812","targetHints":{"allow":["GET"]}}],"collection":[{"href":"https:\/\/idealpesca.com\/loja\/wp-json\/wp\/v2\/product"}],"about":[{"href":"https:\/\/idealpesca.com\/loja\/wp-json\/wp\/v2\/types\/product"}],"replies":[{"embeddable":true,"href":"https:\/\/idealpesca.com\/loja\/wp-json\/wp\/v2\/comments?post=1812"}],"wp:featuredmedia":[{"embeddable":true,"href":"https:\/\/idealpesca.com\/loja\/wp-json\/wp\/v2\/media\/4358"}],"wp:attachment":[{"href":"https:\/\/idealpesca.com\/loja\/wp-json\/wp\/v2\/media?parent=1812"}],"wp:term":[{"taxonomy":"product_brand","embeddable":true,"href":"https:\/\/idealpesca.com\/loja\/wp-json\/wp\/v2\/product_brand?post=1812"},{"taxonomy":"product_cat","embeddable":true,"href":"https:\/\/idealpesca.com\/loja\/wp-json\/wp\/v2\/product_cat?post=1812"},{"taxonomy":"product_tag","embeddable":true,"href":"https:\/\/idealpesca.com\/loja\/wp-json\/wp\/v2\/product_tag?post=1812"}],"curies":[{"name":"wp","href":"https:\/\/api.w.org\/{rel}","templated":true}]}}