{"id":1804,"date":"2026-03-20T12:19:33","date_gmt":"2026-03-20T12:19:33","guid":{"rendered":"https:\/\/idealpesca.com\/loja\/produto\/cana-stradic-spinning-fast-244m-80-21-56g-2pc\/"},"modified":"2026-03-20T23:49:03","modified_gmt":"2026-03-20T23:49:03","slug":"cana-stradic-spinning-fast-244m-80-21-56g-2pc","status":"publish","type":"product","link":"https:\/\/idealpesca.com\/loja\/produto\/cana-stradic-spinning-fast-244m-80-21-56g-2pc\/","title":{"rendered":"Cana Stradic Spinning FAST 2,44m 8&#8217;0&#8221; 21-56g 2pc"},"content":{"rendered":"<p><span style=\"font-size: 1rem\">Total comprimento (mt): 2.44\u00a0<\/span><\/p>\n<div class=\"feature-wrapper ng-star-inserted\">\n<div>No. pe\u00e7as : 2<\/div>\n<div>\u00a0<\/div>\n<\/div>\n<div class=\"feature-wrapper ng-star-inserted\">\n<div>Ac\u00e7\u00e3o: R\u00e1pida\u00a0<\/div>\n<div>\u00a0<\/div>\n<\/div>\n<div class=\"feature-wrapper ng-star-inserted\">\n<div>Reel Seat: Fuji VSS<\/div>\n<div>\u00a0<\/div>\n<\/div>\n<div class=\"feature-wrapper ng-star-inserted\">\n<div>Tipo\/Modelo: Spinning<\/div>\n<div>\u00a0<\/div>\n<\/div>\n<div class=\"feature-wrapper ng-star-inserted\">\n<div>Comprimento fechado (cm): 135<\/div>\n<div>\u00a0<\/div>\n<\/div>\n<div class=\"feature-wrapper ng-star-inserted\">\n<div>Peso de lan\u00e7amento (g): 21-56<\/div>\n<div>\u00a0<\/div>\n<\/div>\n<div class=\"feature-wrapper ng-star-inserted\">\n<div>Tipo de Punho: Split Grip<\/div>\n<div>\u00a0<\/div>\n<\/div>\n<div class=\"feature-wrapper ng-star-inserted\">\n<div>Material do punho: EVA<\/div>\n<div>\u00a0<\/div>\n<\/div>\n<div class=\"feature-wrapper ng-star-inserted\">\n<div>Tipo de passadores: Fuji Alconite K-type<\/div>\n<div>\u00a0<\/div>\n<\/div>\n<div class=\"feature-wrapper ng-star-inserted\">\n<div>Material da estrutura dos passadores: A\u00e7o inox (Stainless Steel)<\/div>\n<\/div>\n<div class=\"feature-wrapper ng-star-inserted\">\n<div>\u00a0<\/div>\n<\/div>\n<div class=\"feature-wrapper ng-star-inserted\">\n<div>Blank Material &amp; Constru\u00e7\u00e3o:\u00a0<\/p>\n<div class=\"feature-wrapper ng-star-inserted\">\n<div>\u00a0<\/div>\n<div>High Modulus Full Carbon + XSR + Diaflash<\/div>\n<\/div>\n<div>\u00a0<\/div>\n<div>REF.SSTR80HFE<\/div>\n<div class=\"feature-wrapper ng-star-inserted\">\u00a0<\/div>\n<p>\u00a0<\/p>\n<\/div>\n<div>\u00a0<\/div>\n<\/div>\n<p>\u00a0<\/p>\n","protected":false},"excerpt":{"rendered":"<p>Novidade para 2023<\/p>\n","protected":false},"featured_media":4878,"comment_status":"open","ping_status":"closed","template":"","meta":[],"product_brand":[],"product_cat":[545,93],"product_tag":[],"class_list":{"0":"post-1804","1":"product","2":"type-product","3":"status-publish","4":"has-post-thumbnail","6":"product_cat-010200-spinning","7":"product_cat-010206-shimano","9":"first","10":"instock","11":"taxable","12":"shipping-taxable","13":"purchasable","14":"product-type-variable"},"_links":{"self":[{"href":"https:\/\/idealpesca.com\/loja\/wp-json\/wp\/v2\/product\/1804","targetHints":{"allow":["GET"]}}],"collection":[{"href":"https:\/\/idealpesca.com\/loja\/wp-json\/wp\/v2\/product"}],"about":[{"href":"https:\/\/idealpesca.com\/loja\/wp-json\/wp\/v2\/types\/product"}],"replies":[{"embeddable":true,"href":"https:\/\/idealpesca.com\/loja\/wp-json\/wp\/v2\/comments?post=1804"}],"wp:featuredmedia":[{"embeddable":true,"href":"https:\/\/idealpesca.com\/loja\/wp-json\/wp\/v2\/media\/4878"}],"wp:attachment":[{"href":"https:\/\/idealpesca.com\/loja\/wp-json\/wp\/v2\/media?parent=1804"}],"wp:term":[{"taxonomy":"product_brand","embeddable":true,"href":"https:\/\/idealpesca.com\/loja\/wp-json\/wp\/v2\/product_brand?post=1804"},{"taxonomy":"product_cat","embeddable":true,"href":"https:\/\/idealpesca.com\/loja\/wp-json\/wp\/v2\/product_cat?post=1804"},{"taxonomy":"product_tag","embeddable":true,"href":"https:\/\/idealpesca.com\/loja\/wp-json\/wp\/v2\/product_tag?post=1804"}],"curies":[{"name":"wp","href":"https:\/\/api.w.org\/{rel}","templated":true}]}}