{"id":1800,"date":"2026-03-20T12:19:32","date_gmt":"2026-03-20T12:19:32","guid":{"rendered":"https:\/\/idealpesca.com\/loja\/produto\/carreto-shimano-stradic-c5000xg-fm\/"},"modified":"2026-04-17T18:12:32","modified_gmt":"2026-04-17T17:12:32","slug":"carreto-shimano-stradic-c5000xg-fm","status":"publish","type":"product","link":"https:\/\/idealpesca.com\/loja\/produto\/carreto-shimano-stradic-c5000xg-fm\/","title":{"rendered":"Carreto SHIMANO Stradic C5000XG FM"},"content":{"rendered":"<p><strong><span style=\"font-size: large;color: #000000\">Rolamentos: 6+1<\/span><\/strong><\/p>\n<p><strong><span style=\"font-size: large;color: #000000\"> Ratio: 6.2:1<\/span><\/strong><\/p>\n<p><strong><span style=\"font-size: large;color: #000000\"> Recupera\u00e7\u00e3o: 101 cm. por volta<\/span><\/strong><\/p>\n<p><strong><span style=\"font-size: large;color: #000000\"> Bobine: 1 EM ALUM\u00cdNIO <\/span><\/strong><\/p>\n<p><strong><span style=\"font-size: large;color: #000000\">Capacidade de linha: 175 mt. de 0,35 mm<\/span><\/strong><\/p>\n<p><strong><span style=\"font-size: large;color: #000000\"> Embraiagem\/drag: Frontal de 11 KG.<\/span><\/strong><\/p>\n<p><strong><span style=\"font-size: large;color: #000000\"> Peso: 290 gramas<\/span><\/strong><\/p>\n<p><strong><span style=\"font-size: large;color: #000000\">REF.STC5000XGFM<\/span><\/strong><\/p>\n<p>\u00a0<\/p>\n<p>\u00a0<\/p>\n<p><strong><span style=\"font-size: large;color: #000000\">\u00a0<\/span><\/strong><\/p>\n","protected":false},"excerpt":{"rendered":"<p>O NOVO STRADIC FM<br \/>\nCARRETO COM A MELHOR RELA\u00c7\u00c3O PRE\u00c7O QUALIDADE DA GAMA&#8230;<\/p>\n","protected":false},"featured_media":5035,"template":"","meta":[],"product_brand":[],"product_cat":[45,75],"product_tag":[],"class_list":{"0":"post-1800","1":"product","2":"type-product","3":"status-publish","4":"has-post-thumbnail","6":"product_cat-020200-boia-spinning-eging","7":"product_cat-020208-shimano","9":"first","10":"outofstock","11":"taxable","12":"shipping-taxable","13":"product-type-variable"},"_links":{"self":[{"href":"https:\/\/idealpesca.com\/loja\/wp-json\/wp\/v2\/product\/1800","targetHints":{"allow":["GET"]}}],"collection":[{"href":"https:\/\/idealpesca.com\/loja\/wp-json\/wp\/v2\/product"}],"about":[{"href":"https:\/\/idealpesca.com\/loja\/wp-json\/wp\/v2\/types\/product"}],"wp:featuredmedia":[{"embeddable":true,"href":"https:\/\/idealpesca.com\/loja\/wp-json\/wp\/v2\/media\/5035"}],"wp:attachment":[{"href":"https:\/\/idealpesca.com\/loja\/wp-json\/wp\/v2\/media?parent=1800"}],"wp:term":[{"taxonomy":"product_brand","embeddable":true,"href":"https:\/\/idealpesca.com\/loja\/wp-json\/wp\/v2\/product_brand?post=1800"},{"taxonomy":"product_cat","embeddable":true,"href":"https:\/\/idealpesca.com\/loja\/wp-json\/wp\/v2\/product_cat?post=1800"},{"taxonomy":"product_tag","embeddable":true,"href":"https:\/\/idealpesca.com\/loja\/wp-json\/wp\/v2\/product_tag?post=1800"}],"curies":[{"name":"wp","href":"https:\/\/api.w.org\/{rel}","templated":true}]}}