{"id":17871,"date":"2012-02-06T18:09:44","date_gmt":"2012-02-06T18:09:44","guid":{"rendered":"https:\/\/idealpesca.com\/loja\/produto\/fio-sufix-sw-1000-mts-transparente\/"},"modified":"2026-05-14T17:18:31","modified_gmt":"2026-05-14T16:18:31","slug":"fio-sufix-sw-1000-mts-transparente","status":"publish","type":"product","link":"https:\/\/idealpesca.com\/loja\/produto\/fio-sufix-sw-1000-mts-transparente\/","title":{"rendered":"FIO Sufix SW 1000 mts. transparente"},"content":{"rendered":"<p><strong><span style=\"font-size: large;color: #000000\">&#8211; Bobines de 1000 metros.<\/span><\/strong><\/p>\n<p><strong><span style=\"font-size: large;color: #000000\">&#8211; Fio de alta qualidade.<\/span><\/strong><\/p>\n<p><strong><span style=\"font-size: large;color: #000000\">&#8211; Especial para carreto.<\/span><\/strong><\/p>\n<p><strong><span style=\"font-size: large;color: #000000\">&#8211; Alta resist\u00eancia \u00e0 abras\u00e3o.<\/span><\/strong><\/p>\n<p><strong><span style=\"font-size: large;color: #000000\">&#8211; Resistente ao n\u00f3.<\/span><\/strong><\/p>\n<table class=\"table bordered js-pswp-gallery\">\n<thead>\n<tr>\n<th>Di\u00e2metro (mm)<\/th>\n<th>\u00a0<\/th>\n<th>Resist\u00eancia<\/th>\n<th>1000 m<br \/>TRANSPARENTE<\/th>\n<\/tr>\n<\/thead>\n<tbody>\n<tr>\n<td>30\/100<\/td>\n<td>\u00a0<\/td>\n<td>12,54 kg<\/td>\n<td>\u00a0<\/td>\n<\/tr>\n<tr>\n<td>35\/100<\/td>\n<td>\u00a0<\/td>\n<td>16,72 kg<\/td>\n<td><a class=\"picture js-pswp-item\" href=\"https:\/\/www.daiwa.pt\/uploads\/products\/line_equipment\/2019\/10\/12696645_1200x1200.jpg\" data-size=\"1200x1200\" data-med=\"\/uploads\/products\/line_equipment\/2019\/10\/12696645_800x800.jpg\" data-med-size=\"800x800\"><span class=\"inner\"><img decoding=\"async\" src=\"image\/gif;base64,R0lGODlhAQABAIAAAMLCwgAAACH5BAAAAAAALAAAAAABAAEAAAICRAEAOw==\" alt=\"\" width=\"1\" height=\"1\" \/><\/span><\/a><\/p>\n<figure><\/figure>\n<\/td>\n<\/tr>\n<tr>\n<td>40\/100<\/td>\n<td>\u00a0<\/td>\n<td>20,90 kg<\/td>\n<td><span class=\"inner\">\u00a0<\/span><\/td>\n<\/tr>\n<tr>\n<td>45\/100<\/td>\n<td>\u00a0<\/td>\n<td>26,3 kg<\/td>\n<td><span class=\"inner\">\u00a0<\/span><\/td>\n<\/tr>\n<tr>\n<td>50\/100<\/td>\n<td>\u00a0<\/td>\n<td>32,87 kg<\/td>\n<td><span class=\"inner\">\u00a0<\/span><\/td>\n<\/tr>\n<\/tbody>\n<\/table>\n","protected":false},"excerpt":{"rendered":"<p>Bobines de 1000 metros em transparente<br \/>\ndisponivel do 0.30 mm ao 0.50 mm<\/p>\n","protected":false},"featured_media":26220,"comment_status":"open","ping_status":"closed","template":"","meta":[],"product_brand":[],"product_cat":[47,324],"product_tag":[],"class_list":{"0":"post-17871","1":"product","2":"type-product","3":"status-publish","4":"has-post-thumbnail","6":"product_cat-060300-monofilamento-nylon-500-a-3000-metros","7":"product_cat-060309-sufix","9":"first","10":"instock","11":"taxable","12":"shipping-taxable","13":"purchasable","14":"product-type-variable"},"_links":{"self":[{"href":"https:\/\/idealpesca.com\/loja\/wp-json\/wp\/v2\/product\/17871","targetHints":{"allow":["GET"]}}],"collection":[{"href":"https:\/\/idealpesca.com\/loja\/wp-json\/wp\/v2\/product"}],"about":[{"href":"https:\/\/idealpesca.com\/loja\/wp-json\/wp\/v2\/types\/product"}],"replies":[{"embeddable":true,"href":"https:\/\/idealpesca.com\/loja\/wp-json\/wp\/v2\/comments?post=17871"}],"wp:featuredmedia":[{"embeddable":true,"href":"https:\/\/idealpesca.com\/loja\/wp-json\/wp\/v2\/media\/26220"}],"wp:attachment":[{"href":"https:\/\/idealpesca.com\/loja\/wp-json\/wp\/v2\/media?parent=17871"}],"wp:term":[{"taxonomy":"product_brand","embeddable":true,"href":"https:\/\/idealpesca.com\/loja\/wp-json\/wp\/v2\/product_brand?post=17871"},{"taxonomy":"product_cat","embeddable":true,"href":"https:\/\/idealpesca.com\/loja\/wp-json\/wp\/v2\/product_cat?post=17871"},{"taxonomy":"product_tag","embeddable":true,"href":"https:\/\/idealpesca.com\/loja\/wp-json\/wp\/v2\/product_tag?post=17871"}],"curies":[{"name":"wp","href":"https:\/\/api.w.org\/{rel}","templated":true}]}}