{"id":1786,"date":"2026-03-20T12:19:28","date_gmt":"2026-03-20T12:19:28","guid":{"rendered":"https:\/\/idealpesca.com\/loja\/produto\/cana-cinnetic-9500-skyline-evolution-mh-3-30mt-game\/"},"modified":"2026-03-20T23:46:11","modified_gmt":"2026-03-20T23:46:11","slug":"cana-cinnetic-9500-skyline-evolution-mh-3-30mt-game","status":"publish","type":"product","link":"https:\/\/idealpesca.com\/loja\/produto\/cana-cinnetic-9500-skyline-evolution-mh-3-30mt-game\/","title":{"rendered":"Cana CINNETIC 9500 SKYLINE Evolution MH 3.30mt. game"},"content":{"rendered":"<p><span style=\"font-size: large;color: #000000\"><strong>TAMANHO: 3.30 MT.<\/strong><\/span><\/p>\n<p><span style=\"font-size: large;color: #000000\"><strong>AC\u00c7\u00c3O: 40-120 GRAMAS regular<\/strong><\/span><\/p>\n<p><span style=\"font-size: large;color: #000000\"><strong>AC\u00c7\u00c3O M\u00c1X. RECOMENDADA DE AMOSTRA: 80 GR.<\/strong><\/span><\/p>\n<p><span style=\"font-size: large;color: #000000\"><strong>PASSADORES: tipo &#8220;K&#8221; em c\u00f4r gun smoke<br \/><\/strong><\/span><\/p>\n<p><span style=\"font-size: large;color: #000000\"><strong>PORTA CARRETOS: FUJI DPS<\/strong><\/span><\/p>\n<p><span style=\"font-size: large;color: #000000\"><strong>PESO: 275 GRAMAS<\/strong><\/span><\/p>\n<p><span style=\"font-size: large;color: #000000\"><strong>COMPRIMENTO FECHADA: 170CM.<\/strong><\/span><\/p>\n<p><span style=\"font-size: large;color: #000000\"><strong>2 SEC\u00c7\u00d5ES<\/strong><\/span><\/p>\n<p>\u00a0<\/p>\n<p>\u00a0<\/p>\n<p><span style=\"font-size: large;color: #000000\"><strong>\u00a0<\/strong><\/span><\/p>\n","protected":false},"excerpt":{"rendered":"<p>Nova vers\u00e3o 2024<\/p>\n","protected":false},"featured_media":5021,"comment_status":"open","ping_status":"closed","template":"","meta":[],"product_brand":[],"product_cat":[545,218,43],"product_tag":[],"class_list":{"0":"post-1786","1":"product","2":"type-product","3":"status-publish","4":"has-post-thumbnail","6":"product_cat-010200-spinning","7":"product_cat-010202-cinnetic","8":"product_cat-310000-novidades-gerais","10":"first","11":"instock","12":"taxable","13":"shipping-taxable","14":"purchasable","15":"product-type-variable"},"_links":{"self":[{"href":"https:\/\/idealpesca.com\/loja\/wp-json\/wp\/v2\/product\/1786","targetHints":{"allow":["GET"]}}],"collection":[{"href":"https:\/\/idealpesca.com\/loja\/wp-json\/wp\/v2\/product"}],"about":[{"href":"https:\/\/idealpesca.com\/loja\/wp-json\/wp\/v2\/types\/product"}],"replies":[{"embeddable":true,"href":"https:\/\/idealpesca.com\/loja\/wp-json\/wp\/v2\/comments?post=1786"}],"wp:featuredmedia":[{"embeddable":true,"href":"https:\/\/idealpesca.com\/loja\/wp-json\/wp\/v2\/media\/5021"}],"wp:attachment":[{"href":"https:\/\/idealpesca.com\/loja\/wp-json\/wp\/v2\/media?parent=1786"}],"wp:term":[{"taxonomy":"product_brand","embeddable":true,"href":"https:\/\/idealpesca.com\/loja\/wp-json\/wp\/v2\/product_brand?post=1786"},{"taxonomy":"product_cat","embeddable":true,"href":"https:\/\/idealpesca.com\/loja\/wp-json\/wp\/v2\/product_cat?post=1786"},{"taxonomy":"product_tag","embeddable":true,"href":"https:\/\/idealpesca.com\/loja\/wp-json\/wp\/v2\/product_tag?post=1786"}],"curies":[{"name":"wp","href":"https:\/\/api.w.org\/{rel}","templated":true}]}}