{"id":1729,"date":"2026-03-20T12:19:08","date_gmt":"2026-03-20T12:19:08","guid":{"rendered":"https:\/\/idealpesca.com\/loja\/produto\/mochila-daiwa-tournament-surf\/"},"modified":"2026-04-17T18:08:41","modified_gmt":"2026-04-17T17:08:41","slug":"mochila-daiwa-tournament-surf","status":"publish","type":"product","link":"https:\/\/idealpesca.com\/loja\/produto\/mochila-daiwa-tournament-surf\/","title":{"rendered":"Mochila DAIWA Tournament surf"},"content":{"rendered":"<p>\u00a0<\/p>\n<table class=\"table bordered js-pswp-gallery\">\n<tr>\n<th>Refer\u00eancia<\/th>\n<th>Cor<\/th>\n<th>Dimens\u00f5es<\/th>\n<td>\u00a0<\/td>\n<\/tr>\n<tr>\n<td><span class=\"new\">SA429016<\/span><\/td>\n<td>Vermelho e preto<\/td>\n<td>60 x 32 x 49 cm<\/td>\n<td>\u00a0<\/td>\n<\/tr>\n<\/table>\n<p>Todas as vantagens da nossa bagagem dedicada ao surf casting, reunida num s\u00f3 saco! Este saco possui um sistema de transporte confort\u00e1vel, acolchoado e ajust\u00e1vel ao n\u00edvel dos ombros, busto e quadris.<\/p>\n<p>Capacidade com todo o seu equipamento de pesca: carretos, bobinas, caixas, baixadas, tubo de agulha, chumbadas, acess\u00f3rios, etc .<\/p>\n<p>Vem com uma geleira para garrafas de 1,5lts.<\/p>\n<p>A parte inferior externa do saco \u00e9 \u00e0 prova d&#8217;\u00e1gua para manter o equipamento seco. Todas os fechos do saco s\u00e3o de pl\u00e1stico para otimizar sua vida \u00fatil em ambiente salino .<\/p>\n<p>\u00c9 uma ferramenta ideal para pescadores exigentes e organizados que n\u00e3o negligenciam no equipamento levado para a beira-mar.<\/p>\n","protected":false},"excerpt":{"rendered":"<p>Um Topo de Gama em mochilas para o Surfcasting<br \/>\nUm saco engenhoso com uma capacidade generosa!<\/p>\n","protected":false},"featured_media":4965,"comment_status":"open","ping_status":"closed","template":"","meta":[],"product_brand":[],"product_cat":[171,43],"product_tag":[],"class_list":{"0":"post-1729","1":"product","2":"type-product","3":"status-publish","4":"has-post-thumbnail","6":"product_cat-070000-mochilas-e-bolsas-de-pesca","7":"product_cat-310000-novidades-gerais","9":"first","10":"outofstock","11":"taxable","12":"shipping-taxable","13":"purchasable","14":"product-type-simple"},"_links":{"self":[{"href":"https:\/\/idealpesca.com\/loja\/wp-json\/wp\/v2\/product\/1729","targetHints":{"allow":["GET"]}}],"collection":[{"href":"https:\/\/idealpesca.com\/loja\/wp-json\/wp\/v2\/product"}],"about":[{"href":"https:\/\/idealpesca.com\/loja\/wp-json\/wp\/v2\/types\/product"}],"replies":[{"embeddable":true,"href":"https:\/\/idealpesca.com\/loja\/wp-json\/wp\/v2\/comments?post=1729"}],"wp:featuredmedia":[{"embeddable":true,"href":"https:\/\/idealpesca.com\/loja\/wp-json\/wp\/v2\/media\/4965"}],"wp:attachment":[{"href":"https:\/\/idealpesca.com\/loja\/wp-json\/wp\/v2\/media?parent=1729"}],"wp:term":[{"taxonomy":"product_brand","embeddable":true,"href":"https:\/\/idealpesca.com\/loja\/wp-json\/wp\/v2\/product_brand?post=1729"},{"taxonomy":"product_cat","embeddable":true,"href":"https:\/\/idealpesca.com\/loja\/wp-json\/wp\/v2\/product_cat?post=1729"},{"taxonomy":"product_tag","embeddable":true,"href":"https:\/\/idealpesca.com\/loja\/wp-json\/wp\/v2\/product_tag?post=1729"}],"curies":[{"name":"wp","href":"https:\/\/api.w.org\/{rel}","templated":true}]}}