{"id":1728,"date":"2026-03-20T12:19:07","date_gmt":"2026-03-20T12:19:07","guid":{"rendered":"https:\/\/idealpesca.com\/loja\/produto\/saco-semi-rigido-para-canas-daiwa-tournament\/"},"modified":"2026-03-20T23:56:57","modified_gmt":"2026-03-20T23:56:57","slug":"saco-semi-rigido-para-canas-daiwa-tournament","status":"publish","type":"product","link":"https:\/\/idealpesca.com\/loja\/produto\/saco-semi-rigido-para-canas-daiwa-tournament\/","title":{"rendered":"Saco SEMI R\u00cdGIDO para Canas DAIWA Tournament"},"content":{"rendered":"<p><span style=\"float: none;background-color: #ffffff;color: #292f38;font-family: OpenSansRegular,Arial,sans-serif;font-size: 15px;font-style: normal;font-variant: normal;font-weight: 400;letter-spacing: normal;text-align: left;text-decoration: none;text-indent: 0px;text-transform: none;white-space: normal\">Este grande saco \u00e9 um topo de gama com design moderno dedicado ao armazenamento de canas de surfcasting de encaixe ou telesc\u00f3picas. \u00c9 composto por 2 compartimentos, um estudado para as canas e outro para os suportes de canas. V\u00e1rias pegas facilitam a utiliza\u00e7\u00e3o. A al\u00e7a \u00e9 alcochoada para garantir a prote\u00e7\u00e3o dos ombros. Os fechos em pl\u00e1stico evitam que o sal os danifiquem.<\/span><\/p>\n<p>\u00a0<\/p>\n<table class=\"table bordered js-pswp-gallery\">\n<tr>\n<th>\u00a0<\/th>\n<th>Refer\u00eancia<\/th>\n<th>Cor<\/th>\n<th>Dimensi\u00f5es<\/th>\n<\/tr>\n<tr>\n<td><span class=\"new\">N<\/span><\/td>\n<td>FO429078<\/td>\n<td>Vermelho e preto<\/td>\n<td>170x23x15.5cm<\/td>\n<\/tr>\n<\/table>\n","protected":false},"excerpt":{"rendered":"<p>NOVIDADE 2020<\/p>\n","protected":false},"featured_media":4963,"comment_status":"open","ping_status":"closed","template":"","meta":[],"product_brand":[],"product_cat":[59],"product_tag":[],"class_list":{"0":"post-1728","1":"product","2":"type-product","3":"status-publish","4":"has-post-thumbnail","6":"product_cat-150000-estojos-e-bolsas-para-canas","8":"first","9":"instock","10":"taxable","11":"shipping-taxable","12":"purchasable","13":"product-type-variable"},"_links":{"self":[{"href":"https:\/\/idealpesca.com\/loja\/wp-json\/wp\/v2\/product\/1728","targetHints":{"allow":["GET"]}}],"collection":[{"href":"https:\/\/idealpesca.com\/loja\/wp-json\/wp\/v2\/product"}],"about":[{"href":"https:\/\/idealpesca.com\/loja\/wp-json\/wp\/v2\/types\/product"}],"replies":[{"embeddable":true,"href":"https:\/\/idealpesca.com\/loja\/wp-json\/wp\/v2\/comments?post=1728"}],"wp:featuredmedia":[{"embeddable":true,"href":"https:\/\/idealpesca.com\/loja\/wp-json\/wp\/v2\/media\/4963"}],"wp:attachment":[{"href":"https:\/\/idealpesca.com\/loja\/wp-json\/wp\/v2\/media?parent=1728"}],"wp:term":[{"taxonomy":"product_brand","embeddable":true,"href":"https:\/\/idealpesca.com\/loja\/wp-json\/wp\/v2\/product_brand?post=1728"},{"taxonomy":"product_cat","embeddable":true,"href":"https:\/\/idealpesca.com\/loja\/wp-json\/wp\/v2\/product_cat?post=1728"},{"taxonomy":"product_tag","embeddable":true,"href":"https:\/\/idealpesca.com\/loja\/wp-json\/wp\/v2\/product_tag?post=1728"}],"curies":[{"name":"wp","href":"https:\/\/api.w.org\/{rel}","templated":true}]}}