{"id":1713,"date":"2026-03-20T12:19:03","date_gmt":"2026-03-20T12:19:03","guid":{"rendered":"https:\/\/idealpesca.com\/loja\/produto\/carreto-penn-spinfisher-vii-spinning-3500\/"},"modified":"2026-03-20T23:50:47","modified_gmt":"2026-03-20T23:50:47","slug":"carreto-penn-spinfisher-vii-spinning-3500","status":"publish","type":"product","link":"https:\/\/idealpesca.com\/loja\/produto\/carreto-penn-spinfisher-vii-spinning-3500\/","title":{"rendered":"Carreto PENN Spinfisher\u00ae VII Spinning 3500"},"content":{"rendered":"<p><strong>Rolamentos:<\/strong> 5+1<\/p>\n<p><strong>Recupera\u00e7\u00e3o\/ratio:<\/strong> 6.2:1<\/p>\n<p><strong>Bobine:<\/strong> 1 em alum\u00ednio<\/p>\n<p><strong>Capacidade de linha:<\/strong> 180 mtrs de 0.31mm<\/p>\n<p><strong>Embraiagem\/drag: 6.8kg<\/strong><\/p>\n<p><strong>Peso: 350 <\/strong>gramas<\/p>\n<p><strong>Material: Corpo em metal <br \/><\/strong><\/p>\n<p><strong>RECUPERA\u00c7\u00c3O POR VOLTA DE MANIVELA: 93 cm<\/strong><\/p>\n<p><span class=\"Y2IQFc\">O PENN\u00ae\u00ae Spinfisher\u00ae VII Spinning possui isolamento IPX5,<br \/>portanto, seja ele atingido por uma onda ou deixado na \u00e1gua at\u00e9 chegar em casa,<br \/>voc\u00ea n\u00e3o precisa se preocupar com a entrada de \u00e1gua salgada na caixa de c\u00e2mbio <br \/>ou no sistema de arrasto. Embraiagem HT-100\u2122 est\u00e3o alojadas em um carreto totalmente<br \/>selado para fornecer o poder de travagem necess\u00e1rio para grandes peixes de \u00e1gua salgada. <br \/>Um corpo totalmente met\u00e1lico e uma placa lateral mant\u00eam o sistema de engrenagens CNC <br \/>em alinhamento preciso sob cargas pesadas. Dispon\u00edvel em v\u00e1rios tamanhos<br \/><\/span><\/p>\n","protected":false},"excerpt":{"rendered":"<p>NOVO PENN VII<br \/>\nCarreto para pesca LIGEIRA<\/p>\n","protected":false},"featured_media":4941,"comment_status":"open","ping_status":"closed","template":"","meta":[],"product_brand":[],"product_cat":[35,45,77,44,71],"product_tag":[],"class_list":{"0":"post-1713","1":"product","2":"type-product","3":"status-publish","4":"has-post-thumbnail","6":"product_cat-020000-carretos","7":"product_cat-020200-boia-spinning-eging","8":"product_cat-020207-penn","9":"product_cat-020300-barco-buldo-falesia","10":"product_cat-020305-penn","12":"first","13":"instock","14":"taxable","15":"shipping-taxable","16":"purchasable","17":"product-type-variable"},"_links":{"self":[{"href":"https:\/\/idealpesca.com\/loja\/wp-json\/wp\/v2\/product\/1713","targetHints":{"allow":["GET"]}}],"collection":[{"href":"https:\/\/idealpesca.com\/loja\/wp-json\/wp\/v2\/product"}],"about":[{"href":"https:\/\/idealpesca.com\/loja\/wp-json\/wp\/v2\/types\/product"}],"replies":[{"embeddable":true,"href":"https:\/\/idealpesca.com\/loja\/wp-json\/wp\/v2\/comments?post=1713"}],"wp:featuredmedia":[{"embeddable":true,"href":"https:\/\/idealpesca.com\/loja\/wp-json\/wp\/v2\/media\/4941"}],"wp:attachment":[{"href":"https:\/\/idealpesca.com\/loja\/wp-json\/wp\/v2\/media?parent=1713"}],"wp:term":[{"taxonomy":"product_brand","embeddable":true,"href":"https:\/\/idealpesca.com\/loja\/wp-json\/wp\/v2\/product_brand?post=1713"},{"taxonomy":"product_cat","embeddable":true,"href":"https:\/\/idealpesca.com\/loja\/wp-json\/wp\/v2\/product_cat?post=1713"},{"taxonomy":"product_tag","embeddable":true,"href":"https:\/\/idealpesca.com\/loja\/wp-json\/wp\/v2\/product_tag?post=1713"}],"curies":[{"name":"wp","href":"https:\/\/api.w.org\/{rel}","templated":true}]}}