{"id":1683,"date":"2026-03-20T12:18:53","date_gmt":"2026-03-20T12:18:53","guid":{"rendered":"https:\/\/idealpesca.com\/loja\/produto\/cabo-de-camaroeiro-daiwa-legalis-590\/"},"modified":"2026-03-20T23:44:28","modified_gmt":"2026-03-20T23:44:28","slug":"cabo-de-camaroeiro-daiwa-legalis-590","status":"publish","type":"product","link":"https:\/\/idealpesca.com\/loja\/produto\/cabo-de-camaroeiro-daiwa-legalis-590\/","title":{"rendered":"Cabo de CAMAROEIRO DAIWA Legalis 590"},"content":{"rendered":"<p><span style=\"font-size: large;color: #000000\"><strong>Usadas por entusiastas itinerantes da pesca costeira no Jap\u00e3o, essas al\u00e7as de carbono longas, leves e robustas s\u00e3o acionadas instantaneamente com um movimento do pulso assim que voc\u00ea inclina a rede de pouso para baixo. Adapt\u00e1mos, nestes cabos japoneses, uma rosca europeia compat\u00edvel com a maioria das cabe\u00e7as de rede dispon\u00edveis no mercado. A al\u00e7a de transporte permite que voc\u00ea segure a rede de pouso sobre o ombro para facilitar a pesca enquanto est\u00e1 pronto para desembarcar um peixe grande. \u00c9 a ferramenta ideal para a pr\u00e1tica da pesca de rua e tamb\u00e9m da pesca em pedras, em posi\u00e7\u00f5es salientes como cais, canais, grandes enrocamento ou diques<\/strong><\/span><\/p>\n<p>\u00a0<\/p>\n<p><span style=\"font-size: large;color: #000000\"><strong>&#8211; Cabos de alta qualidade com <br \/><\/strong><\/span><\/p>\n<p><span style=\"font-size: large;color: #000000\"><strong>&#8211; Al\u00e7a para melhor transporte<\/strong><\/span><\/p>\n<table class=\"table bordered js-pswp-gallery\">\n<tr>\n<th>comp. \/ elementos<\/th>\n<th>Recolhido<\/th>\n<th>Peso<\/th>\n<th>Refer\u00eancia<\/th>\n<\/tr>\n<tr>\n<td>2,55 m \/ 7<\/td>\n<td>46cm<\/td>\n<td>338gr<\/td>\n<td>LLNH255AF<\/td>\n<\/tr>\n<tr>\n<td>3,60 m \/ 10<\/td>\n<td>46cm<\/td>\n<td>514gr<\/td>\n<td>LLNH360AF<\/td>\n<\/tr>\n<tr>\n<td>4,10 m \/ 7<\/td>\n<td>69cm<\/td>\n<td>417gr<\/td>\n<td>LLNH410AF<\/td>\n<\/tr>\n<tr>\n<td>5,90 m \/ 10<\/td>\n<td>70cm<\/td>\n<td>705gr<\/td>\n<td>LLNH590AF<\/td>\n<\/tr>\n<\/table>\n","protected":false},"excerpt":{"rendered":"<p>Novos camaroeiros LEGALIS muito compridos e recolhidos muito curtos!<br \/>\ndispon\u00edvel em 4 tamanhos<\/p>\n","protected":false},"featured_media":4899,"comment_status":"open","ping_status":"closed","template":"","meta":[],"product_brand":[],"product_cat":[58],"product_tag":[],"class_list":{"0":"post-1683","1":"product","2":"type-product","3":"status-publish","4":"has-post-thumbnail","6":"product_cat-200000-cabos-e-chalavares","8":"first","9":"instock","10":"taxable","11":"shipping-taxable","12":"purchasable","13":"product-type-variable"},"_links":{"self":[{"href":"https:\/\/idealpesca.com\/loja\/wp-json\/wp\/v2\/product\/1683","targetHints":{"allow":["GET"]}}],"collection":[{"href":"https:\/\/idealpesca.com\/loja\/wp-json\/wp\/v2\/product"}],"about":[{"href":"https:\/\/idealpesca.com\/loja\/wp-json\/wp\/v2\/types\/product"}],"replies":[{"embeddable":true,"href":"https:\/\/idealpesca.com\/loja\/wp-json\/wp\/v2\/comments?post=1683"}],"wp:featuredmedia":[{"embeddable":true,"href":"https:\/\/idealpesca.com\/loja\/wp-json\/wp\/v2\/media\/4899"}],"wp:attachment":[{"href":"https:\/\/idealpesca.com\/loja\/wp-json\/wp\/v2\/media?parent=1683"}],"wp:term":[{"taxonomy":"product_brand","embeddable":true,"href":"https:\/\/idealpesca.com\/loja\/wp-json\/wp\/v2\/product_brand?post=1683"},{"taxonomy":"product_cat","embeddable":true,"href":"https:\/\/idealpesca.com\/loja\/wp-json\/wp\/v2\/product_cat?post=1683"},{"taxonomy":"product_tag","embeddable":true,"href":"https:\/\/idealpesca.com\/loja\/wp-json\/wp\/v2\/product_tag?post=1683"}],"curies":[{"name":"wp","href":"https:\/\/api.w.org\/{rel}","templated":true}]}}