{"id":1682,"date":"2026-03-20T12:18:52","date_gmt":"2026-03-20T12:18:52","guid":{"rendered":"https:\/\/idealpesca.com\/loja\/produto\/berkley-dex-strider-12-cms\/"},"modified":"2026-03-20T23:42:29","modified_gmt":"2026-03-20T23:42:29","slug":"berkley-dex-strider-12-cms","status":"publish","type":"product","link":"https:\/\/idealpesca.com\/loja\/produto\/berkley-dex-strider-12-cms\/","title":{"rendered":"BERKLEY DEX STRIDER 12 CMS"},"content":{"rendered":"<p>\u00a0<\/p>\n<p>Cabe\u00e7a popper para pesca \u00e0 superficie, desenvolve ruido na \u00e1gua para atrair os predadores.<\/p>\n<p>Peso 20 grs<\/p>\n<p>Comprimento 120mm<\/p>\n","protected":false},"excerpt":{"rendered":"<p>AMOSTRAS PARA PESCA DE SUFERFIC\u00cdE<\/p>\n","protected":false},"featured_media":4897,"comment_status":"open","ping_status":"closed","template":"","meta":[],"product_brand":[],"product_cat":[50,524],"product_tag":[],"class_list":{"0":"post-1682","1":"product","2":"type-product","3":"status-publish","4":"has-post-thumbnail","6":"product_cat-030300-superficie-passeantes-poppers","7":"product_cat-030312-berkley","9":"first","10":"instock","11":"taxable","12":"shipping-taxable","13":"purchasable","14":"product-type-variable"},"_links":{"self":[{"href":"https:\/\/idealpesca.com\/loja\/wp-json\/wp\/v2\/product\/1682","targetHints":{"allow":["GET"]}}],"collection":[{"href":"https:\/\/idealpesca.com\/loja\/wp-json\/wp\/v2\/product"}],"about":[{"href":"https:\/\/idealpesca.com\/loja\/wp-json\/wp\/v2\/types\/product"}],"replies":[{"embeddable":true,"href":"https:\/\/idealpesca.com\/loja\/wp-json\/wp\/v2\/comments?post=1682"}],"wp:featuredmedia":[{"embeddable":true,"href":"https:\/\/idealpesca.com\/loja\/wp-json\/wp\/v2\/media\/4897"}],"wp:attachment":[{"href":"https:\/\/idealpesca.com\/loja\/wp-json\/wp\/v2\/media?parent=1682"}],"wp:term":[{"taxonomy":"product_brand","embeddable":true,"href":"https:\/\/idealpesca.com\/loja\/wp-json\/wp\/v2\/product_brand?post=1682"},{"taxonomy":"product_cat","embeddable":true,"href":"https:\/\/idealpesca.com\/loja\/wp-json\/wp\/v2\/product_cat?post=1682"},{"taxonomy":"product_tag","embeddable":true,"href":"https:\/\/idealpesca.com\/loja\/wp-json\/wp\/v2\/product_tag?post=1682"}],"curies":[{"name":"wp","href":"https:\/\/api.w.org\/{rel}","templated":true}]}}