{"id":168,"date":"2026-03-20T12:12:57","date_gmt":"2026-03-20T12:12:57","guid":{"rendered":"https:\/\/idealpesca.com\/loja\/produto\/cinnetic-sky-line-2000-mt-1\/"},"modified":"2026-03-20T23:51:53","modified_gmt":"2026-03-20T23:51:53","slug":"cinnetic-sky-line-2000-mt-1","status":"publish","type":"product","link":"https:\/\/idealpesca.com\/loja\/produto\/cinnetic-sky-line-2000-mt-1\/","title":{"rendered":"Cinnetic Sky Line 2000 Mt. RED INFERNO"},"content":{"rendered":"<p>&#8211; Bobines com 2000 mtrs.;<\/p>\n<p>&#8211; C\u00f4r: vermelha;<\/p>\n<p>\u00a0<\/p>\n","protected":false},"excerpt":{"rendered":"<p>M\u00e1ximo lan\u00e7amento e m\u00e1xima durabilidade<\/p>\n","protected":false},"featured_media":2820,"comment_status":"open","ping_status":"closed","template":"","meta":[],"product_brand":[],"product_cat":[47,323],"product_tag":[],"class_list":{"0":"post-168","1":"product","2":"type-product","3":"status-publish","4":"has-post-thumbnail","6":"product_cat-060300-monofilamento-nylon-500-a-3000-metros","7":"product_cat-060304-cinnetic","9":"first","10":"instock","11":"taxable","12":"shipping-taxable","13":"purchasable","14":"product-type-variable"},"_links":{"self":[{"href":"https:\/\/idealpesca.com\/loja\/wp-json\/wp\/v2\/product\/168","targetHints":{"allow":["GET"]}}],"collection":[{"href":"https:\/\/idealpesca.com\/loja\/wp-json\/wp\/v2\/product"}],"about":[{"href":"https:\/\/idealpesca.com\/loja\/wp-json\/wp\/v2\/types\/product"}],"replies":[{"embeddable":true,"href":"https:\/\/idealpesca.com\/loja\/wp-json\/wp\/v2\/comments?post=168"}],"wp:featuredmedia":[{"embeddable":true,"href":"https:\/\/idealpesca.com\/loja\/wp-json\/wp\/v2\/media\/2820"}],"wp:attachment":[{"href":"https:\/\/idealpesca.com\/loja\/wp-json\/wp\/v2\/media?parent=168"}],"wp:term":[{"taxonomy":"product_brand","embeddable":true,"href":"https:\/\/idealpesca.com\/loja\/wp-json\/wp\/v2\/product_brand?post=168"},{"taxonomy":"product_cat","embeddable":true,"href":"https:\/\/idealpesca.com\/loja\/wp-json\/wp\/v2\/product_cat?post=168"},{"taxonomy":"product_tag","embeddable":true,"href":"https:\/\/idealpesca.com\/loja\/wp-json\/wp\/v2\/product_tag?post=168"}],"curies":[{"name":"wp","href":"https:\/\/api.w.org\/{rel}","templated":true}]}}