{"id":1679,"date":"2026-03-20T12:18:51","date_gmt":"2026-03-20T12:18:51","guid":{"rendered":"https:\/\/idealpesca.com\/loja\/produto\/carreto-daiwa-emblem-45-surf-scw-qd\/"},"modified":"2026-03-20T23:50:14","modified_gmt":"2026-03-20T23:50:14","slug":"carreto-daiwa-emblem-45-surf-scw-qd","status":"publish","type":"product","link":"https:\/\/idealpesca.com\/loja\/produto\/carreto-daiwa-emblem-45-surf-scw-qd\/","title":{"rendered":"Carreto DAIWA Emblem 45 Surf Scw QD"},"content":{"rendered":"<div class=\"product-content\">\n<div class=\"product-content-inner\">\n<div class=\"polymorphic-table product-table\">\n<div class=\"polymorphic-table-inner\">\n<p>Ouvindo os pescadores apaixonados pelo surf casting, os engenheiros da Daiwa conceberam o produto mais adaptado \u00e0s necessidades dos especialistas locais: um carreto fluido, equilibrado que permita adaptar-se a todas as situa\u00e7\u00f5es.<\/p>\n<p>A tecnologia exclusiva Magsealed assegura rota\u00e7\u00e3o suave, o conceito \u00ab Slow Cross Wrap \u00bb estabiliza o carreto e favorece a arruma\u00e7\u00e3o do fio sobre a bobina e, finalmente, as 2 bobinas suplementares tornam o carreto muito polivalente.<\/p>\n<p>Todas as tecnologias Daiwa est\u00e3o a servi\u00e7o das vossas performances.<\/p>\n<p>\u00a0<\/p>\n<ul>\n<li>Drag r\u00e1pido Quick Drag<\/li>\n<li>Rolamentos: 6\u00a0<\/li>\n<li>Corpo e rotor em policarbonato para maior resist\u00eancia conservando a leveza<\/li>\n<li>Bobinas de origem e 1 suplementar em alum\u00ednio<\/li>\n<li>Enrolamento oscila\u00e7\u00e3o lenta (Slow Cross Wrap)<\/li>\n<li>Manivela alum\u00ednio rebat\u00edvel<\/li>\n<li>Clip linha HIP met\u00e1lico montado sobre amortecedor, muito robusto para marcar a sua dist\u00e2ncia de lan\u00e7amento sem riscos de quebra<\/li>\n<\/ul>\n<table class=\"table bordered js-pswp-gallery\">\n<tr>\n<th>Refer\u00eancia<\/th>\n<th>Pega<\/th>\n<th>R\u00e1cio (\/1)<\/th>\n<th>VMV (cm)<\/th>\n<th>Peso (g)<\/th>\n<th>Nylon (m\/mm)<\/th>\n<th>Drag (kg)<\/th>\n<\/tr>\n<tr>\n<td>EMS2345SCWQD<\/td>\n<td>T<\/td>\n<td>4,9<\/td>\n<td>104cm<\/td>\n<td>605g<\/td>\n<td>300m\/0,30mm<\/td>\n<td>15kg<\/td>\n<\/tr>\n<\/table>\n<p>\u00a0<\/p>\n<\/div>\n<\/div>\n<\/div>\n<\/div>\n","protected":false},"excerpt":{"rendered":"<p>VERS\u00c3O 45 COM BOBINE C\u00d3NICA<\/p>\n<p>Nova vers\u00e3o 2024<\/p>\n","protected":false},"featured_media":4893,"comment_status":"open","ping_status":"closed","template":"","meta":[],"product_brand":[],"product_cat":[46,85,517],"product_tag":[],"class_list":{"0":"post-1679","1":"product","2":"type-product","3":"status-publish","4":"has-post-thumbnail","6":"product_cat-020100-surfcasting-pesca-de-lancamento","7":"product_cat-020102-daiwa","8":"product_cat-ideal-pesca","10":"first","11":"instock","12":"taxable","13":"shipping-taxable","14":"purchasable","15":"product-type-variable"},"_links":{"self":[{"href":"https:\/\/idealpesca.com\/loja\/wp-json\/wp\/v2\/product\/1679","targetHints":{"allow":["GET"]}}],"collection":[{"href":"https:\/\/idealpesca.com\/loja\/wp-json\/wp\/v2\/product"}],"about":[{"href":"https:\/\/idealpesca.com\/loja\/wp-json\/wp\/v2\/types\/product"}],"replies":[{"embeddable":true,"href":"https:\/\/idealpesca.com\/loja\/wp-json\/wp\/v2\/comments?post=1679"}],"wp:featuredmedia":[{"embeddable":true,"href":"https:\/\/idealpesca.com\/loja\/wp-json\/wp\/v2\/media\/4893"}],"wp:attachment":[{"href":"https:\/\/idealpesca.com\/loja\/wp-json\/wp\/v2\/media?parent=1679"}],"wp:term":[{"taxonomy":"product_brand","embeddable":true,"href":"https:\/\/idealpesca.com\/loja\/wp-json\/wp\/v2\/product_brand?post=1679"},{"taxonomy":"product_cat","embeddable":true,"href":"https:\/\/idealpesca.com\/loja\/wp-json\/wp\/v2\/product_cat?post=1679"},{"taxonomy":"product_tag","embeddable":true,"href":"https:\/\/idealpesca.com\/loja\/wp-json\/wp\/v2\/product_tag?post=1679"}],"curies":[{"name":"wp","href":"https:\/\/api.w.org\/{rel}","templated":true}]}}