{"id":1659,"date":"2026-03-20T12:18:46","date_gmt":"2026-03-20T12:18:46","guid":{"rendered":"https:\/\/idealpesca.com\/loja\/produto\/rapala-x-rap-magnum-14cm\/"},"modified":"2026-03-20T23:56:49","modified_gmt":"2026-03-20T23:56:49","slug":"rapala-x-rap-magnum-14cm","status":"publish","type":"product","link":"https:\/\/idealpesca.com\/loja\/produto\/rapala-x-rap-magnum-14cm\/","title":{"rendered":"Rapala X-RAP Magnum 14cm."},"content":{"rendered":"<p><span style=\"font-size: large;color: #000000\"><strong>Tamanho:<\/strong> 14cm.<\/span><\/p>\n<p><span style=\"font-size: large;color: #000000\"><strong>Peso:<\/strong> 46 gramas<\/span><\/p>\n<p><span style=\"font-size: large;color: #000000\"><strong>Tipo:<\/strong> Afundante de cerca dos 6 metros.<\/span><\/p>\n<p><span style=\"font-size: large;color: #000000\"><strong>Fateixas:<\/strong> 2 VMC<\/span><\/p>\n<p><span style=\"font-size: large;color: #000000\"><strong>Corpo:<\/strong> Transl\u00facido, com hologr\u00e1fico interno e olhos 3D<\/span><\/p>\n<p>\u00a0<\/p>\n<p><span style=\"font-size: large\"><strong>Observa\u00e7\u00f5es:<\/strong> As Rapala X-Magnum representam a evolu\u00e7\u00e3o do mercado no que concerne a amostras afundantes. Estas amostras permitem corricar at\u00e9 os 13 n\u00f3s de velocidade e alcan\u00e7am grandes profundidades. Com uma paleta de cores pensada para todos os tipos de condi\u00e7\u00f5es as X-Magnum s\u00e3o uma escolha certeira por parte dos amantes do corrico e trollin.<\/span><\/p>\n<p>\u00a0<\/p>\n","protected":false},"excerpt":{"rendered":"<p>Amostras afundantes para grandes predadores<\/p>\n","protected":false},"featured_media":4875,"comment_status":"open","ping_status":"closed","template":"","meta":[],"product_brand":[],"product_cat":[51,126],"product_tag":[],"class_list":{"0":"post-1659","1":"product","2":"type-product","3":"status-publish","4":"has-post-thumbnail","6":"product_cat-030200-afundantes-trolling","7":"product_cat-030203-rapala","9":"first","10":"instock","11":"taxable","12":"shipping-taxable","13":"purchasable","14":"product-type-variable"},"_links":{"self":[{"href":"https:\/\/idealpesca.com\/loja\/wp-json\/wp\/v2\/product\/1659","targetHints":{"allow":["GET"]}}],"collection":[{"href":"https:\/\/idealpesca.com\/loja\/wp-json\/wp\/v2\/product"}],"about":[{"href":"https:\/\/idealpesca.com\/loja\/wp-json\/wp\/v2\/types\/product"}],"replies":[{"embeddable":true,"href":"https:\/\/idealpesca.com\/loja\/wp-json\/wp\/v2\/comments?post=1659"}],"wp:featuredmedia":[{"embeddable":true,"href":"https:\/\/idealpesca.com\/loja\/wp-json\/wp\/v2\/media\/4875"}],"wp:attachment":[{"href":"https:\/\/idealpesca.com\/loja\/wp-json\/wp\/v2\/media?parent=1659"}],"wp:term":[{"taxonomy":"product_brand","embeddable":true,"href":"https:\/\/idealpesca.com\/loja\/wp-json\/wp\/v2\/product_brand?post=1659"},{"taxonomy":"product_cat","embeddable":true,"href":"https:\/\/idealpesca.com\/loja\/wp-json\/wp\/v2\/product_cat?post=1659"},{"taxonomy":"product_tag","embeddable":true,"href":"https:\/\/idealpesca.com\/loja\/wp-json\/wp\/v2\/product_tag?post=1659"}],"curies":[{"name":"wp","href":"https:\/\/api.w.org\/{rel}","templated":true}]}}