{"id":1651,"date":"2026-03-20T12:18:44","date_gmt":"2026-03-20T12:18:44","guid":{"rendered":"https:\/\/idealpesca.com\/loja\/produto\/linha-asari-masaru-multi-12-fibras-3898-5232\/"},"modified":"2026-03-20T23:53:16","modified_gmt":"2026-03-20T23:53:16","slug":"linha-asari-masaru-multi-12-fibras-3898-5232","status":"publish","type":"product","link":"https:\/\/idealpesca.com\/loja\/produto\/linha-asari-masaru-multi-12-fibras-3898-5232\/","title":{"rendered":"Linha ASARI MASARU ligth colors 8 FIBRAS"},"content":{"rendered":"<p><span style=\"font-size: 18pt\"><strong>&#8211; Multifilamento de 8 fibras;<\/strong><\/span><\/p>\n<p><span style=\"font-size: 18pt\"><strong>&#8211; Com perfil redondo e elevada resist\u00eancia;<\/strong><\/span><\/p>\n<p><span style=\"font-size: 18pt\"><strong>&#8211; Com tratamento superficial para aumentar a suavidade na passagem pelos passadores;<\/strong><\/span><\/p>\n<p><span style=\"font-size: 18pt\"><strong>&#8211; Apresenta uma c\u00f4r diferente a cada 10 metros e com marca interm\u00e9dia a cada 5 metros para controlar a profundidade;<\/strong><\/span><\/p>\n<p><span style=\"font-size: 18pt\"><strong>&#8211; Bobines de 300 metros;<\/strong><\/span><\/p>\n<p>\u00a0<\/p>\n","protected":false},"excerpt":{"rendered":"<p>&#8211; Multifilamento de 8 fibras; &#8211; Com perfil redondo e elevada resist\u00eancia; &#8211; Com tratamento superficial para aumentar a suavidade na passagem pelos passadores; &#8211; Apresenta uma c\u00f4r diferente a cada 10 metros e com marca interm\u00e9dia a cada 5 metros para controlar a profundidade; &#8211; Bobines de 300 metros; \u00a0<\/p>\n","protected":false},"featured_media":4867,"comment_status":"open","ping_status":"closed","template":"","meta":[],"product_brand":[],"product_cat":[301,346],"product_tag":[],"class_list":{"0":"post-1651","1":"product","2":"type-product","3":"status-publish","4":"has-post-thumbnail","6":"product_cat-060900-multifilamento-200-a-300-metros","7":"product_cat-060901-asari","9":"first","10":"instock","11":"taxable","12":"shipping-taxable","13":"purchasable","14":"product-type-variable"},"_links":{"self":[{"href":"https:\/\/idealpesca.com\/loja\/wp-json\/wp\/v2\/product\/1651","targetHints":{"allow":["GET"]}}],"collection":[{"href":"https:\/\/idealpesca.com\/loja\/wp-json\/wp\/v2\/product"}],"about":[{"href":"https:\/\/idealpesca.com\/loja\/wp-json\/wp\/v2\/types\/product"}],"replies":[{"embeddable":true,"href":"https:\/\/idealpesca.com\/loja\/wp-json\/wp\/v2\/comments?post=1651"}],"wp:featuredmedia":[{"embeddable":true,"href":"https:\/\/idealpesca.com\/loja\/wp-json\/wp\/v2\/media\/4867"}],"wp:attachment":[{"href":"https:\/\/idealpesca.com\/loja\/wp-json\/wp\/v2\/media?parent=1651"}],"wp:term":[{"taxonomy":"product_brand","embeddable":true,"href":"https:\/\/idealpesca.com\/loja\/wp-json\/wp\/v2\/product_brand?post=1651"},{"taxonomy":"product_cat","embeddable":true,"href":"https:\/\/idealpesca.com\/loja\/wp-json\/wp\/v2\/product_cat?post=1651"},{"taxonomy":"product_tag","embeddable":true,"href":"https:\/\/idealpesca.com\/loja\/wp-json\/wp\/v2\/product_tag?post=1651"}],"curies":[{"name":"wp","href":"https:\/\/api.w.org\/{rel}","templated":true}]}}