{"id":1637,"date":"2026-03-20T12:18:40","date_gmt":"2026-03-20T12:18:40","guid":{"rendered":"https:\/\/idealpesca.com\/loja\/produto\/shimano-ocea-jigger-1501hg-3932-4699-5011-5954-5968\/"},"modified":"2026-03-20T23:50:31","modified_gmt":"2026-03-20T23:50:31","slug":"shimano-ocea-jigger-1501hg-3932-4699-5011-5954-5968","status":"publish","type":"product","link":"https:\/\/idealpesca.com\/loja\/produto\/shimano-ocea-jigger-1501hg-3932-4699-5011-5954-5968\/","title":{"rendered":"Carreto DYNASTAR 150L"},"content":{"rendered":"<div class=\"product-desc\">\n<table class=\"table bordered js-pswp-gallery\">\n<tr>\n<th>Refer\u00eancia<\/th>\n<th>Pega<\/th>\n<th>R\u00e1cio (\/1)<\/th>\n<th>VMV<\/th>\n<th>Peso<\/th>\n<th>MULTIFILAMENTO<\/th>\n<th>Drag<\/th>\n<\/tr>\n<tr>\n<td>DYN17150L<\/td>\n<td><a href=\"https:\/\/www.daiwa.pt\/uploads\/products\/reels\/2021\/10\/lexa20wn300hslp_1200x1200.jpg\"><span class=\"inner\"><img decoding=\"async\" src=\"image\/gif;base64,R0lGODlhAQABAIAAAMLCwgAAACH5BAAAAAAALAAAAAABAAEAAAICRAEAOw==\" alt=\"\" width=\"1\" height=\"1\" \/><\/span><\/a><br \/>\nOEVA\n<\/td>\n<td>5,8<\/td>\n<td>61CM<\/td>\n<td>260G<\/td>\n<td>200m\/PE2<\/td>\n<td>3KG<\/td>\n<td>\u00a0<\/td>\n<\/tr>\n<\/table>\n<p>\u00a0<\/p>\n<div class=\"product-desc\">\n<p>O Dynastar \u00e9 um carreto de casting de perfil redondo adequado \u00e0 pesca vertical no mar at\u00e9 120g. Este carreto robusto \u00e9 o parceiro ideal para as pescas de barco do badejo, do robalo ou do pargo. Este magnifico carreto vermelho e preto \u00e9 dotado de um corpo em alum\u00ednio um Super Metal Body e de uma dupla pega redonda EVA para uma melhor ader\u00eancia \u00e0 m\u00e3o.<\/p>\n<\/div>\n<ul>\n<li>Drag estrela<\/li>\n<li>Rolamentos : 2 + 1<\/li>\n<li>Corpo e flange em alum\u00ednio<\/li>\n<li>Bobina alum\u00ednio<\/li>\n<li>Manivela simples alum\u00ednio com grande pega Power redonda EVA<\/li>\n<li>Manivela \u00e0 esquerda (para destros)<\/li>\n<\/ul>\n<div class=\"row\">\u00a0<\/div>\n<\/div>\n","protected":false},"excerpt":{"rendered":"<p>O Dynastar \u00e9 um carreto de casting de perfil redondo adequado \u00e0 pesca vertical no mar at\u00e9 120g.<\/p>\n","protected":false},"featured_media":4849,"comment_status":"open","ping_status":"closed","template":"","meta":[],"product_brand":[],"product_cat":[35,285],"product_tag":[],"class_list":{"0":"post-1637","1":"product","2":"type-product","3":"status-publish","4":"has-post-thumbnail","6":"product_cat-020000-carretos","7":"product_cat-020400-slow-jigging-casting-e-electricos","9":"first","10":"instock","11":"taxable","12":"shipping-taxable","13":"purchasable","14":"product-type-variable"},"_links":{"self":[{"href":"https:\/\/idealpesca.com\/loja\/wp-json\/wp\/v2\/product\/1637","targetHints":{"allow":["GET"]}}],"collection":[{"href":"https:\/\/idealpesca.com\/loja\/wp-json\/wp\/v2\/product"}],"about":[{"href":"https:\/\/idealpesca.com\/loja\/wp-json\/wp\/v2\/types\/product"}],"replies":[{"embeddable":true,"href":"https:\/\/idealpesca.com\/loja\/wp-json\/wp\/v2\/comments?post=1637"}],"wp:featuredmedia":[{"embeddable":true,"href":"https:\/\/idealpesca.com\/loja\/wp-json\/wp\/v2\/media\/4849"}],"wp:attachment":[{"href":"https:\/\/idealpesca.com\/loja\/wp-json\/wp\/v2\/media?parent=1637"}],"wp:term":[{"taxonomy":"product_brand","embeddable":true,"href":"https:\/\/idealpesca.com\/loja\/wp-json\/wp\/v2\/product_brand?post=1637"},{"taxonomy":"product_cat","embeddable":true,"href":"https:\/\/idealpesca.com\/loja\/wp-json\/wp\/v2\/product_cat?post=1637"},{"taxonomy":"product_tag","embeddable":true,"href":"https:\/\/idealpesca.com\/loja\/wp-json\/wp\/v2\/product_tag?post=1637"}],"curies":[{"name":"wp","href":"https:\/\/api.w.org\/{rel}","templated":true}]}}