{"id":1632,"date":"2026-03-20T12:18:37","date_gmt":"2026-03-20T12:18:37","guid":{"rendered":"https:\/\/idealpesca.com\/loja\/produto\/combo-black-minnow-70-mm-no1\/"},"modified":"2026-03-20T23:52:02","modified_gmt":"2026-03-20T23:52:02","slug":"combo-black-minnow-70-mm-no1","status":"publish","type":"product","link":"https:\/\/idealpesca.com\/loja\/produto\/combo-black-minnow-70-mm-no1\/","title":{"rendered":"COMBO BLACK MINNOW 70 mm N\u00ba1"},"content":{"rendered":"<p><strong><span style=\"font-size: large;color: #000000\">&#8211; 2 CORPOS DE TAMANHO 70 mm com 1 deles montado com anzol e cabe\u00e7ote de 3 grs<br \/><\/span><\/strong><\/p>\n<p><span style=\"font-size: small\">O Black Minnow\u00ae \u00e9 um vinil realista de toque muito suave mas muito resistente, com cores naturais numa gama elaborada para se ajustar a qualquer situa\u00e7\u00e3o de pesca.<\/span><\/p>\n<p><span style=\"font-size: small\">O Black Minnow\u00ae apresenta uma nata\u00e7\u00e3o realista e natural, gra\u00e7as a uma cauda especial transparente e delgada, que imprime um movimento vibrante e oscilat\u00f3rio, imitando um peixe com perfei\u00e7\u00e3o.<\/span><\/p>\n","protected":false},"excerpt":{"rendered":"<p>&#8211; 2 CORPOS DE TAMANHO 70 mm com 1 deles montado com anzol e cabe\u00e7ote de 3 grs O Black Minnow\u00ae \u00e9 um vinil realista de toque muito suave mas muito resistente, com cores naturais numa gama elaborada para se ajustar a qualquer situa\u00e7\u00e3o de pesca. O Black Minnow\u00ae apresenta uma nata\u00e7\u00e3o realista e natural, [&hellip;]<\/p>\n","protected":false},"featured_media":4845,"comment_status":"open","ping_status":"closed","template":"","meta":[],"product_brand":[],"product_cat":[53,193,517],"product_tag":[],"class_list":{"0":"post-1632","1":"product","2":"type-product","3":"status-publish","4":"has-post-thumbnail","6":"product_cat-030400-amostras-vinil","7":"product_cat-030405-fiiish","8":"product_cat-ideal-pesca","10":"first","11":"instock","12":"taxable","13":"shipping-taxable","14":"purchasable","15":"product-type-variable"},"_links":{"self":[{"href":"https:\/\/idealpesca.com\/loja\/wp-json\/wp\/v2\/product\/1632","targetHints":{"allow":["GET"]}}],"collection":[{"href":"https:\/\/idealpesca.com\/loja\/wp-json\/wp\/v2\/product"}],"about":[{"href":"https:\/\/idealpesca.com\/loja\/wp-json\/wp\/v2\/types\/product"}],"replies":[{"embeddable":true,"href":"https:\/\/idealpesca.com\/loja\/wp-json\/wp\/v2\/comments?post=1632"}],"wp:featuredmedia":[{"embeddable":true,"href":"https:\/\/idealpesca.com\/loja\/wp-json\/wp\/v2\/media\/4845"}],"wp:attachment":[{"href":"https:\/\/idealpesca.com\/loja\/wp-json\/wp\/v2\/media?parent=1632"}],"wp:term":[{"taxonomy":"product_brand","embeddable":true,"href":"https:\/\/idealpesca.com\/loja\/wp-json\/wp\/v2\/product_brand?post=1632"},{"taxonomy":"product_cat","embeddable":true,"href":"https:\/\/idealpesca.com\/loja\/wp-json\/wp\/v2\/product_cat?post=1632"},{"taxonomy":"product_tag","embeddable":true,"href":"https:\/\/idealpesca.com\/loja\/wp-json\/wp\/v2\/product_tag?post=1632"}],"curies":[{"name":"wp","href":"https:\/\/api.w.org\/{rel}","templated":true}]}}