{"id":1610,"date":"2026-03-20T12:18:31","date_gmt":"2026-03-20T12:18:31","guid":{"rendered":"https:\/\/idealpesca.com\/loja\/produto\/amostra-vinil-delalande-swat-shad-10cms\/"},"modified":"2026-03-20T23:40:08","modified_gmt":"2026-03-20T23:40:08","slug":"amostra-vinil-delalande-swat-shad-10cms","status":"publish","type":"product","link":"https:\/\/idealpesca.com\/loja\/produto\/amostra-vinil-delalande-swat-shad-10cms\/","title":{"rendered":"AMOSTRA VINIL DELALANDE SWAT SHAD 10CMS"},"content":{"rendered":"<p><strong>&#8211; AMOSTRA COM 10 CMS.<\/strong><\/p>\n<p><strong>\u00a0<\/strong><\/p>\n<p><strong>&#8211; BLISTER COM 4 VINIS<br \/><\/strong><\/p>\n<p><strong>Esta isca impressionante e \u00fanica \u00e9 uma imita\u00e7\u00e3o de galeota sobrenatural.\u00a0A galeota \u00e9 o lanche favorito de muitos predadores.\u00a0Essas iscas de corpo macio t\u00eam a a\u00e7\u00e3o de nata\u00e7\u00e3o mais fant\u00e1stica.\u00a0A galeota \u00e9 a primeira isca 100% espec\u00edfica para \u00e1gua salgada, projetada principalmente para a pesca vertical &#8211; mas tamb\u00e9m provou ser mortal como iscas de nata\u00e7\u00e3o e at\u00e9 mesmo para corrico.\u00a0 Anzois japoneses de qualidade superior para \u00e1gua salgada em a\u00e7o carbono, para suportar ataques brutais e aterrar grandes predadores.\u00a0Excelente bacalhau, robalo, peixe-carv\u00e3o ou alabote ainda menor.<\/strong><\/p>\n","protected":false},"excerpt":{"rendered":"<p>&#8211; BLISTER COM 4 VINIS<\/p>\n","protected":false},"featured_media":4820,"comment_status":"open","ping_status":"closed","template":"","meta":[],"product_brand":[],"product_cat":[53,372],"product_tag":[],"class_list":{"0":"post-1610","1":"product","2":"type-product","3":"status-publish","4":"has-post-thumbnail","6":"product_cat-030400-amostras-vinil","7":"product_cat-030403-delalande","9":"first","10":"instock","11":"taxable","12":"shipping-taxable","13":"purchasable","14":"product-type-variable"},"_links":{"self":[{"href":"https:\/\/idealpesca.com\/loja\/wp-json\/wp\/v2\/product\/1610","targetHints":{"allow":["GET"]}}],"collection":[{"href":"https:\/\/idealpesca.com\/loja\/wp-json\/wp\/v2\/product"}],"about":[{"href":"https:\/\/idealpesca.com\/loja\/wp-json\/wp\/v2\/types\/product"}],"replies":[{"embeddable":true,"href":"https:\/\/idealpesca.com\/loja\/wp-json\/wp\/v2\/comments?post=1610"}],"wp:featuredmedia":[{"embeddable":true,"href":"https:\/\/idealpesca.com\/loja\/wp-json\/wp\/v2\/media\/4820"}],"wp:attachment":[{"href":"https:\/\/idealpesca.com\/loja\/wp-json\/wp\/v2\/media?parent=1610"}],"wp:term":[{"taxonomy":"product_brand","embeddable":true,"href":"https:\/\/idealpesca.com\/loja\/wp-json\/wp\/v2\/product_brand?post=1610"},{"taxonomy":"product_cat","embeddable":true,"href":"https:\/\/idealpesca.com\/loja\/wp-json\/wp\/v2\/product_cat?post=1610"},{"taxonomy":"product_tag","embeddable":true,"href":"https:\/\/idealpesca.com\/loja\/wp-json\/wp\/v2\/product_tag?post=1610"}],"curies":[{"name":"wp","href":"https:\/\/api.w.org\/{rel}","templated":true}]}}