{"id":1600,"date":"2026-03-20T12:18:29","date_gmt":"2026-03-20T12:18:29","guid":{"rendered":"https:\/\/idealpesca.com\/loja\/produto\/cana-daiwa-prime-caster-slim-33425-cf-tubular\/"},"modified":"2026-03-20T23:47:22","modified_gmt":"2026-03-20T23:47:22","slug":"cana-daiwa-prime-caster-slim-33425-cf-tubular","status":"publish","type":"product","link":"https:\/\/idealpesca.com\/loja\/produto\/cana-daiwa-prime-caster-slim-33425-cf-tubular\/","title":{"rendered":"Cana DAIWA PRIME CASTER SLIM 33425 CF TUBULAR"},"content":{"rendered":"<p>\u00a0<\/p>\n<div class=\"product-desc\">\n<p><span style=\"font-weight: 400\">Esta 4\u00aa gera\u00e7\u00e3o da Primecaster foi a oportunidade para repensar um produto cada vez mais pr\u00f3ximo das expectativas dos pescadores de surf casting. A cana foi afinada para ter uma melhor ader\u00eancia \u00e0 m\u00e3o no elemento base e agora est\u00e1 dispon\u00edvel com porta-carreto com rosca ou placa (\u201c-F\u201d no c\u00f3digo para o modelo com rosca e \u201c-E\u201d para o modelo de placa). A outra grande novidade diz respeito ao trabalho dos modelos de ponteira maci\u00e7a (conhecidos como \u201cH\u201d de h\u00edbrido) cuja curvatura foi suavizada para aumentar a sensibilidade e aumentar a capacidade de transmitir o toque a grande dist\u00e2ncia.<\/span><\/p>\n<ul>\n<li>Blank carbono HVF Nano + e X-45<\/li>\n<li>Base roscada<\/li>\n<li>Passadores Fuji Alconite LC<\/li>\n<li>Porta-carreto com rosca Fuji DPS ou N-7 de placa<\/li>\n<li>Punho liso<\/li>\n<li>A\u00e7\u00e3o progressiva de ponta<\/li>\n<\/ul>\n<\/div>\n<p>\u00a0<\/p>\n<div class=\"product-desc\">\n<p>\u00a0<\/p>\n<table class=\"table bordered js-pswp-gallery\">\n<tr>\n<th>Refer\u00eancia\u00a0<\/th>\n<th>Comprimento<\/th>\n<th>Elementos<\/th>\n<th>Desmontada<\/th>\n<th>Peso<\/th>\n<th>Passadores<\/th>\n<th>Pot\u00eancia<\/th>\n<\/tr>\n<tr>\n<td><a href=\"https:\/\/www.daiwa.pt\/uploads\/products\/rods\/2021\/10\/tnms35425hbe_1200x2400.jpg\"><span class=\"inner\"><img decoding=\"async\" src=\"image\/gif;base64,R0lGODlhAQACAIAAAMLCwgAAACH5BAAAAAAALAAAAAABAAIAAAICBAoAOw==\" alt=\"\" width=\"1\" height=\"2\" \/><\/span><\/a><br \/>\nPCSS33425CF\n<\/td>\n<td>4,25m<\/td>\n<td>3<\/td>\n<td>149cm<\/td>\n<td>623g<\/td>\n<td>7<\/td>\n<td>100-225g<\/td>\n<td>\u00a0<\/td>\n<\/tr>\n<\/table>\n<\/div>\n<p>\u00a0<\/p>\n","protected":false},"excerpt":{"rendered":"<p>Uma cana pensada e desenvolvidas para o surfcasting!<br \/>\nVERS\u00c3O de PONTEIRA TUBULAR<\/p>\n","protected":false},"featured_media":4762,"comment_status":"open","ping_status":"closed","template":"","meta":[],"product_brand":[],"product_cat":[551,99,517],"product_tag":[],"class_list":{"0":"post-1600","1":"product","2":"type-product","3":"status-publish","4":"has-post-thumbnail","6":"product_cat-010100-surfcasting-pesca-de-lancamento","7":"product_cat-010105-daiwa","8":"product_cat-ideal-pesca","10":"first","11":"instock","12":"taxable","13":"shipping-taxable","14":"purchasable","15":"product-type-variable"},"_links":{"self":[{"href":"https:\/\/idealpesca.com\/loja\/wp-json\/wp\/v2\/product\/1600","targetHints":{"allow":["GET"]}}],"collection":[{"href":"https:\/\/idealpesca.com\/loja\/wp-json\/wp\/v2\/product"}],"about":[{"href":"https:\/\/idealpesca.com\/loja\/wp-json\/wp\/v2\/types\/product"}],"replies":[{"embeddable":true,"href":"https:\/\/idealpesca.com\/loja\/wp-json\/wp\/v2\/comments?post=1600"}],"wp:featuredmedia":[{"embeddable":true,"href":"https:\/\/idealpesca.com\/loja\/wp-json\/wp\/v2\/media\/4762"}],"wp:attachment":[{"href":"https:\/\/idealpesca.com\/loja\/wp-json\/wp\/v2\/media?parent=1600"}],"wp:term":[{"taxonomy":"product_brand","embeddable":true,"href":"https:\/\/idealpesca.com\/loja\/wp-json\/wp\/v2\/product_brand?post=1600"},{"taxonomy":"product_cat","embeddable":true,"href":"https:\/\/idealpesca.com\/loja\/wp-json\/wp\/v2\/product_cat?post=1600"},{"taxonomy":"product_tag","embeddable":true,"href":"https:\/\/idealpesca.com\/loja\/wp-json\/wp\/v2\/product_tag?post=1600"}],"curies":[{"name":"wp","href":"https:\/\/api.w.org\/{rel}","templated":true}]}}