{"id":1587,"date":"2026-03-20T12:18:25","date_gmt":"2026-03-20T12:18:25","guid":{"rendered":"https:\/\/idealpesca.com\/loja\/produto\/exsence-dive-assassin-125s-fb-125mm-28gr\/"},"modified":"2026-03-20T23:52:53","modified_gmt":"2026-03-20T23:52:53","slug":"exsence-dive-assassin-125s-fb-125mm-28gr","status":"publish","type":"product","link":"https:\/\/idealpesca.com\/loja\/produto\/exsence-dive-assassin-125s-fb-125mm-28gr\/","title":{"rendered":"Exsence DIVE ASSASSIN 125S FB 125mm 28gr"},"content":{"rendered":"<p>\u00a0<\/p>\n<p>\u00a0<\/p>\n<p>\u00a0<\/p>\n<div class=\"spec-table__content\">\n<table class=\"spec-table__table\">\n<tr>\n<th>\n<p>\u00a0<\/p>\n<\/th>\n<\/tr>\n<tr>\n<th>\n<p>Refer\u00eacia<\/p>\n<\/th>\n<th>\n<p>c\u00f3digo c\u00f4r<\/p>\n<\/th>\n<th>\n<p>C\u00f4r<\/p>\n<\/th>\n<th>\n<p>Tipo<\/p>\n<\/th>\n<th>\n<p>medida\u00a0(MM)<\/p>\n<\/th>\n<th>\n<p>peso\u00a0(G)<\/p>\n<\/th>\n<th>\n<p>velocidade descida<\/p>\n<\/th>\n<th>\n<p>Fateixas<\/p>\n<\/th>\n<\/tr>\n<tr>\n<td>59VXM212V00<\/td>\n<td>001<\/td>\n<td>N Sardine<\/td>\n<td>Sinking<\/td>\n<td>125<\/td>\n<td>28<\/td>\n<td>45cm\/sec<\/td>\n<td>#4 x 3<\/td>\n<\/tr>\n<tr>\n<td>59VXM212V01<\/td>\n<td>002<\/td>\n<td>A Mullet<\/td>\n<td>Sinking<\/td>\n<td>125<\/td>\n<td>28<\/td>\n<td>45cm\/sec<\/td>\n<td>#4 x 3<\/td>\n<\/tr>\n<tr>\n<td>59VXM212V02<\/td>\n<td>003<\/td>\n<td>A Redhead<\/td>\n<td>Sinking<\/td>\n<td>125<\/td>\n<td>28<\/td>\n<td>45cm\/sec<\/td>\n<td>#4 x 3<\/td>\n<\/tr>\n<tr>\n<td>59VXM212V03<\/td>\n<td>004<\/td>\n<td>N Chart Candy<\/td>\n<td>Sinking<\/td>\n<td>125<\/td>\n<td>28<\/td>\n<td>45cm\/sec<\/td>\n<td>#4 x 3<\/td>\n<\/tr>\n<tr>\n<td>59VXM212V04<\/td>\n<td>005<\/td>\n<td>N Chart Gold<\/td>\n<td>Sinking<\/td>\n<td>125<\/td>\n<td>28<\/td>\n<td>45cm\/sec<\/td>\n<td>#4 x 3<\/td>\n<\/tr>\n<tr>\n<td>59VXM212V05<\/td>\n<td>006<\/td>\n<td>A Blue Pink Sardine<\/td>\n<td>Sinking<\/td>\n<td>125<\/td>\n<td>28<\/td>\n<td>45cm\/sec<\/td>\n<td>#4 x 3<\/td>\n<\/tr>\n<tr>\n<td>59VXM212V06<\/td>\n<td>007<\/td>\n<td>N Anchovy<\/td>\n<td>Sinking<\/td>\n<td>125<\/td>\n<td>28<\/td>\n<td>45cm\/sec<\/td>\n<td>#4 x 3<\/td>\n<\/tr>\n<tr>\n<td>59VXM212V07<\/td>\n<td>008<\/td>\n<td>T Keimura Sardine<\/td>\n<td>Sinking<\/td>\n<td>125<\/td>\n<td>28<\/td>\n<td>45cm\/sec<\/td>\n<td>#4 x 3<\/td>\n<\/tr>\n<\/table>\n<\/div>\n<p>\u00a0<\/p>\n<p><span style=\"font-size: large;color: #000000\">Se procura uma amostra robaleira que trabalhe em condi\u00e7\u00f5es extremas, sem sombra de d\u00favida a\u00a0 EXSENCE Dive Assassin 125S \u00e9 uma certeza.\u00a0Com a tecnologia\u00a0JET BOOST technology, que aumenta as capacidades de lan\u00e7amento com o FLASH BOOST e o SCALE BOOST aumenta a atra\u00e7\u00e3o visual a im patamar elevadissimo. Ao puxar a um ritmo certo a amostra afunda at\u00e9 2 metros mesmo em condi\u00e7\u00f5es adversas.<br \/><\/span><\/p>\n<p>\u00a0<\/p>\n<p>Qtd de embalagens: 1<\/p>\n<p>Tipo de Amostra: Jerkbait\u00a0<\/p>\n<p>\u00a0<\/p>\n","protected":false},"excerpt":{"rendered":"<p>Amostras afundantes e lan\u00e7adoras<\/p>\n","protected":false},"featured_media":4802,"comment_status":"open","ping_status":"closed","template":"","meta":[],"product_brand":[],"product_cat":[49,121,51,494],"product_tag":[],"class_list":{"0":"post-1587","1":"product","2":"type-product","3":"status-publish","4":"has-post-thumbnail","6":"product_cat-030100-jerkbait-spinning","7":"product_cat-030111-shimano","8":"product_cat-030200-afundantes-trolling","9":"product_cat-030204-shimano","11":"first","12":"instock","13":"taxable","14":"shipping-taxable","15":"purchasable","16":"product-type-variable"},"_links":{"self":[{"href":"https:\/\/idealpesca.com\/loja\/wp-json\/wp\/v2\/product\/1587","targetHints":{"allow":["GET"]}}],"collection":[{"href":"https:\/\/idealpesca.com\/loja\/wp-json\/wp\/v2\/product"}],"about":[{"href":"https:\/\/idealpesca.com\/loja\/wp-json\/wp\/v2\/types\/product"}],"replies":[{"embeddable":true,"href":"https:\/\/idealpesca.com\/loja\/wp-json\/wp\/v2\/comments?post=1587"}],"wp:featuredmedia":[{"embeddable":true,"href":"https:\/\/idealpesca.com\/loja\/wp-json\/wp\/v2\/media\/4802"}],"wp:attachment":[{"href":"https:\/\/idealpesca.com\/loja\/wp-json\/wp\/v2\/media?parent=1587"}],"wp:term":[{"taxonomy":"product_brand","embeddable":true,"href":"https:\/\/idealpesca.com\/loja\/wp-json\/wp\/v2\/product_brand?post=1587"},{"taxonomy":"product_cat","embeddable":true,"href":"https:\/\/idealpesca.com\/loja\/wp-json\/wp\/v2\/product_cat?post=1587"},{"taxonomy":"product_tag","embeddable":true,"href":"https:\/\/idealpesca.com\/loja\/wp-json\/wp\/v2\/product_tag?post=1587"}],"curies":[{"name":"wp","href":"https:\/\/api.w.org\/{rel}","templated":true}]}}