{"id":1552,"date":"2026-03-20T12:18:14","date_gmt":"2026-03-20T12:18:14","guid":{"rendered":"https:\/\/idealpesca.com\/loja\/produto\/carreto-daiwa-saltiga-6000-h\/"},"modified":"2026-03-20T23:50:31","modified_gmt":"2026-03-20T23:50:31","slug":"carreto-daiwa-saltiga-6000-h","status":"publish","type":"product","link":"https:\/\/idealpesca.com\/loja\/produto\/carreto-daiwa-saltiga-6000-h\/","title":{"rendered":"Carreto Daiwa SALTIGA 6000 H"},"content":{"rendered":"<p><span style=\"font-weight: 400\">Uma nova gera\u00e7\u00e3o de carretos Saltiga est\u00e1 agora dispon\u00edvel em tamanho pequeno.<\/span><\/p>\n<p><span style=\"font-weight: 400\">Indiscutivelmente o lan\u00e7amento mais aguardado da hist\u00f3ria recente da Daiwa, o 23 Saltiga representa o auge dos progressos tecnol\u00f3gicos Daiwa. A fim de responder \u00e0s necessidades de todos os pescadores, novos tamanhos 4000\/5000 e 6000 s\u00e3o agora propostos. Este carreto espec\u00edfico para a pesca no mar \u00e9 o primeiro a beneficiar da tecnologia AIRDRIVE DESIGN em torno das partes chave que s\u00e3o o rotor, a asa-de-cesto, a bobina e o eixo para redu\u00e7\u00e3o de peso, aumento de resist\u00eancia, robustez e fiabilidade.<\/span><\/p>\n<p><span style=\"font-weight: 400\">Maior durabilidade, uma leveza desconcertante, uma rota\u00e7\u00e3o e fluidez incr\u00edveis: o Saltiga 23 promete robustez e tranquilidade. Perfeito para pescas poderosas de robalo ou de l\u00facios no B\u00e1ltico, a sua leveza torna-o o carreto ideal para as suas sa\u00eddas de pesca a bordo ou viagens ao estrangeiro.<\/span><\/p>\n<p><span style=\"font-weight: 400\">Estas novas caracter\u00edsticas do conceito AIRDRIVE DESIGN s\u00e3o obviamente baseadas no corpo monocoque MQ, uma \u00fanica pe\u00e7a maquinada sim\u00e9trica que confere ao carreto maior durabilidade.<\/span><\/p>\n<ul>\n<li>Drag com tecnologia ATD<\/li>\n<li>Rolamentos : 12 sendo 7 CRBB<\/li>\n<li>Corpo Monocoque em alum\u00ednio e &#8220;Air Rotor&#8221; em ZAION<\/li>\n<li>Tough Digigear<\/li>\n<li>Air Drive Design<\/li>\n<\/ul>\n<h4>\u00a0<\/h4>\n<p>\u00a0\u00a0\u00a0\u00a0<\/p>\n<table class=\"table bordered js-pswp-gallery\">\n<tr>\n<th>Refer\u00eancia<\/th>\n<th>R\u00e1cio (\/1)<\/th>\n<th>VMV<\/th>\n<th>Peso<\/th>\n<th>Nylon<\/th>\n<th>Multifilamento<\/th>\n<th>Drag<\/th>\n<\/tr>\n<tr>\n<td>SG23G4000H<\/td>\n<td>5,7<\/td>\n<td>90cm<\/td>\n<td>345g<\/td>\n<td>150m\/0,37mm<\/td>\n<td>300m\/0,20mm<\/td>\n<td>12kg<\/td>\n<\/tr>\n<tr>\n<td>SG23G5000H<\/td>\n<td>5,7<\/td>\n<td>96cm<\/td>\n<td>365g<\/td>\n<td>150m\/0,40mm<\/td>\n<td>300m\/0,22mm<\/td>\n<td>15kg<\/td>\n<\/tr>\n<tr>\n<td>SG23G5000XH<\/td>\n<td>6,2<\/td>\n<td>110cm<\/td>\n<td>365g<\/td>\n<td>150m\/0,40mm<\/td>\n<td>300m\/0,22mm<\/td>\n<td>15kg<\/td>\n<\/tr>\n<tr>\n<td>SG23G6000H<\/td>\n<td>5,7<\/td>\n<td>101cm<\/td>\n<td>400g<\/td>\n<td>150M\/0,43mm<\/td>\n<td>300m\/0,24mm<\/td>\n<td>15kg<\/td>\n<\/tr>\n<\/table>\n","protected":false},"excerpt":{"rendered":"<p>NOVIDADE 2023<\/p>\n","protected":false},"featured_media":4760,"comment_status":"open","ping_status":"closed","template":"","meta":[],"product_brand":[],"product_cat":[44,67],"product_tag":[],"class_list":{"0":"post-1552","1":"product","2":"type-product","3":"status-publish","4":"has-post-thumbnail","6":"product_cat-020300-barco-buldo-falesia","7":"product_cat-020303-daiwa","9":"first","10":"instock","11":"taxable","12":"shipping-taxable","13":"purchasable","14":"product-type-variable"},"_links":{"self":[{"href":"https:\/\/idealpesca.com\/loja\/wp-json\/wp\/v2\/product\/1552","targetHints":{"allow":["GET"]}}],"collection":[{"href":"https:\/\/idealpesca.com\/loja\/wp-json\/wp\/v2\/product"}],"about":[{"href":"https:\/\/idealpesca.com\/loja\/wp-json\/wp\/v2\/types\/product"}],"replies":[{"embeddable":true,"href":"https:\/\/idealpesca.com\/loja\/wp-json\/wp\/v2\/comments?post=1552"}],"wp:featuredmedia":[{"embeddable":true,"href":"https:\/\/idealpesca.com\/loja\/wp-json\/wp\/v2\/media\/4760"}],"wp:attachment":[{"href":"https:\/\/idealpesca.com\/loja\/wp-json\/wp\/v2\/media?parent=1552"}],"wp:term":[{"taxonomy":"product_brand","embeddable":true,"href":"https:\/\/idealpesca.com\/loja\/wp-json\/wp\/v2\/product_brand?post=1552"},{"taxonomy":"product_cat","embeddable":true,"href":"https:\/\/idealpesca.com\/loja\/wp-json\/wp\/v2\/product_cat?post=1552"},{"taxonomy":"product_tag","embeddable":true,"href":"https:\/\/idealpesca.com\/loja\/wp-json\/wp\/v2\/product_tag?post=1552"}],"curies":[{"name":"wp","href":"https:\/\/api.w.org\/{rel}","templated":true}]}}