{"id":1517,"date":"2026-03-20T12:18:04","date_gmt":"2026-03-20T12:18:04","guid":{"rendered":"https:\/\/idealpesca.com\/loja\/produto\/cana-tubertini-genetic-dorada-2-95-mt\/"},"modified":"2026-03-20T23:49:18","modified_gmt":"2026-03-20T23:49:18","slug":"cana-tubertini-genetic-dorada-2-95-mt","status":"publish","type":"product","link":"https:\/\/idealpesca.com\/loja\/produto\/cana-tubertini-genetic-dorada-2-95-mt\/","title":{"rendered":"Cana TUBERTINI Genetic Dorada 2.95 MT."},"content":{"rendered":"<p><span style=\"color: #000000;font-size: large\"><strong>-Tamanho: 2.95 mt.; <\/strong><\/span><\/p>\n<p><span style=\"color: #000000;font-size: large\"><strong>-Ac\u00e7\u00e3o: 50 a 200 gr. de chumbada para pescar fundeado; <\/strong><\/span><\/p>\n<p><span style=\"color: #000000;font-size: large\"><strong>-Elementos: 2 elementos com 3 ponteiras com ac\u00e7\u00f5es diferentes ap flex tgti; <\/strong><\/span><\/p>\n<p><span style=\"color: #000000;font-size: large\"><strong>-Carbono: Carbono de alto m\u00f3dulo; <\/strong><\/span><\/p>\n<p><span style=\"color: #000000;font-size: large\"><strong>-Passadores: Tit\u00e2nio; <\/strong><\/span><\/p>\n<p><span style=\"color: #000000;font-size: large\"><strong>-Porta-carretos: Cremalheira; <\/strong><\/span><\/p>\n<p><span style=\"color: #000000;font-size: large\"><strong>Observa\u00e7\u00f5es: Provavelmente esta ser\u00e1 a cana do ano para a embarcada. A Genetic foi desenhada com a participa\u00e7\u00e3o daquele que \u00e9 considerado como o melhor pescador do mundo em pesca de competi\u00e7\u00e3o embarcada e que \u00e9 tamb\u00e9m o actual campe\u00e3o do Mundo, Marco Volpi. A Genetic tem por base a topo de gama da marca a F1 507. Leve, potente, sens\u00edvel, esta cana \u00e9 um sonho tornado realidade a um pre\u00e7o sem igual no mundo da pesca embarcada. Uma cana para quem quer o melhor a pre\u00e7o acess\u00edvel.<\/strong><\/span><\/p>\n","protected":false},"excerpt":{"rendered":"<p>Uma cana de alt\u00edssima qualidade&#8230;<br \/>\nModelo desenhado para a pesca das douradas<\/p>\n","protected":false},"featured_media":4717,"comment_status":"open","ping_status":"closed","template":"","meta":[],"product_brand":[],"product_cat":[518,90,43,517],"product_tag":[],"class_list":{"0":"post-1517","1":"product","2":"type-product","3":"status-publish","4":"has-post-thumbnail","6":"product_cat-010300-pesca-embarcada","7":"product_cat-010309-tubertini","8":"product_cat-310000-novidades-gerais","9":"product_cat-ideal-pesca","11":"first","12":"instock","13":"taxable","14":"shipping-taxable","15":"purchasable","16":"product-type-variable"},"_links":{"self":[{"href":"https:\/\/idealpesca.com\/loja\/wp-json\/wp\/v2\/product\/1517","targetHints":{"allow":["GET"]}}],"collection":[{"href":"https:\/\/idealpesca.com\/loja\/wp-json\/wp\/v2\/product"}],"about":[{"href":"https:\/\/idealpesca.com\/loja\/wp-json\/wp\/v2\/types\/product"}],"replies":[{"embeddable":true,"href":"https:\/\/idealpesca.com\/loja\/wp-json\/wp\/v2\/comments?post=1517"}],"wp:featuredmedia":[{"embeddable":true,"href":"https:\/\/idealpesca.com\/loja\/wp-json\/wp\/v2\/media\/4717"}],"wp:attachment":[{"href":"https:\/\/idealpesca.com\/loja\/wp-json\/wp\/v2\/media?parent=1517"}],"wp:term":[{"taxonomy":"product_brand","embeddable":true,"href":"https:\/\/idealpesca.com\/loja\/wp-json\/wp\/v2\/product_brand?post=1517"},{"taxonomy":"product_cat","embeddable":true,"href":"https:\/\/idealpesca.com\/loja\/wp-json\/wp\/v2\/product_cat?post=1517"},{"taxonomy":"product_tag","embeddable":true,"href":"https:\/\/idealpesca.com\/loja\/wp-json\/wp\/v2\/product_tag?post=1517"}],"curies":[{"name":"wp","href":"https:\/\/api.w.org\/{rel}","templated":true}]}}