{"id":1502,"date":"2026-03-20T12:18:00","date_gmt":"2026-03-20T12:18:00","guid":{"rendered":"https:\/\/idealpesca.com\/loja\/produto\/carreto-daiwa-lt-bgrr-6000-d-ark\/"},"modified":"2026-03-20T23:50:23","modified_gmt":"2026-03-20T23:50:23","slug":"carreto-daiwa-lt-bgrr-6000-d-ark","status":"publish","type":"product","link":"https:\/\/idealpesca.com\/loja\/produto\/carreto-daiwa-lt-bgrr-6000-d-ark\/","title":{"rendered":"CARRETO DAIWA LT BGRR 6000 D ARK"},"content":{"rendered":"<p><strong><span style=\"font-size: 18pt\">CORPO EM METAL, MANIVELA ENROSCADA \u00c1 RODA DE COROA<\/span><\/strong><\/p>\n<p><strong><span style=\"font-size: 18pt\">ROLAMENTOS: 5+1<\/span><\/strong><\/p>\n<p>\u00a0<\/p>\n<table class=\"table bordered js-pswp-gallery\">\n<tr>\n<th>\u00a0<\/th>\n<th>Refer\u00eancia<\/th>\n<th>Pega<\/th>\n<th>R\u00e1cio (\/1)<\/th>\n<th>VMV<\/th>\n<th>Peso<\/th>\n<th>Nylon<\/th>\n<th>Multifilamento<\/th>\n<th>Drag<\/th>\n<\/tr>\n<tr>\n<td><span class=\"new\">N<\/span><\/td>\n<td><a href=\"https:\/\/www.daiwa.pt\/uploads\/products\/reels\/2020\/10\/bgrrlt8000park_1200x1200.jpg\"> <span class=\"inner\"> <img decoding=\"async\" src=\"image\/gif;base64,R0lGODlhAQABAIAAAMLCwgAAACH5BAAAAAAALAAAAAABAAEAAAICRAEAOw==\" alt=\"\" width=\"1\" height=\"1\" \/><\/span><\/a><br \/>\nBGRRLT6000DARK\n<\/td>\n<td>O+<\/td>\n<td>5,1<\/td>\n<td>92cm<\/td>\n<td>390g<\/td>\n<td>150m\/0.43mm<\/td>\n<td>300m\/0.24mm<\/td>\n<td>12kg<\/td>\n<\/tr>\n<\/table>\n","protected":false},"excerpt":{"rendered":"<p>O BG LT RR ARK \u00e9 um carreto robusto com corpo em alum\u00ednio impermeabilizado com \u00f3leo magn\u00e9tico MagSealed. A sua enorme roda-de-coroa Tough Digigear e o seu Air Rotor em arco fornecem uma rota\u00e7\u00e3o suave e precisa. \u00c9 equipado com um drag de carbono ATD de \u00faltima gera\u00e7\u00e3o para dominar os combates na perfei\u00e7\u00e3o. A bobina \u00e9 suportada por um rolamento de esferas que favorece a rota\u00e7\u00e3o durante o combate.<\/p>\n","protected":false},"featured_media":3822,"comment_status":"open","ping_status":"closed","template":"","meta":[],"product_brand":[],"product_cat":[44,67],"product_tag":[],"class_list":{"0":"post-1502","1":"product","2":"type-product","3":"status-publish","4":"has-post-thumbnail","6":"product_cat-020300-barco-buldo-falesia","7":"product_cat-020303-daiwa","9":"first","10":"instock","11":"taxable","12":"shipping-taxable","13":"purchasable","14":"product-type-variable"},"_links":{"self":[{"href":"https:\/\/idealpesca.com\/loja\/wp-json\/wp\/v2\/product\/1502","targetHints":{"allow":["GET"]}}],"collection":[{"href":"https:\/\/idealpesca.com\/loja\/wp-json\/wp\/v2\/product"}],"about":[{"href":"https:\/\/idealpesca.com\/loja\/wp-json\/wp\/v2\/types\/product"}],"replies":[{"embeddable":true,"href":"https:\/\/idealpesca.com\/loja\/wp-json\/wp\/v2\/comments?post=1502"}],"wp:featuredmedia":[{"embeddable":true,"href":"https:\/\/idealpesca.com\/loja\/wp-json\/wp\/v2\/media\/3822"}],"wp:attachment":[{"href":"https:\/\/idealpesca.com\/loja\/wp-json\/wp\/v2\/media?parent=1502"}],"wp:term":[{"taxonomy":"product_brand","embeddable":true,"href":"https:\/\/idealpesca.com\/loja\/wp-json\/wp\/v2\/product_brand?post=1502"},{"taxonomy":"product_cat","embeddable":true,"href":"https:\/\/idealpesca.com\/loja\/wp-json\/wp\/v2\/product_cat?post=1502"},{"taxonomy":"product_tag","embeddable":true,"href":"https:\/\/idealpesca.com\/loja\/wp-json\/wp\/v2\/product_tag?post=1502"}],"curies":[{"name":"wp","href":"https:\/\/api.w.org\/{rel}","templated":true}]}}