{"id":1484,"date":"2026-03-20T12:17:54","date_gmt":"2026-03-20T12:17:54","guid":{"rendered":"https:\/\/idealpesca.com\/loja\/produto\/carreto-daiwa-crosscast-surf-35-scw-qd-type-r-1\/"},"modified":"2026-03-20T23:50:06","modified_gmt":"2026-03-20T23:50:06","slug":"carreto-daiwa-crosscast-surf-35-scw-qd-type-r-1","status":"publish","type":"product","link":"https:\/\/idealpesca.com\/loja\/produto\/carreto-daiwa-crosscast-surf-35-scw-qd-type-r-1\/","title":{"rendered":"Carreto DAIWA CROSSCAST SURF 35 SCW QD Type R"},"content":{"rendered":"<div class=\"product-content\">\n<div class=\"product-content-inner\">\n<div class=\"polymorphic-table product-table\">\n<div class=\"polymorphic-table-inner\">\n<p>Os engenheiros da Daiwa conceberam o produto mais adaptado \u00e0s necessidades dos iniciantes \u00e1 pesca de surfcasting de competi\u00e7\u00e3o.<\/p>\n<p>A\u00a0 bobina suplementar tornam o carreto muito polivalente com capacidade 0.30mm-300mtr.<\/p>\n<p>Bobine de origem 0.18mm-300mtr. para linhas finas<\/p>\n<ul>\n<li>Drag r\u00e1pido Quick Drag ultra progressivo<\/li>\n<li>Rolamentos: 3 + 1<\/li>\n<li>Corpo e rotor em composto ds4<\/li>\n<li>Bobina de origem e suplementar em aluminio<\/li>\n<li>Enrolamento oscila\u00e7\u00e3o lenta (Slow Cross Wrap)<\/li>\n<li>Manivela alum\u00ednio rebat\u00edvel<\/li>\n<\/ul>\n<table class=\"table bordered js-pswp-gallery\">\n<tr>\n<th>Refer\u00eancia<\/th>\n<th>Pega<\/th>\n<th>Racio (\/1)<\/th>\n<th>TMV<\/th>\n<th>Peso<\/th>\n<th>Capacidade<\/th>\n<th>embraiagem<\/th>\n<th>Bobine<\/th>\n<\/tr>\n<tr>\n<td>CCS2235SCW5000QDR<\/td>\n<td>T<\/td>\n<td>4,9<\/td>\n<td>106cm<\/td>\n<td>625g<\/td>\n<td>330m\/0,18mm<\/td>\n<td>15kg<\/td>\n<td>Q889601<\/td>\n<\/tr>\n<\/table>\n<\/div>\n<\/div>\n<\/div>\n<\/div>\n","protected":false},"excerpt":{"rendered":"<p>VERS\u00c3O 35 Type-R<\/p>\n","protected":false},"featured_media":4692,"comment_status":"open","ping_status":"closed","template":"","meta":[],"product_brand":[],"product_cat":[46,85,517],"product_tag":[],"class_list":{"0":"post-1484","1":"product","2":"type-product","3":"status-publish","4":"has-post-thumbnail","6":"product_cat-020100-surfcasting-pesca-de-lancamento","7":"product_cat-020102-daiwa","8":"product_cat-ideal-pesca","10":"first","11":"instock","12":"taxable","13":"shipping-taxable","14":"purchasable","15":"product-type-variable"},"_links":{"self":[{"href":"https:\/\/idealpesca.com\/loja\/wp-json\/wp\/v2\/product\/1484","targetHints":{"allow":["GET"]}}],"collection":[{"href":"https:\/\/idealpesca.com\/loja\/wp-json\/wp\/v2\/product"}],"about":[{"href":"https:\/\/idealpesca.com\/loja\/wp-json\/wp\/v2\/types\/product"}],"replies":[{"embeddable":true,"href":"https:\/\/idealpesca.com\/loja\/wp-json\/wp\/v2\/comments?post=1484"}],"wp:featuredmedia":[{"embeddable":true,"href":"https:\/\/idealpesca.com\/loja\/wp-json\/wp\/v2\/media\/4692"}],"wp:attachment":[{"href":"https:\/\/idealpesca.com\/loja\/wp-json\/wp\/v2\/media?parent=1484"}],"wp:term":[{"taxonomy":"product_brand","embeddable":true,"href":"https:\/\/idealpesca.com\/loja\/wp-json\/wp\/v2\/product_brand?post=1484"},{"taxonomy":"product_cat","embeddable":true,"href":"https:\/\/idealpesca.com\/loja\/wp-json\/wp\/v2\/product_cat?post=1484"},{"taxonomy":"product_tag","embeddable":true,"href":"https:\/\/idealpesca.com\/loja\/wp-json\/wp\/v2\/product_tag?post=1484"}],"curies":[{"name":"wp","href":"https:\/\/api.w.org\/{rel}","templated":true}]}}