{"id":1473,"date":"2026-03-20T12:17:52","date_gmt":"2026-03-20T12:17:52","guid":{"rendered":"https:\/\/idealpesca.com\/loja\/produto\/amostra-akami-sakana-3-0\/"},"modified":"2026-03-20T23:38:19","modified_gmt":"2026-03-20T23:38:19","slug":"amostra-akami-sakana-3-0","status":"publish","type":"product","link":"https:\/\/idealpesca.com\/loja\/produto\/amostra-akami-sakana-3-0\/","title":{"rendered":"AMOSTRA AKAMI SAKANA 3.0"},"content":{"rendered":"<p>\u00a0<\/p>\n<p>O SAKANA \u00e9 um palha\u00e7o com chumbo de caracter\u00edsticas muito interessantes podendo ser utilizado em diversas condi\u00e7\u00f5es de pesca!<br \/>O seu padr\u00e3o listado foi projetado para criar contraste de cores dentro de \u00e1gua,<br \/>aumentando a sua capacidade de atrair os cefal\u00f3podes. Tamb\u00e9m vem equipado com revestimento de efeito escamoso com tratamento UV, o que os torna mais vis\u00edveis em \u00e1guas mais escura; al\u00e9m disso o seu seu corpo \u00e9 de uma alta fosforesc\u00eancia avermelhada!O Sakana \u00e9 muito resistente \u00e0s dentadas de predadores, especialmente \u00e0s dos chocos. Tem um padr\u00e3o de cores que pode ser utilizado em v\u00e1rias condi\u00e7\u00f5es de \u00e1gua e atmosf\u00e9ricas. Com um corpo bem balanceado, chumbo calibrado, olhos 3D anz\u00f3is de qualidade em a\u00e7o de alta t\u00eampera com elevado poder de penetra\u00e7\u00e3o e grande n\u00edvel de resist\u00eancia revestidas a teflon. Este palha\u00e7o torna-se assim indispens\u00e1vel na sua cole\u00e7\u00e3o!<\/p>\n<p>\u00a0<\/p>\n<p>\u00a0<\/p>\n","protected":false},"excerpt":{"rendered":"<p>TONEIRAS PARA O CHOCO AKAMI<br \/>\nBOA RELA\u00c7\u00c3O QUALIDADE \/ PRE\u00c7O<\/p>\n","protected":false},"featured_media":4682,"comment_status":"open","ping_status":"closed","template":"","meta":[],"product_brand":[],"product_cat":[52,491],"product_tag":[],"class_list":{"0":"post-1473","1":"product","2":"type-product","3":"status-publish","4":"has-post-thumbnail","6":"product_cat-030800-palhacos-toneiras-para-chocos-e-lulas","7":"product_cat-030801-akami-nbs","9":"first","10":"instock","11":"taxable","12":"shipping-taxable","13":"purchasable","14":"product-type-variable"},"_links":{"self":[{"href":"https:\/\/idealpesca.com\/loja\/wp-json\/wp\/v2\/product\/1473","targetHints":{"allow":["GET"]}}],"collection":[{"href":"https:\/\/idealpesca.com\/loja\/wp-json\/wp\/v2\/product"}],"about":[{"href":"https:\/\/idealpesca.com\/loja\/wp-json\/wp\/v2\/types\/product"}],"replies":[{"embeddable":true,"href":"https:\/\/idealpesca.com\/loja\/wp-json\/wp\/v2\/comments?post=1473"}],"wp:featuredmedia":[{"embeddable":true,"href":"https:\/\/idealpesca.com\/loja\/wp-json\/wp\/v2\/media\/4682"}],"wp:attachment":[{"href":"https:\/\/idealpesca.com\/loja\/wp-json\/wp\/v2\/media?parent=1473"}],"wp:term":[{"taxonomy":"product_brand","embeddable":true,"href":"https:\/\/idealpesca.com\/loja\/wp-json\/wp\/v2\/product_brand?post=1473"},{"taxonomy":"product_cat","embeddable":true,"href":"https:\/\/idealpesca.com\/loja\/wp-json\/wp\/v2\/product_cat?post=1473"},{"taxonomy":"product_tag","embeddable":true,"href":"https:\/\/idealpesca.com\/loja\/wp-json\/wp\/v2\/product_tag?post=1473"}],"curies":[{"name":"wp","href":"https:\/\/api.w.org\/{rel}","templated":true}]}}