{"id":1468,"date":"2026-03-20T12:17:51","date_gmt":"2026-03-20T12:17:51","guid":{"rendered":"https:\/\/idealpesca.com\/loja\/produto\/suporte-surfcasting-ragot\/"},"modified":"2026-03-20T23:57:46","modified_gmt":"2026-03-20T23:57:46","slug":"suporte-surfcasting-ragot","status":"publish","type":"product","link":"https:\/\/idealpesca.com\/loja\/produto\/suporte-surfcasting-ragot\/","title":{"rendered":"Suporte Surfcasting RAGOT"},"content":{"rendered":"<div class=\"product-content\">\n<div class=\"product-content-inner\">\n<div class=\"product-desc\">\u00a0<\/div>\n<div class=\"product-desc\">\u00a0<\/div>\n<div class=\"product-desc\">\n<table class=\"table bordered js-pswp-gallery\">\n<tr>\n<th>Refer\u00eancia<\/th>\n<th>Cor<\/th>\n<th>Peso<\/th>\n<\/tr>\n<tr>\n<td>138600221<\/td>\n<td>cinza<\/td>\n<td>2,4kg<\/td>\n<\/tr>\n<\/table>\n<\/div>\n<div class=\"row\">\u00a0<\/div>\n<\/div>\n<\/div>\n<div class=\"product-content-next\">\u00a0<\/div>\n","protected":false},"excerpt":{"rendered":"<p>Constru\u00e7\u00e3o em aluminio. Suportes das canas fosfuorescentes. Regul\u00e1vel em inclina\u00e7\u00e3o. Muito est\u00e1vel.<\/p>\n","protected":false},"featured_media":4678,"comment_status":"open","ping_status":"closed","template":"","meta":[],"product_brand":[],"product_cat":[210,517],"product_tag":[],"class_list":{"0":"post-1468","1":"product","2":"type-product","3":"status-publish","4":"has-post-thumbnail","6":"product_cat-160000-carros-de-pesca-espetos-tripes-e-tabuleiros-de-pesca","7":"product_cat-ideal-pesca","9":"first","10":"instock","11":"taxable","12":"shipping-taxable","13":"purchasable","14":"product-type-variable"},"_links":{"self":[{"href":"https:\/\/idealpesca.com\/loja\/wp-json\/wp\/v2\/product\/1468","targetHints":{"allow":["GET"]}}],"collection":[{"href":"https:\/\/idealpesca.com\/loja\/wp-json\/wp\/v2\/product"}],"about":[{"href":"https:\/\/idealpesca.com\/loja\/wp-json\/wp\/v2\/types\/product"}],"replies":[{"embeddable":true,"href":"https:\/\/idealpesca.com\/loja\/wp-json\/wp\/v2\/comments?post=1468"}],"wp:featuredmedia":[{"embeddable":true,"href":"https:\/\/idealpesca.com\/loja\/wp-json\/wp\/v2\/media\/4678"}],"wp:attachment":[{"href":"https:\/\/idealpesca.com\/loja\/wp-json\/wp\/v2\/media?parent=1468"}],"wp:term":[{"taxonomy":"product_brand","embeddable":true,"href":"https:\/\/idealpesca.com\/loja\/wp-json\/wp\/v2\/product_brand?post=1468"},{"taxonomy":"product_cat","embeddable":true,"href":"https:\/\/idealpesca.com\/loja\/wp-json\/wp\/v2\/product_cat?post=1468"},{"taxonomy":"product_tag","embeddable":true,"href":"https:\/\/idealpesca.com\/loja\/wp-json\/wp\/v2\/product_tag?post=1468"}],"curies":[{"name":"wp","href":"https:\/\/api.w.org\/{rel}","templated":true}]}}