{"id":1465,"date":"2026-03-20T12:17:50","date_gmt":"2026-03-20T12:17:50","guid":{"rendered":"https:\/\/idealpesca.com\/loja\/produto\/linha-technium-invisitec-300-mts-cinza\/"},"modified":"2026-03-20T23:54:25","modified_gmt":"2026-03-20T23:54:25","slug":"linha-technium-invisitec-300-mts-cinza","status":"publish","type":"product","link":"https:\/\/idealpesca.com\/loja\/produto\/linha-technium-invisitec-300-mts-cinza\/","title":{"rendered":"Linha Technium Invisitec 300 mts. CINZA"},"content":{"rendered":"<p><span style=\"font-size: large;color: #000000\"><strong>&#8211; IDEAL PARA LAN\u00c7AMENTOS LONGOS;<\/strong><\/span><\/p>\n<p><span style=\"font-size: large;color: #000000\"><strong>&#8211; LINHA MUITO SUAVE;<\/strong><\/span><\/p>\n<p><span style=\"font-size: large;color: #000000\"><strong>&#8211; BOBINES DE 300 METROS;<\/strong><\/span><\/p>\n<p><span style=\"font-size: large;color: #000000\"><strong>&#8211; C\u00d4R CINZA CLARO;<\/strong><\/span><\/p>\n<table class=\"table bordered js-pswp-gallery\">\n<tr>\n<th>Di\u00e2metro (mm)<\/th>\n<th>Resist\u00eancia<\/th>\n<th>Comp.<\/th>\n<\/tr>\n<tr>\n<td>0.225<\/td>\n<td>5,30 kg<\/td>\n<td>300 m<\/td>\n<\/tr>\n<tr>\n<td>0.255<\/td>\n<td>6,70 kg<\/td>\n<td>300 m<\/td>\n<\/tr>\n<tr>\n<td>0.305<\/td>\n<td>9,00 kg<\/td>\n<td>300 m<\/td>\n<\/tr>\n<tr>\n<td>0.355<\/td>\n<td>12,00 kg<\/td>\n<td>300 m<\/td>\n<\/tr>\n<tr>\n<td>0.405<\/td>\n<td>15,0 kg<\/td>\n<td>300 m<\/td>\n<\/tr>\n<\/table>\n<p><span style=\"font-size: large;color: #000000\"><strong>\u00a0<\/strong><\/span><\/p>\n","protected":false},"excerpt":{"rendered":"<p>&#8211; IDEAL PARA LAN\u00c7AMENTOS LONGOS; &#8211; LINHA MUITO SUAVE; &#8211; BOBINES DE 300 METROS; &#8211; C\u00d4R CINZA CLARO; Di\u00e2metro (mm) Resist\u00eancia Comp. 0.225 5,30 kg 300 m 0.255 6,70 kg 300 m 0.305 9,00 kg 300 m 0.355 12,00 kg 300 m 0.405 15,0 kg 300 m \u00a0<\/p>\n","protected":false},"featured_media":4673,"comment_status":"open","ping_status":"closed","template":"","meta":[],"product_brand":[],"product_cat":[299,316,517],"product_tag":[],"class_list":{"0":"post-1465","1":"product","2":"type-product","3":"status-publish","4":"has-post-thumbnail","6":"product_cat-060200-monofilamento-nylon-250-a-300-metros","7":"product_cat-060209-shimano","8":"product_cat-ideal-pesca","10":"first","11":"instock","12":"taxable","13":"shipping-taxable","14":"purchasable","15":"product-type-variable"},"_links":{"self":[{"href":"https:\/\/idealpesca.com\/loja\/wp-json\/wp\/v2\/product\/1465","targetHints":{"allow":["GET"]}}],"collection":[{"href":"https:\/\/idealpesca.com\/loja\/wp-json\/wp\/v2\/product"}],"about":[{"href":"https:\/\/idealpesca.com\/loja\/wp-json\/wp\/v2\/types\/product"}],"replies":[{"embeddable":true,"href":"https:\/\/idealpesca.com\/loja\/wp-json\/wp\/v2\/comments?post=1465"}],"wp:featuredmedia":[{"embeddable":true,"href":"https:\/\/idealpesca.com\/loja\/wp-json\/wp\/v2\/media\/4673"}],"wp:attachment":[{"href":"https:\/\/idealpesca.com\/loja\/wp-json\/wp\/v2\/media?parent=1465"}],"wp:term":[{"taxonomy":"product_brand","embeddable":true,"href":"https:\/\/idealpesca.com\/loja\/wp-json\/wp\/v2\/product_brand?post=1465"},{"taxonomy":"product_cat","embeddable":true,"href":"https:\/\/idealpesca.com\/loja\/wp-json\/wp\/v2\/product_cat?post=1465"},{"taxonomy":"product_tag","embeddable":true,"href":"https:\/\/idealpesca.com\/loja\/wp-json\/wp\/v2\/product_tag?post=1465"}],"curies":[{"name":"wp","href":"https:\/\/api.w.org\/{rel}","templated":true}]}}